{"id":1260,"date":"2024-09-15T07:16:08","date_gmt":"2024-09-15T07:16:08","guid":{"rendered":"https:\/\/koitik.lt\/akvariumai\/?post_type=product&#038;p=1260"},"modified":"2025-09-29T14:37:34","modified_gmt":"2025-09-29T14:37:34","slug":"terariumas-biorb-air-60","status":"publish","type":"product","link":"https:\/\/koitik.lt\/akvariumai\/produktas\/terariumas-biorb-air-60\/","title":{"rendered":"Terariumas biOrb AIR 60"},"content":{"rendered":"","protected":false},"excerpt":{"rendered":"<p><strong>Apie produkt\u0105<\/strong><\/p>\n<p id=\"tw-target-text\" class=\"tw-data-text tw-text-large tw-ta\" dir=\"ltr\" data-placeholder=\"Vertimas\"><span class=\"Y2IQFc\" lang=\"lt\">Jei ie\u0161kote unikalaus dizaino &#8211; <strong>biOrb AIR 60 terariumas <\/strong>skirtas Jums. \u0160velni\u0173 linij\u0173 dizainas puikiai tiks prie bet kokio interjero. Besi\u016blis ir eleganti\u0161kas biOrb AIR praturtins namus gamtos gyvybe.<\/span><\/p>\n<ul>\n<li dir=\"ltr\" data-placeholder=\"Vertimas\">\n<p id=\"tw-target-text\" class=\"tw-data-text tw-text-large tw-ta\" dir=\"ltr\" data-placeholder=\"Vertimas\">Automati\u0161kai \u012fsijungiantis dr\u0117gm\u0117s palaikymo mechanizmas neleis nukrypti nuo nustatyt\u0173 dr\u0117gm\u0117s rib\u0173 Jums i\u0161vykus. Lengvu vandens pur\u0161kimu augalai sudr\u0117kinami iki pat \u0161akn\u0173.<\/p>\n<\/li>\n<li dir=\"ltr\" data-placeholder=\"Vertimas\">Automatinis dienos ir nakties ap\u0161vietimo ciklas leis j\u016bs\u0173 augalams ir gyvunijai jaustis lyg laukin\u0117je gamtoje.<\/li>\n<\/ul>\n<ul>\n<li dir=\"ltr\" data-placeholder=\"Vertimas\">Vandens talpos kiekio indikatorius pad\u0117s neprarasti dr\u0117gm\u0117s kontrol\u0117s.<\/li>\n<\/ul>\n<p dir=\"ltr\" data-placeholder=\"Vertimas\"><strong>Produkto savyb\u0117s<\/strong><\/p>\n<ul>\n<li><strong>Automatinis terariumas<\/strong> pasi\u016blys Jums vargo nekelian\u010di\u0105 augal\u0173 prie\u017ei\u016br\u0105<\/li>\n<li>Galima auginti sunkiai pri\u017ei\u016brimus egzoti\u0161kus augalus<\/li>\n<li>Dabar galite steb\u0117ti natural\u0173 gamtos pasaul\u012f savo namuose<\/li>\n<li>Nepamir\u0161kite ir\u00a0<strong><span style=\"color: #27453d;\"><a style=\"color: #27453d;\" href=\"https:\/\/koitik.lt\/akvariumai\/produkto-kategorija\/spinteles\/\">terariumo spintel\u0117s<\/a><\/span><\/strong>.<\/li>\n<\/ul>\n","protected":false},"featured_media":1884,"comment_status":"open","ping_status":"closed","template":"","meta":{"_gspb_post_css":""},"product_brand":[148,149],"product_cat":[102],"product_tag":[415],"class_list":{"0":"post-1260","1":"product","2":"type-product","3":"status-publish","4":"has-post-thumbnail","6":"product_brand-biorb","7":"product_brand-oase","8":"product_cat-terariumai","9":"product_tag-air","10":"product_shipping_class-netelpa","12":"first","13":"onbackorder","14":"taxable","15":"shipping-taxable","16":"purchasable","17":"product-type-variable"},"ct_brands":[{"id":148,"name":"biOrb","slug":"biorb"},{"id":149,"name":"OASE","slug":"oase"}],"yoast_head":"<!-- This site is optimized with the Yoast SEO plugin v27.3 - https:\/\/yoast.com\/product\/yoast-seo-wordpress\/ -->\n<title>Terariumas biOrb AIR 60 - Akvariumai namams<\/title>\n<meta name=\"description\" content=\"Jei ie\u0161kote unikalaus dizaino - biOrb AIR 60 terariumas skirtas Jums. \u0160velni\u0173 linij\u0173 dizainas puikiai tiks prie bet kokio interjero.\" \/>\n<meta name=\"robots\" content=\"index, follow, max-snippet:-1, max-image-preview:large, max-video-preview:-1\" \/>\n<link rel=\"canonical\" href=\"https:\/\/koitik.lt\/akvariumai\/produktas\/terariumas-biorb-air-60\/\" \/>\n<meta property=\"og:locale\" content=\"lt_LT\" \/>\n<meta property=\"og:type\" content=\"article\" \/>\n<meta property=\"og:title\" content=\"Terariumas biOrb AIR 60 - Akvariumai namams\" \/>\n<meta property=\"og:description\" content=\"Jei ie\u0161kote unikalaus dizaino - biOrb AIR 60 terariumas skirtas Jums. \u0160velni\u0173 linij\u0173 dizainas puikiai tiks prie bet kokio interjero.\" \/>\n<meta property=\"og:url\" content=\"https:\/\/koitik.lt\/akvariumai\/produktas\/terariumas-biorb-air-60\/\" \/>\n<meta property=\"og:site_name\" content=\"Akvariumai namams\" \/>\n<meta property=\"article:publisher\" content=\"https:\/\/www.facebook.com\/koitik.akvariumai\" \/>\n<meta property=\"article:modified_time\" content=\"2025-09-29T14:37:34+00:00\" \/>\n<meta property=\"og:image\" content=\"https:\/\/koitik.lt\/akvariumai\/wp-content\/uploads\/2024\/09\/terariumas-biorb-air-1-12.webp\" \/>\n\t<meta property=\"og:image:width\" content=\"1260\" \/>\n\t<meta property=\"og:image:height\" content=\"1260\" \/>\n\t<meta property=\"og:image:type\" content=\"image\/webp\" \/>\n<meta name=\"twitter:card\" content=\"summary_large_image\" \/>\n<meta name=\"twitter:label1\" content=\"Est. reading time\" \/>\n\t<meta name=\"twitter:data1\" content=\"1 minut\u0117\" \/>\n<script type=\"application\/ld+json\" class=\"yoast-schema-graph\">{\"@context\":\"https:\\\/\\\/schema.org\",\"@graph\":[{\"@type\":[\"WebPage\",\"ItemPage\"],\"@id\":\"https:\\\/\\\/koitik.lt\\\/akvariumai\\\/produktas\\\/terariumas-biorb-air-60\\\/\",\"url\":\"https:\\\/\\\/koitik.lt\\\/akvariumai\\\/produktas\\\/terariumas-biorb-air-60\\\/\",\"name\":\"Terariumas biOrb AIR 60 - Akvariumai namams\",\"isPartOf\":{\"@id\":\"https:\\\/\\\/koitik.lt\\\/akvariumai\\\/#website\"},\"primaryImageOfPage\":{\"@id\":\"https:\\\/\\\/koitik.lt\\\/akvariumai\\\/produktas\\\/terariumas-biorb-air-60\\\/#primaryimage\"},\"image\":{\"@id\":\"https:\\\/\\\/koitik.lt\\\/akvariumai\\\/produktas\\\/terariumas-biorb-air-60\\\/#primaryimage\"},\"thumbnailUrl\":\"https:\\\/\\\/koitik.lt\\\/akvariumai\\\/wp-content\\\/uploads\\\/2024\\\/09\\\/terariumas-biorb-air-1-12.webp\",\"datePublished\":\"2024-09-15T07:16:08+00:00\",\"dateModified\":\"2025-09-29T14:37:34+00:00\",\"description\":\"Jei ie\u0161kote unikalaus dizaino - biOrb AIR 60 terariumas skirtas Jums. \u0160velni\u0173 linij\u0173 dizainas puikiai tiks prie bet kokio interjero.\",\"breadcrumb\":{\"@id\":\"https:\\\/\\\/koitik.lt\\\/akvariumai\\\/produktas\\\/terariumas-biorb-air-60\\\/#breadcrumb\"},\"inLanguage\":\"lt-LT\",\"potentialAction\":[{\"@type\":\"ReadAction\",\"target\":[\"https:\\\/\\\/koitik.lt\\\/akvariumai\\\/produktas\\\/terariumas-biorb-air-60\\\/\"]}]},{\"@type\":\"ImageObject\",\"inLanguage\":\"lt-LT\",\"@id\":\"https:\\\/\\\/koitik.lt\\\/akvariumai\\\/produktas\\\/terariumas-biorb-air-60\\\/#primaryimage\",\"url\":\"https:\\\/\\\/koitik.lt\\\/akvariumai\\\/wp-content\\\/uploads\\\/2024\\\/09\\\/terariumas-biorb-air-1-12.webp\",\"contentUrl\":\"https:\\\/\\\/koitik.lt\\\/akvariumai\\\/wp-content\\\/uploads\\\/2024\\\/09\\\/terariumas-biorb-air-1-12.webp\",\"width\":1260,\"height\":1260,\"caption\":\"Terariumas biOrb Air\"},{\"@type\":\"BreadcrumbList\",\"@id\":\"https:\\\/\\\/koitik.lt\\\/akvariumai\\\/produktas\\\/terariumas-biorb-air-60\\\/#breadcrumb\",\"itemListElement\":[{\"@type\":\"ListItem\",\"position\":1,\"name\":\"Namai\",\"item\":\"https:\\\/\\\/koitik.lt\\\/akvariumai\\\/\"},{\"@type\":\"ListItem\",\"position\":2,\"name\":\"Parduotuv\u0117\",\"item\":\"https:\\\/\\\/koitik.lt\\\/akvariumai\\\/parduotuve\\\/\"},{\"@type\":\"ListItem\",\"position\":3,\"name\":\"Terariumai\",\"item\":\"https:\\\/\\\/koitik.lt\\\/akvariumai\\\/produkto-kategorija\\\/terariumai\\\/\"},{\"@type\":\"ListItem\",\"position\":4,\"name\":\"Terariumas biOrb AIR 60\"}]},{\"@type\":\"WebSite\",\"@id\":\"https:\\\/\\\/koitik.lt\\\/akvariumai\\\/#website\",\"url\":\"https:\\\/\\\/koitik.lt\\\/akvariumai\\\/\",\"name\":\"koitik\",\"description\":\"Akvariumai\",\"publisher\":{\"@id\":\"https:\\\/\\\/koitik.lt\\\/akvariumai\\\/#organization\"},\"potentialAction\":[{\"@type\":\"SearchAction\",\"target\":{\"@type\":\"EntryPoint\",\"urlTemplate\":\"https:\\\/\\\/koitik.lt\\\/akvariumai\\\/?s={search_term_string}\"},\"query-input\":{\"@type\":\"PropertyValueSpecification\",\"valueRequired\":true,\"valueName\":\"search_term_string\"}}],\"inLanguage\":\"lt-LT\"},{\"@type\":\"Organization\",\"@id\":\"https:\\\/\\\/koitik.lt\\\/akvariumai\\\/#organization\",\"name\":\"Akvariumai\",\"url\":\"https:\\\/\\\/koitik.lt\\\/akvariumai\\\/\",\"logo\":{\"@type\":\"ImageObject\",\"inLanguage\":\"lt-LT\",\"@id\":\"https:\\\/\\\/koitik.lt\\\/akvariumai\\\/#\\\/schema\\\/logo\\\/image\\\/\",\"url\":\"https:\\\/\\\/koitik.lt\\\/akvariumai\\\/wp-content\\\/uploads\\\/2024\\\/09\\\/logo-green.webp\",\"contentUrl\":\"https:\\\/\\\/koitik.lt\\\/akvariumai\\\/wp-content\\\/uploads\\\/2024\\\/09\\\/logo-green.webp\",\"width\":625,\"height\":625,\"caption\":\"Akvariumai\"},\"image\":{\"@id\":\"https:\\\/\\\/koitik.lt\\\/akvariumai\\\/#\\\/schema\\\/logo\\\/image\\\/\"},\"sameAs\":[\"https:\\\/\\\/www.facebook.com\\\/koitik.akvariumai\",\"https:\\\/\\\/www.instagram.com\\\/koitik.akvariumai\\\/\",\"https:\\\/\\\/www.linkedin.com\\\/company\\\/koitik\\\/\",\"https:\\\/\\\/www.youtube.com\\\/@koitik\"]}]}<\/script>\n<!-- \/ Yoast SEO plugin. -->","yoast_head_json":{"title":"Terariumas biOrb AIR 60 - Akvariumai namams","description":"Jei ie\u0161kote unikalaus dizaino - biOrb AIR 60 terariumas skirtas Jums. \u0160velni\u0173 linij\u0173 dizainas puikiai tiks prie bet kokio interjero.","robots":{"index":"index","follow":"follow","max-snippet":"max-snippet:-1","max-image-preview":"max-image-preview:large","max-video-preview":"max-video-preview:-1"},"canonical":"https:\/\/koitik.lt\/akvariumai\/produktas\/terariumas-biorb-air-60\/","og_locale":"lt_LT","og_type":"article","og_title":"Terariumas biOrb AIR 60 - Akvariumai namams","og_description":"Jei ie\u0161kote unikalaus dizaino - biOrb AIR 60 terariumas skirtas Jums. \u0160velni\u0173 linij\u0173 dizainas puikiai tiks prie bet kokio interjero.","og_url":"https:\/\/koitik.lt\/akvariumai\/produktas\/terariumas-biorb-air-60\/","og_site_name":"Akvariumai namams","article_publisher":"https:\/\/www.facebook.com\/koitik.akvariumai","article_modified_time":"2025-09-29T14:37:34+00:00","og_image":[{"width":1260,"height":1260,"url":"https:\/\/koitik.lt\/akvariumai\/wp-content\/uploads\/2024\/09\/terariumas-biorb-air-1-12.webp","type":"image\/webp"}],"twitter_card":"summary_large_image","twitter_misc":{"Est. reading time":"1 minut\u0117"},"schema":{"@context":"https:\/\/schema.org","@graph":[{"@type":["WebPage","ItemPage"],"@id":"https:\/\/koitik.lt\/akvariumai\/produktas\/terariumas-biorb-air-60\/","url":"https:\/\/koitik.lt\/akvariumai\/produktas\/terariumas-biorb-air-60\/","name":"Terariumas biOrb AIR 60 - Akvariumai namams","isPartOf":{"@id":"https:\/\/koitik.lt\/akvariumai\/#website"},"primaryImageOfPage":{"@id":"https:\/\/koitik.lt\/akvariumai\/produktas\/terariumas-biorb-air-60\/#primaryimage"},"image":{"@id":"https:\/\/koitik.lt\/akvariumai\/produktas\/terariumas-biorb-air-60\/#primaryimage"},"thumbnailUrl":"https:\/\/koitik.lt\/akvariumai\/wp-content\/uploads\/2024\/09\/terariumas-biorb-air-1-12.webp","datePublished":"2024-09-15T07:16:08+00:00","dateModified":"2025-09-29T14:37:34+00:00","description":"Jei ie\u0161kote unikalaus dizaino - biOrb AIR 60 terariumas skirtas Jums. \u0160velni\u0173 linij\u0173 dizainas puikiai tiks prie bet kokio interjero.","breadcrumb":{"@id":"https:\/\/koitik.lt\/akvariumai\/produktas\/terariumas-biorb-air-60\/#breadcrumb"},"inLanguage":"lt-LT","potentialAction":[{"@type":"ReadAction","target":["https:\/\/koitik.lt\/akvariumai\/produktas\/terariumas-biorb-air-60\/"]}]},{"@type":"ImageObject","inLanguage":"lt-LT","@id":"https:\/\/koitik.lt\/akvariumai\/produktas\/terariumas-biorb-air-60\/#primaryimage","url":"https:\/\/koitik.lt\/akvariumai\/wp-content\/uploads\/2024\/09\/terariumas-biorb-air-1-12.webp","contentUrl":"https:\/\/koitik.lt\/akvariumai\/wp-content\/uploads\/2024\/09\/terariumas-biorb-air-1-12.webp","width":1260,"height":1260,"caption":"Terariumas biOrb Air"},{"@type":"BreadcrumbList","@id":"https:\/\/koitik.lt\/akvariumai\/produktas\/terariumas-biorb-air-60\/#breadcrumb","itemListElement":[{"@type":"ListItem","position":1,"name":"Namai","item":"https:\/\/koitik.lt\/akvariumai\/"},{"@type":"ListItem","position":2,"name":"Parduotuv\u0117","item":"https:\/\/koitik.lt\/akvariumai\/parduotuve\/"},{"@type":"ListItem","position":3,"name":"Terariumai","item":"https:\/\/koitik.lt\/akvariumai\/produkto-kategorija\/terariumai\/"},{"@type":"ListItem","position":4,"name":"Terariumas biOrb AIR 60"}]},{"@type":"WebSite","@id":"https:\/\/koitik.lt\/akvariumai\/#website","url":"https:\/\/koitik.lt\/akvariumai\/","name":"koitik","description":"Akvariumai","publisher":{"@id":"https:\/\/koitik.lt\/akvariumai\/#organization"},"potentialAction":[{"@type":"SearchAction","target":{"@type":"EntryPoint","urlTemplate":"https:\/\/koitik.lt\/akvariumai\/?s={search_term_string}"},"query-input":{"@type":"PropertyValueSpecification","valueRequired":true,"valueName":"search_term_string"}}],"inLanguage":"lt-LT"},{"@type":"Organization","@id":"https:\/\/koitik.lt\/akvariumai\/#organization","name":"Akvariumai","url":"https:\/\/koitik.lt\/akvariumai\/","logo":{"@type":"ImageObject","inLanguage":"lt-LT","@id":"https:\/\/koitik.lt\/akvariumai\/#\/schema\/logo\/image\/","url":"https:\/\/koitik.lt\/akvariumai\/wp-content\/uploads\/2024\/09\/logo-green.webp","contentUrl":"https:\/\/koitik.lt\/akvariumai\/wp-content\/uploads\/2024\/09\/logo-green.webp","width":625,"height":625,"caption":"Akvariumai"},"image":{"@id":"https:\/\/koitik.lt\/akvariumai\/#\/schema\/logo\/image\/"},"sameAs":["https:\/\/www.facebook.com\/koitik.akvariumai","https:\/\/www.instagram.com\/koitik.akvariumai\/","https:\/\/www.linkedin.com\/company\/koitik\/","https:\/\/www.youtube.com\/@koitik"]}]}},"_links":{"self":[{"href":"https:\/\/koitik.lt\/akvariumai\/wp-json\/wp\/v2\/product\/1260","targetHints":{"allow":["GET"]}}],"collection":[{"href":"https:\/\/koitik.lt\/akvariumai\/wp-json\/wp\/v2\/product"}],"about":[{"href":"https:\/\/koitik.lt\/akvariumai\/wp-json\/wp\/v2\/types\/product"}],"replies":[{"embeddable":true,"href":"https:\/\/koitik.lt\/akvariumai\/wp-json\/wp\/v2\/comments?post=1260"}],"wp:featuredmedia":[{"embeddable":true,"href":"https:\/\/koitik.lt\/akvariumai\/wp-json\/wp\/v2\/media\/1884"}],"wp:attachment":[{"href":"https:\/\/koitik.lt\/akvariumai\/wp-json\/wp\/v2\/media?parent=1260"}],"wp:term":[{"taxonomy":"product_brand","embeddable":true,"href":"https:\/\/koitik.lt\/akvariumai\/wp-json\/wp\/v2\/product_brand?post=1260"},{"taxonomy":"product_cat","embeddable":true,"href":"https:\/\/koitik.lt\/akvariumai\/wp-json\/wp\/v2\/product_cat?post=1260"},{"taxonomy":"product_tag","embeddable":true,"href":"https:\/\/koitik.lt\/akvariumai\/wp-json\/wp\/v2\/product_tag?post=1260"}],"curies":[{"name":"wp","href":"https:\/\/api.w.org\/{rel}","templated":true}]}}