{"id":2022,"date":"2024-09-18T16:41:37","date_gmt":"2024-09-18T16:41:37","guid":{"rendered":"https:\/\/koitik.lt\/akvariumai\/?post_type=product&#038;p=2022"},"modified":"2025-09-29T14:17:55","modified_gmt":"2025-09-29T14:17:55","slug":"akvariumas-biorb-cube-60","status":"publish","type":"product","link":"https:\/\/koitik.lt\/akvariumai\/produktas\/akvariumas-biorb-cube-60\/","title":{"rendered":"Akvariumas biOrb CUBE 60"},"content":{"rendered":"","protected":false},"excerpt":{"rendered":"<p id=\"tw-target-text\" class=\"tw-data-text tw-text-large tw-ta\" dir=\"ltr\" data-placeholder=\"Vertimas\"><span class=\"Y2IQFc\" lang=\"lt\">Jei ie\u0161kote unikalaus dizaino &#8211; <strong>akvariumas biOrb CUBE 60<\/strong> skirtas Jums. \u0160velni\u0173 linij\u0173 dizainas puikiai tiks prie bet kokio interjero. Besi\u016blis ir eleganti\u0161kas biOrb CUBE praturtins namus gamtos gyvybe.<\/span><\/p>\n<ul>\n<li dir=\"ltr\" data-placeholder=\"Vertimas\">\n<p id=\"tw-target-text\" class=\"tw-data-text tw-text-large tw-ta\" dir=\"ltr\" data-placeholder=\"Vertimas\"><span class=\"Y2IQFc\" lang=\"lt\">Vis\u0173 biOrb filtras yra akvariumo dugne &#8211; kur atliekos nat\u016braliai nus\u0117da. Papras\u010diau tariant, filtras veikia ten, kur daugiausiai reikia filtruoti.<\/span><\/p>\n<\/li>\n<li dir=\"ltr\" data-placeholder=\"Vertimas\">Ne\u012ftik\u0117tinai stiprus, i\u0161 akrilo pagamintas stiklas taip pat naudojamas ir l\u0117ktuv\u0173 lang\u0173 gamyboje. \u0160i med\u017eiaga pasi\u017eymi nereg\u0117tu skaidrumu (net 93% pralaiduomas) bei didele \u0161ilumos izoliacija, kas pastato \u0161\u012f produkt\u0105 \u012f energetinio efektyvumo vir\u0161\u016bn\u0119.<\/li>\n<\/ul>\n<p dir=\"ltr\" data-placeholder=\"Vertimas\"><strong>Apie produkt\u0105:<\/strong><\/p>\n<ul>\n<li>Viskas viename. Viskas ko Jums gali prireikti paruo\u0161iant akvariuma atkeliaus viename komplekte.<\/li>\n<li>Galimyb\u0117 pasirinkti su standartiniu ap\u0161vietimu (LED) arba su ap\u0161vietimo pulteliu, leid\u017eian\u010diu pasirinkti ap\u0161vietimo spalv\u0105, intensyvum\u0105 ir intervalus (MCR).<\/li>\n<li>Pasirinkite i\u0161 trij\u0173 galim\u0173 korpuso spalv\u0173: balta, juoda arba permatoma.<\/li>\n<li>Pilnam akvariumo komplektui si\u016blome \u012fsigyti\u00a0<strong><span style=\"color: #27453d;\"><a style=\"color: #27453d;\" href=\"https:\/\/koitik.lt\/akvariumai\/produktas\/akvariumu-dekoracijos-komplektai\/\">akvarium\u0173 dekoracij\u0173 komplektus<\/a><\/span><\/strong> arba\u00a0<strong><span style=\"color: #27453d;\"><a style=\"color: #27453d;\" href=\"https:\/\/koitik.lt\/akvariumai\/produkto-kategorija\/dekoracijos\/\">atskiras dekoracijas<\/a><\/span><\/strong> pasirinktinai.<\/li>\n<li>Nepamir\u0161kite ir\u00a0<span style=\"color: #27453d;\"><a style=\"color: #27453d;\" href=\"https:\/\/koitik.lt\/akvariumai\/produkto-kategorija\/spinteles\/\"><strong>akvariumo spintel\u0117s<\/strong><\/a>.<\/span><\/li>\n<\/ul>\n","protected":false},"featured_media":2021,"comment_status":"open","ping_status":"closed","template":"","meta":{"_gspb_post_css":""},"product_brand":[148],"product_cat":[100],"product_tag":[409],"class_list":{"0":"post-2022","1":"product","2":"type-product","3":"status-publish","4":"has-post-thumbnail","6":"product_brand-biorb","7":"product_cat-akvariumai","8":"product_tag-cube","9":"product_shipping_class-netelpa","11":"first","12":"outofstock","13":"taxable","14":"shipping-taxable","15":"purchasable","16":"product-type-variable"},"ct_brands":[{"id":148,"name":"biOrb","slug":"biorb"}],"yoast_head":"<!-- This site is optimized with the Yoast SEO plugin v27.3 - https:\/\/yoast.com\/product\/yoast-seo-wordpress\/ -->\n<title>Akvariumas biOrb CUBE 60 - Akvariumai namams<\/title>\n<meta name=\"description\" content=\"Jei ie\u0161kote unikalaus dizaino - akvariumas biOrb CUBE 60 skirtas Jums. \u0160velni\u0173 linij\u0173 dizainas puikiai tiks prie bet kokio interjero.\" \/>\n<meta name=\"robots\" content=\"index, follow, max-snippet:-1, max-image-preview:large, max-video-preview:-1\" \/>\n<link rel=\"canonical\" href=\"https:\/\/koitik.lt\/akvariumai\/produktas\/akvariumas-biorb-cube-60\/\" \/>\n<meta property=\"og:locale\" content=\"lt_LT\" \/>\n<meta property=\"og:type\" content=\"article\" \/>\n<meta property=\"og:title\" content=\"Akvariumas biOrb CUBE 60 - Akvariumai namams\" \/>\n<meta property=\"og:description\" content=\"Jei ie\u0161kote unikalaus dizaino - akvariumas biOrb CUBE 60 skirtas Jums. \u0160velni\u0173 linij\u0173 dizainas puikiai tiks prie bet kokio interjero.\" \/>\n<meta property=\"og:url\" content=\"https:\/\/koitik.lt\/akvariumai\/produktas\/akvariumas-biorb-cube-60\/\" \/>\n<meta property=\"og:site_name\" content=\"Akvariumai namams\" \/>\n<meta property=\"article:publisher\" content=\"https:\/\/www.facebook.com\/koitik.akvariumai\" \/>\n<meta property=\"article:modified_time\" content=\"2025-09-29T14:17:55+00:00\" \/>\n<meta property=\"og:image\" content=\"https:\/\/koitik.lt\/akvariumai\/wp-content\/uploads\/2024\/09\/akvariumas-biorb-cube-111-3.webp\" \/>\n\t<meta property=\"og:image:width\" content=\"1260\" \/>\n\t<meta property=\"og:image:height\" content=\"1260\" \/>\n\t<meta property=\"og:image:type\" content=\"image\/webp\" \/>\n<meta name=\"twitter:card\" content=\"summary_large_image\" \/>\n<meta name=\"twitter:label1\" content=\"Est. reading time\" \/>\n\t<meta name=\"twitter:data1\" content=\"1 minut\u0117\" \/>\n<script type=\"application\/ld+json\" class=\"yoast-schema-graph\">{\"@context\":\"https:\\\/\\\/schema.org\",\"@graph\":[{\"@type\":[\"WebPage\",\"ItemPage\"],\"@id\":\"https:\\\/\\\/koitik.lt\\\/akvariumai\\\/produktas\\\/akvariumas-biorb-cube-60\\\/\",\"url\":\"https:\\\/\\\/koitik.lt\\\/akvariumai\\\/produktas\\\/akvariumas-biorb-cube-60\\\/\",\"name\":\"Akvariumas biOrb CUBE 60 - Akvariumai namams\",\"isPartOf\":{\"@id\":\"https:\\\/\\\/koitik.lt\\\/akvariumai\\\/#website\"},\"primaryImageOfPage\":{\"@id\":\"https:\\\/\\\/koitik.lt\\\/akvariumai\\\/produktas\\\/akvariumas-biorb-cube-60\\\/#primaryimage\"},\"image\":{\"@id\":\"https:\\\/\\\/koitik.lt\\\/akvariumai\\\/produktas\\\/akvariumas-biorb-cube-60\\\/#primaryimage\"},\"thumbnailUrl\":\"https:\\\/\\\/koitik.lt\\\/akvariumai\\\/wp-content\\\/uploads\\\/2024\\\/09\\\/akvariumas-biorb-cube-111-3.webp\",\"datePublished\":\"2024-09-18T16:41:37+00:00\",\"dateModified\":\"2025-09-29T14:17:55+00:00\",\"description\":\"Jei ie\u0161kote unikalaus dizaino - akvariumas biOrb CUBE 60 skirtas Jums. \u0160velni\u0173 linij\u0173 dizainas puikiai tiks prie bet kokio interjero.\",\"breadcrumb\":{\"@id\":\"https:\\\/\\\/koitik.lt\\\/akvariumai\\\/produktas\\\/akvariumas-biorb-cube-60\\\/#breadcrumb\"},\"inLanguage\":\"lt-LT\",\"potentialAction\":[{\"@type\":\"ReadAction\",\"target\":[\"https:\\\/\\\/koitik.lt\\\/akvariumai\\\/produktas\\\/akvariumas-biorb-cube-60\\\/\"]}]},{\"@type\":\"ImageObject\",\"inLanguage\":\"lt-LT\",\"@id\":\"https:\\\/\\\/koitik.lt\\\/akvariumai\\\/produktas\\\/akvariumas-biorb-cube-60\\\/#primaryimage\",\"url\":\"https:\\\/\\\/koitik.lt\\\/akvariumai\\\/wp-content\\\/uploads\\\/2024\\\/09\\\/akvariumas-biorb-cube-111-3.webp\",\"contentUrl\":\"https:\\\/\\\/koitik.lt\\\/akvariumai\\\/wp-content\\\/uploads\\\/2024\\\/09\\\/akvariumas-biorb-cube-111-3.webp\",\"width\":1260,\"height\":1260,\"caption\":\"Akvariumas biOrb CUBE\"},{\"@type\":\"BreadcrumbList\",\"@id\":\"https:\\\/\\\/koitik.lt\\\/akvariumai\\\/produktas\\\/akvariumas-biorb-cube-60\\\/#breadcrumb\",\"itemListElement\":[{\"@type\":\"ListItem\",\"position\":1,\"name\":\"Namai\",\"item\":\"https:\\\/\\\/koitik.lt\\\/akvariumai\\\/\"},{\"@type\":\"ListItem\",\"position\":2,\"name\":\"Parduotuv\u0117\",\"item\":\"https:\\\/\\\/koitik.lt\\\/akvariumai\\\/parduotuve\\\/\"},{\"@type\":\"ListItem\",\"position\":3,\"name\":\"Akvariumai\",\"item\":\"https:\\\/\\\/koitik.lt\\\/akvariumai\\\/produkto-kategorija\\\/akvariumai\\\/\"},{\"@type\":\"ListItem\",\"position\":4,\"name\":\"Akvariumas biOrb CUBE 60\"}]},{\"@type\":\"WebSite\",\"@id\":\"https:\\\/\\\/koitik.lt\\\/akvariumai\\\/#website\",\"url\":\"https:\\\/\\\/koitik.lt\\\/akvariumai\\\/\",\"name\":\"koitik\",\"description\":\"Akvariumai\",\"publisher\":{\"@id\":\"https:\\\/\\\/koitik.lt\\\/akvariumai\\\/#organization\"},\"potentialAction\":[{\"@type\":\"SearchAction\",\"target\":{\"@type\":\"EntryPoint\",\"urlTemplate\":\"https:\\\/\\\/koitik.lt\\\/akvariumai\\\/?s={search_term_string}\"},\"query-input\":{\"@type\":\"PropertyValueSpecification\",\"valueRequired\":true,\"valueName\":\"search_term_string\"}}],\"inLanguage\":\"lt-LT\"},{\"@type\":\"Organization\",\"@id\":\"https:\\\/\\\/koitik.lt\\\/akvariumai\\\/#organization\",\"name\":\"Akvariumai\",\"url\":\"https:\\\/\\\/koitik.lt\\\/akvariumai\\\/\",\"logo\":{\"@type\":\"ImageObject\",\"inLanguage\":\"lt-LT\",\"@id\":\"https:\\\/\\\/koitik.lt\\\/akvariumai\\\/#\\\/schema\\\/logo\\\/image\\\/\",\"url\":\"https:\\\/\\\/koitik.lt\\\/akvariumai\\\/wp-content\\\/uploads\\\/2024\\\/09\\\/logo-green.webp\",\"contentUrl\":\"https:\\\/\\\/koitik.lt\\\/akvariumai\\\/wp-content\\\/uploads\\\/2024\\\/09\\\/logo-green.webp\",\"width\":625,\"height\":625,\"caption\":\"Akvariumai\"},\"image\":{\"@id\":\"https:\\\/\\\/koitik.lt\\\/akvariumai\\\/#\\\/schema\\\/logo\\\/image\\\/\"},\"sameAs\":[\"https:\\\/\\\/www.facebook.com\\\/koitik.akvariumai\",\"https:\\\/\\\/www.instagram.com\\\/koitik.akvariumai\\\/\",\"https:\\\/\\\/www.linkedin.com\\\/company\\\/koitik\\\/\",\"https:\\\/\\\/www.youtube.com\\\/@koitik\"]}]}<\/script>\n<!-- \/ Yoast SEO plugin. -->","yoast_head_json":{"title":"Akvariumas biOrb CUBE 60 - Akvariumai namams","description":"Jei ie\u0161kote unikalaus dizaino - akvariumas biOrb CUBE 60 skirtas Jums. \u0160velni\u0173 linij\u0173 dizainas puikiai tiks prie bet kokio interjero.","robots":{"index":"index","follow":"follow","max-snippet":"max-snippet:-1","max-image-preview":"max-image-preview:large","max-video-preview":"max-video-preview:-1"},"canonical":"https:\/\/koitik.lt\/akvariumai\/produktas\/akvariumas-biorb-cube-60\/","og_locale":"lt_LT","og_type":"article","og_title":"Akvariumas biOrb CUBE 60 - Akvariumai namams","og_description":"Jei ie\u0161kote unikalaus dizaino - akvariumas biOrb CUBE 60 skirtas Jums. \u0160velni\u0173 linij\u0173 dizainas puikiai tiks prie bet kokio interjero.","og_url":"https:\/\/koitik.lt\/akvariumai\/produktas\/akvariumas-biorb-cube-60\/","og_site_name":"Akvariumai namams","article_publisher":"https:\/\/www.facebook.com\/koitik.akvariumai","article_modified_time":"2025-09-29T14:17:55+00:00","og_image":[{"width":1260,"height":1260,"url":"https:\/\/koitik.lt\/akvariumai\/wp-content\/uploads\/2024\/09\/akvariumas-biorb-cube-111-3.webp","type":"image\/webp"}],"twitter_card":"summary_large_image","twitter_misc":{"Est. reading time":"1 minut\u0117"},"schema":{"@context":"https:\/\/schema.org","@graph":[{"@type":["WebPage","ItemPage"],"@id":"https:\/\/koitik.lt\/akvariumai\/produktas\/akvariumas-biorb-cube-60\/","url":"https:\/\/koitik.lt\/akvariumai\/produktas\/akvariumas-biorb-cube-60\/","name":"Akvariumas biOrb CUBE 60 - Akvariumai namams","isPartOf":{"@id":"https:\/\/koitik.lt\/akvariumai\/#website"},"primaryImageOfPage":{"@id":"https:\/\/koitik.lt\/akvariumai\/produktas\/akvariumas-biorb-cube-60\/#primaryimage"},"image":{"@id":"https:\/\/koitik.lt\/akvariumai\/produktas\/akvariumas-biorb-cube-60\/#primaryimage"},"thumbnailUrl":"https:\/\/koitik.lt\/akvariumai\/wp-content\/uploads\/2024\/09\/akvariumas-biorb-cube-111-3.webp","datePublished":"2024-09-18T16:41:37+00:00","dateModified":"2025-09-29T14:17:55+00:00","description":"Jei ie\u0161kote unikalaus dizaino - akvariumas biOrb CUBE 60 skirtas Jums. \u0160velni\u0173 linij\u0173 dizainas puikiai tiks prie bet kokio interjero.","breadcrumb":{"@id":"https:\/\/koitik.lt\/akvariumai\/produktas\/akvariumas-biorb-cube-60\/#breadcrumb"},"inLanguage":"lt-LT","potentialAction":[{"@type":"ReadAction","target":["https:\/\/koitik.lt\/akvariumai\/produktas\/akvariumas-biorb-cube-60\/"]}]},{"@type":"ImageObject","inLanguage":"lt-LT","@id":"https:\/\/koitik.lt\/akvariumai\/produktas\/akvariumas-biorb-cube-60\/#primaryimage","url":"https:\/\/koitik.lt\/akvariumai\/wp-content\/uploads\/2024\/09\/akvariumas-biorb-cube-111-3.webp","contentUrl":"https:\/\/koitik.lt\/akvariumai\/wp-content\/uploads\/2024\/09\/akvariumas-biorb-cube-111-3.webp","width":1260,"height":1260,"caption":"Akvariumas biOrb CUBE"},{"@type":"BreadcrumbList","@id":"https:\/\/koitik.lt\/akvariumai\/produktas\/akvariumas-biorb-cube-60\/#breadcrumb","itemListElement":[{"@type":"ListItem","position":1,"name":"Namai","item":"https:\/\/koitik.lt\/akvariumai\/"},{"@type":"ListItem","position":2,"name":"Parduotuv\u0117","item":"https:\/\/koitik.lt\/akvariumai\/parduotuve\/"},{"@type":"ListItem","position":3,"name":"Akvariumai","item":"https:\/\/koitik.lt\/akvariumai\/produkto-kategorija\/akvariumai\/"},{"@type":"ListItem","position":4,"name":"Akvariumas biOrb CUBE 60"}]},{"@type":"WebSite","@id":"https:\/\/koitik.lt\/akvariumai\/#website","url":"https:\/\/koitik.lt\/akvariumai\/","name":"koitik","description":"Akvariumai","publisher":{"@id":"https:\/\/koitik.lt\/akvariumai\/#organization"},"potentialAction":[{"@type":"SearchAction","target":{"@type":"EntryPoint","urlTemplate":"https:\/\/koitik.lt\/akvariumai\/?s={search_term_string}"},"query-input":{"@type":"PropertyValueSpecification","valueRequired":true,"valueName":"search_term_string"}}],"inLanguage":"lt-LT"},{"@type":"Organization","@id":"https:\/\/koitik.lt\/akvariumai\/#organization","name":"Akvariumai","url":"https:\/\/koitik.lt\/akvariumai\/","logo":{"@type":"ImageObject","inLanguage":"lt-LT","@id":"https:\/\/koitik.lt\/akvariumai\/#\/schema\/logo\/image\/","url":"https:\/\/koitik.lt\/akvariumai\/wp-content\/uploads\/2024\/09\/logo-green.webp","contentUrl":"https:\/\/koitik.lt\/akvariumai\/wp-content\/uploads\/2024\/09\/logo-green.webp","width":625,"height":625,"caption":"Akvariumai"},"image":{"@id":"https:\/\/koitik.lt\/akvariumai\/#\/schema\/logo\/image\/"},"sameAs":["https:\/\/www.facebook.com\/koitik.akvariumai","https:\/\/www.instagram.com\/koitik.akvariumai\/","https:\/\/www.linkedin.com\/company\/koitik\/","https:\/\/www.youtube.com\/@koitik"]}]}},"_links":{"self":[{"href":"https:\/\/koitik.lt\/akvariumai\/wp-json\/wp\/v2\/product\/2022","targetHints":{"allow":["GET"]}}],"collection":[{"href":"https:\/\/koitik.lt\/akvariumai\/wp-json\/wp\/v2\/product"}],"about":[{"href":"https:\/\/koitik.lt\/akvariumai\/wp-json\/wp\/v2\/types\/product"}],"replies":[{"embeddable":true,"href":"https:\/\/koitik.lt\/akvariumai\/wp-json\/wp\/v2\/comments?post=2022"}],"wp:featuredmedia":[{"embeddable":true,"href":"https:\/\/koitik.lt\/akvariumai\/wp-json\/wp\/v2\/media\/2021"}],"wp:attachment":[{"href":"https:\/\/koitik.lt\/akvariumai\/wp-json\/wp\/v2\/media?parent=2022"}],"wp:term":[{"taxonomy":"product_brand","embeddable":true,"href":"https:\/\/koitik.lt\/akvariumai\/wp-json\/wp\/v2\/product_brand?post=2022"},{"taxonomy":"product_cat","embeddable":true,"href":"https:\/\/koitik.lt\/akvariumai\/wp-json\/wp\/v2\/product_cat?post=2022"},{"taxonomy":"product_tag","embeddable":true,"href":"https:\/\/koitik.lt\/akvariumai\/wp-json\/wp\/v2\/product_tag?post=2022"}],"curies":[{"name":"wp","href":"https:\/\/api.w.org\/{rel}","templated":true}]}}