{"id":2409,"date":"2024-09-28T14:04:53","date_gmt":"2024-09-28T14:04:53","guid":{"rendered":"https:\/\/koitik.lt\/akvariumai\/?post_type=product&#038;p=2409"},"modified":"2026-03-18T12:45:53","modified_gmt":"2026-03-18T12:45:53","slug":"akvariumo-akmenukai-marmuriniai","status":"publish","type":"product","link":"https:\/\/koitik.lt\/akvariumai\/produktas\/akvariumo-akmenukai-marmuriniai\/","title":{"rendered":"Akvariumo akmenukai (marmuriniai)"},"content":{"rendered":"","protected":false},"excerpt":{"rendered":"<p><strong>Apie produkt\u0105:<\/strong><\/p>\n<ul>\n<li><strong>Akvariumo akmenukai (marmuriniai)<\/strong> &#8211; tai puiki dekoracija, tinkanti visiems OASE biOrb akvariumams.<\/li>\n<li>Galima rinktis i\u0161 4 spalv\u0173, kuri\u0173 dyd\u017eiai svyruoja nuo 2 iki 7 centimetr\u0173.<\/li>\n<li>Tvirtas marmuras yra netoksi\u0161kas, lengvai valomas ir patvarus. I\u0161\u0117mus i\u0161 akvariumo j\u012f paprasta nuplauti ir gr\u0105\u017einti\u00a0 \u012f akvarium\u0105.<\/li>\n<li>Visos biOrb dekoracijos tinkamos tiek g\u0117lo, tiek s\u016braus vandens akvariumams.<\/li>\n<\/ul>\n","protected":false},"featured_media":2428,"comment_status":"open","ping_status":"closed","template":"","meta":{"_gspb_post_css":""},"product_brand":[148,149],"product_cat":[110,228],"product_tag":[],"class_list":{"0":"post-2409","1":"product","2":"type-product","3":"status-publish","4":"has-post-thumbnail","6":"product_brand-biorb","7":"product_brand-oase","8":"product_cat-dekoracijos","9":"product_cat-ornamentai","10":"product_shipping_class-telpa","12":"first","13":"instock","14":"taxable","15":"shipping-taxable","16":"purchasable","17":"product-type-variable"},"ct_brands":[{"id":148,"name":"biOrb","slug":"biorb"},{"id":149,"name":"OASE","slug":"oase"}],"yoast_head":"<!-- This site is optimized with the Yoast SEO plugin v27.4 - https:\/\/yoast.com\/product\/yoast-seo-wordpress\/ -->\n<title>Akvariumo akmenukai (marmuriniai)<\/title>\n<meta name=\"description\" content=\"Akvariumo akmenukai (marmuriniai) - tai puiki dekoracija, tinkanti visiems OASE biOrb akvariumams. Galima rinktis i\u0161 4 spalv\u0173, dyd\u017eiai svyruoja nuo 2-7 cm.\" \/>\n<meta name=\"robots\" content=\"index, follow, max-snippet:-1, max-image-preview:large, max-video-preview:-1\" \/>\n<link rel=\"canonical\" href=\"https:\/\/koitik.lt\/akvariumai\/produktas\/akvariumo-akmenukai-marmuriniai\/\" \/>\n<meta property=\"og:locale\" content=\"lt_LT\" \/>\n<meta property=\"og:type\" content=\"article\" \/>\n<meta property=\"og:title\" content=\"Akvariumo akmenukai (marmuriniai)\" \/>\n<meta property=\"og:description\" content=\"Akvariumo akmenukai (marmuriniai) - tai puiki dekoracija, tinkanti visiems OASE biOrb akvariumams. Galima rinktis i\u0161 4 spalv\u0173, dyd\u017eiai svyruoja nuo 2-7 cm.\" \/>\n<meta property=\"og:url\" content=\"https:\/\/koitik.lt\/akvariumai\/produktas\/akvariumo-akmenukai-marmuriniai\/\" \/>\n<meta property=\"og:site_name\" content=\"Akvariumai namams\" \/>\n<meta property=\"article:publisher\" content=\"https:\/\/www.facebook.com\/koitik.akvariumai\" \/>\n<meta property=\"article:modified_time\" content=\"2026-03-18T12:45:53+00:00\" \/>\n<meta property=\"og:image\" content=\"https:\/\/koitik.lt\/akvariumai\/wp-content\/uploads\/2024\/09\/akvariumo-akmenukai-marmuriniai-17-4.webp\" \/>\n\t<meta property=\"og:image:width\" content=\"1260\" \/>\n\t<meta property=\"og:image:height\" content=\"1260\" \/>\n\t<meta property=\"og:image:type\" content=\"image\/webp\" \/>\n<meta name=\"twitter:card\" content=\"summary_large_image\" \/>\n<meta name=\"twitter:label1\" content=\"Est. reading time\" \/>\n\t<meta name=\"twitter:data1\" content=\"1 minut\u0117\" \/>\n<script type=\"application\/ld+json\" class=\"yoast-schema-graph\">{\"@context\":\"https:\\\/\\\/schema.org\",\"@graph\":[{\"@type\":[\"WebPage\",\"ItemPage\"],\"@id\":\"https:\\\/\\\/koitik.lt\\\/akvariumai\\\/produktas\\\/akvariumo-akmenukai-marmuriniai\\\/\",\"url\":\"https:\\\/\\\/koitik.lt\\\/akvariumai\\\/produktas\\\/akvariumo-akmenukai-marmuriniai\\\/\",\"name\":\"Akvariumo akmenukai (marmuriniai)\",\"isPartOf\":{\"@id\":\"https:\\\/\\\/koitik.lt\\\/akvariumai\\\/#website\"},\"primaryImageOfPage\":{\"@id\":\"https:\\\/\\\/koitik.lt\\\/akvariumai\\\/produktas\\\/akvariumo-akmenukai-marmuriniai\\\/#primaryimage\"},\"image\":{\"@id\":\"https:\\\/\\\/koitik.lt\\\/akvariumai\\\/produktas\\\/akvariumo-akmenukai-marmuriniai\\\/#primaryimage\"},\"thumbnailUrl\":\"https:\\\/\\\/koitik.lt\\\/akvariumai\\\/wp-content\\\/uploads\\\/2024\\\/09\\\/akvariumo-akmenukai-marmuriniai-17-4.webp\",\"datePublished\":\"2024-09-28T14:04:53+00:00\",\"dateModified\":\"2026-03-18T12:45:53+00:00\",\"description\":\"Akvariumo akmenukai (marmuriniai) - tai puiki dekoracija, tinkanti visiems OASE biOrb akvariumams. Galima rinktis i\u0161 4 spalv\u0173, dyd\u017eiai svyruoja nuo 2-7 cm.\",\"breadcrumb\":{\"@id\":\"https:\\\/\\\/koitik.lt\\\/akvariumai\\\/produktas\\\/akvariumo-akmenukai-marmuriniai\\\/#breadcrumb\"},\"inLanguage\":\"lt-LT\",\"potentialAction\":[{\"@type\":\"ReadAction\",\"target\":[\"https:\\\/\\\/koitik.lt\\\/akvariumai\\\/produktas\\\/akvariumo-akmenukai-marmuriniai\\\/\"]}]},{\"@type\":\"ImageObject\",\"inLanguage\":\"lt-LT\",\"@id\":\"https:\\\/\\\/koitik.lt\\\/akvariumai\\\/produktas\\\/akvariumo-akmenukai-marmuriniai\\\/#primaryimage\",\"url\":\"https:\\\/\\\/koitik.lt\\\/akvariumai\\\/wp-content\\\/uploads\\\/2024\\\/09\\\/akvariumo-akmenukai-marmuriniai-17-4.webp\",\"contentUrl\":\"https:\\\/\\\/koitik.lt\\\/akvariumai\\\/wp-content\\\/uploads\\\/2024\\\/09\\\/akvariumo-akmenukai-marmuriniai-17-4.webp\",\"width\":1260,\"height\":1260,\"caption\":\"Akvariumo akmenukai (marmuriniai)\"},{\"@type\":\"BreadcrumbList\",\"@id\":\"https:\\\/\\\/koitik.lt\\\/akvariumai\\\/produktas\\\/akvariumo-akmenukai-marmuriniai\\\/#breadcrumb\",\"itemListElement\":[{\"@type\":\"ListItem\",\"position\":1,\"name\":\"Namai\",\"item\":\"https:\\\/\\\/koitik.lt\\\/akvariumai\\\/\"},{\"@type\":\"ListItem\",\"position\":2,\"name\":\"Parduotuv\u0117\",\"item\":\"https:\\\/\\\/koitik.lt\\\/akvariumai\\\/parduotuve\\\/\"},{\"@type\":\"ListItem\",\"position\":3,\"name\":\"Dekoracijos\",\"item\":\"https:\\\/\\\/koitik.lt\\\/akvariumai\\\/produkto-kategorija\\\/dekoracijos\\\/\"},{\"@type\":\"ListItem\",\"position\":4,\"name\":\"Ornamentai\",\"item\":\"https:\\\/\\\/koitik.lt\\\/akvariumai\\\/produkto-kategorija\\\/dekoracijos\\\/ornamentai\\\/\"},{\"@type\":\"ListItem\",\"position\":5,\"name\":\"Akvariumo akmenukai (marmuriniai)\"}]},{\"@type\":\"WebSite\",\"@id\":\"https:\\\/\\\/koitik.lt\\\/akvariumai\\\/#website\",\"url\":\"https:\\\/\\\/koitik.lt\\\/akvariumai\\\/\",\"name\":\"koitik\",\"description\":\"Akvariumai\",\"publisher\":{\"@id\":\"https:\\\/\\\/koitik.lt\\\/akvariumai\\\/#organization\"},\"potentialAction\":[{\"@type\":\"SearchAction\",\"target\":{\"@type\":\"EntryPoint\",\"urlTemplate\":\"https:\\\/\\\/koitik.lt\\\/akvariumai\\\/?s={search_term_string}\"},\"query-input\":{\"@type\":\"PropertyValueSpecification\",\"valueRequired\":true,\"valueName\":\"search_term_string\"}}],\"inLanguage\":\"lt-LT\"},{\"@type\":\"Organization\",\"@id\":\"https:\\\/\\\/koitik.lt\\\/akvariumai\\\/#organization\",\"name\":\"Akvariumai\",\"url\":\"https:\\\/\\\/koitik.lt\\\/akvariumai\\\/\",\"logo\":{\"@type\":\"ImageObject\",\"inLanguage\":\"lt-LT\",\"@id\":\"https:\\\/\\\/koitik.lt\\\/akvariumai\\\/#\\\/schema\\\/logo\\\/image\\\/\",\"url\":\"https:\\\/\\\/koitik.lt\\\/akvariumai\\\/wp-content\\\/uploads\\\/2024\\\/09\\\/logo-green.webp\",\"contentUrl\":\"https:\\\/\\\/koitik.lt\\\/akvariumai\\\/wp-content\\\/uploads\\\/2024\\\/09\\\/logo-green.webp\",\"width\":625,\"height\":625,\"caption\":\"Akvariumai\"},\"image\":{\"@id\":\"https:\\\/\\\/koitik.lt\\\/akvariumai\\\/#\\\/schema\\\/logo\\\/image\\\/\"},\"sameAs\":[\"https:\\\/\\\/www.facebook.com\\\/koitik.akvariumai\",\"https:\\\/\\\/www.instagram.com\\\/koitik.akvariumai\\\/\",\"https:\\\/\\\/www.linkedin.com\\\/company\\\/koitik\\\/\",\"https:\\\/\\\/www.youtube.com\\\/@koitik\"]}]}<\/script>\n<!-- \/ Yoast SEO plugin. -->","yoast_head_json":{"title":"Akvariumo akmenukai (marmuriniai)","description":"Akvariumo akmenukai (marmuriniai) - tai puiki dekoracija, tinkanti visiems OASE biOrb akvariumams. Galima rinktis i\u0161 4 spalv\u0173, dyd\u017eiai svyruoja nuo 2-7 cm.","robots":{"index":"index","follow":"follow","max-snippet":"max-snippet:-1","max-image-preview":"max-image-preview:large","max-video-preview":"max-video-preview:-1"},"canonical":"https:\/\/koitik.lt\/akvariumai\/produktas\/akvariumo-akmenukai-marmuriniai\/","og_locale":"lt_LT","og_type":"article","og_title":"Akvariumo akmenukai (marmuriniai)","og_description":"Akvariumo akmenukai (marmuriniai) - tai puiki dekoracija, tinkanti visiems OASE biOrb akvariumams. Galima rinktis i\u0161 4 spalv\u0173, dyd\u017eiai svyruoja nuo 2-7 cm.","og_url":"https:\/\/koitik.lt\/akvariumai\/produktas\/akvariumo-akmenukai-marmuriniai\/","og_site_name":"Akvariumai namams","article_publisher":"https:\/\/www.facebook.com\/koitik.akvariumai","article_modified_time":"2026-03-18T12:45:53+00:00","og_image":[{"width":1260,"height":1260,"url":"https:\/\/koitik.lt\/akvariumai\/wp-content\/uploads\/2024\/09\/akvariumo-akmenukai-marmuriniai-17-4.webp","type":"image\/webp"}],"twitter_card":"summary_large_image","twitter_misc":{"Est. reading time":"1 minut\u0117"},"schema":{"@context":"https:\/\/schema.org","@graph":[{"@type":["WebPage","ItemPage"],"@id":"https:\/\/koitik.lt\/akvariumai\/produktas\/akvariumo-akmenukai-marmuriniai\/","url":"https:\/\/koitik.lt\/akvariumai\/produktas\/akvariumo-akmenukai-marmuriniai\/","name":"Akvariumo akmenukai (marmuriniai)","isPartOf":{"@id":"https:\/\/koitik.lt\/akvariumai\/#website"},"primaryImageOfPage":{"@id":"https:\/\/koitik.lt\/akvariumai\/produktas\/akvariumo-akmenukai-marmuriniai\/#primaryimage"},"image":{"@id":"https:\/\/koitik.lt\/akvariumai\/produktas\/akvariumo-akmenukai-marmuriniai\/#primaryimage"},"thumbnailUrl":"https:\/\/koitik.lt\/akvariumai\/wp-content\/uploads\/2024\/09\/akvariumo-akmenukai-marmuriniai-17-4.webp","datePublished":"2024-09-28T14:04:53+00:00","dateModified":"2026-03-18T12:45:53+00:00","description":"Akvariumo akmenukai (marmuriniai) - tai puiki dekoracija, tinkanti visiems OASE biOrb akvariumams. Galima rinktis i\u0161 4 spalv\u0173, dyd\u017eiai svyruoja nuo 2-7 cm.","breadcrumb":{"@id":"https:\/\/koitik.lt\/akvariumai\/produktas\/akvariumo-akmenukai-marmuriniai\/#breadcrumb"},"inLanguage":"lt-LT","potentialAction":[{"@type":"ReadAction","target":["https:\/\/koitik.lt\/akvariumai\/produktas\/akvariumo-akmenukai-marmuriniai\/"]}]},{"@type":"ImageObject","inLanguage":"lt-LT","@id":"https:\/\/koitik.lt\/akvariumai\/produktas\/akvariumo-akmenukai-marmuriniai\/#primaryimage","url":"https:\/\/koitik.lt\/akvariumai\/wp-content\/uploads\/2024\/09\/akvariumo-akmenukai-marmuriniai-17-4.webp","contentUrl":"https:\/\/koitik.lt\/akvariumai\/wp-content\/uploads\/2024\/09\/akvariumo-akmenukai-marmuriniai-17-4.webp","width":1260,"height":1260,"caption":"Akvariumo akmenukai (marmuriniai)"},{"@type":"BreadcrumbList","@id":"https:\/\/koitik.lt\/akvariumai\/produktas\/akvariumo-akmenukai-marmuriniai\/#breadcrumb","itemListElement":[{"@type":"ListItem","position":1,"name":"Namai","item":"https:\/\/koitik.lt\/akvariumai\/"},{"@type":"ListItem","position":2,"name":"Parduotuv\u0117","item":"https:\/\/koitik.lt\/akvariumai\/parduotuve\/"},{"@type":"ListItem","position":3,"name":"Dekoracijos","item":"https:\/\/koitik.lt\/akvariumai\/produkto-kategorija\/dekoracijos\/"},{"@type":"ListItem","position":4,"name":"Ornamentai","item":"https:\/\/koitik.lt\/akvariumai\/produkto-kategorija\/dekoracijos\/ornamentai\/"},{"@type":"ListItem","position":5,"name":"Akvariumo akmenukai (marmuriniai)"}]},{"@type":"WebSite","@id":"https:\/\/koitik.lt\/akvariumai\/#website","url":"https:\/\/koitik.lt\/akvariumai\/","name":"koitik","description":"Akvariumai","publisher":{"@id":"https:\/\/koitik.lt\/akvariumai\/#organization"},"potentialAction":[{"@type":"SearchAction","target":{"@type":"EntryPoint","urlTemplate":"https:\/\/koitik.lt\/akvariumai\/?s={search_term_string}"},"query-input":{"@type":"PropertyValueSpecification","valueRequired":true,"valueName":"search_term_string"}}],"inLanguage":"lt-LT"},{"@type":"Organization","@id":"https:\/\/koitik.lt\/akvariumai\/#organization","name":"Akvariumai","url":"https:\/\/koitik.lt\/akvariumai\/","logo":{"@type":"ImageObject","inLanguage":"lt-LT","@id":"https:\/\/koitik.lt\/akvariumai\/#\/schema\/logo\/image\/","url":"https:\/\/koitik.lt\/akvariumai\/wp-content\/uploads\/2024\/09\/logo-green.webp","contentUrl":"https:\/\/koitik.lt\/akvariumai\/wp-content\/uploads\/2024\/09\/logo-green.webp","width":625,"height":625,"caption":"Akvariumai"},"image":{"@id":"https:\/\/koitik.lt\/akvariumai\/#\/schema\/logo\/image\/"},"sameAs":["https:\/\/www.facebook.com\/koitik.akvariumai","https:\/\/www.instagram.com\/koitik.akvariumai\/","https:\/\/www.linkedin.com\/company\/koitik\/","https:\/\/www.youtube.com\/@koitik"]}]}},"_links":{"self":[{"href":"https:\/\/koitik.lt\/akvariumai\/wp-json\/wp\/v2\/product\/2409","targetHints":{"allow":["GET"]}}],"collection":[{"href":"https:\/\/koitik.lt\/akvariumai\/wp-json\/wp\/v2\/product"}],"about":[{"href":"https:\/\/koitik.lt\/akvariumai\/wp-json\/wp\/v2\/types\/product"}],"replies":[{"embeddable":true,"href":"https:\/\/koitik.lt\/akvariumai\/wp-json\/wp\/v2\/comments?post=2409"}],"wp:featuredmedia":[{"embeddable":true,"href":"https:\/\/koitik.lt\/akvariumai\/wp-json\/wp\/v2\/media\/2428"}],"wp:attachment":[{"href":"https:\/\/koitik.lt\/akvariumai\/wp-json\/wp\/v2\/media?parent=2409"}],"wp:term":[{"taxonomy":"product_brand","embeddable":true,"href":"https:\/\/koitik.lt\/akvariumai\/wp-json\/wp\/v2\/product_brand?post=2409"},{"taxonomy":"product_cat","embeddable":true,"href":"https:\/\/koitik.lt\/akvariumai\/wp-json\/wp\/v2\/product_cat?post=2409"},{"taxonomy":"product_tag","embeddable":true,"href":"https:\/\/koitik.lt\/akvariumai\/wp-json\/wp\/v2\/product_tag?post=2409"}],"curies":[{"name":"wp","href":"https:\/\/api.w.org\/{rel}","templated":true}]}}