{"id":3378,"date":"2024-10-24T08:03:16","date_gmt":"2024-10-24T08:03:16","guid":{"rendered":"https:\/\/koitik.lt\/akvariumai\/?post_type=product&#038;p=3378"},"modified":"2025-09-30T09:04:15","modified_gmt":"2025-09-30T09:04:15","slug":"akvariumo-dekoracija-juros-perlas-ir-rudadumblis-m","status":"publish","type":"product","link":"https:\/\/koitik.lt\/akvariumai\/produktas\/akvariumo-dekoracija-juros-perlas-ir-rudadumblis-m\/","title":{"rendered":"Akvariumo dekoracija &#8211; J\u016bros perlas ir rudadumblis (M)"},"content":{"rendered":"","protected":false},"excerpt":{"rendered":"<p><strong>Apie produkt\u0105:<\/strong><\/p>\n<ul class=\"wp-block-list\">\n<li><strong>Akvariumo dekoracija &#8211; J\u016bros perlas ir rudadumblis (M)<\/strong>\u00a0sukurti taip, kad atkartot\u0173 nat\u016brali\u0105 mi\u0161ko flor\u0105.<\/li>\n<li>Visos biOrb dekoracijos yra lengvai valomos ir suderinamos su g\u0117lavandeniais, tropiniais ir s\u016braus vandens akvariumais.<\/li>\n<li>Dekoracijos yra 20 cm ir 30 cm auk\u0161\u010dio.<\/li>\n<\/ul>\n","protected":false},"featured_media":3381,"comment_status":"open","ping_status":"closed","template":"","meta":{"_gspb_post_css":""},"product_brand":[148,149],"product_cat":[227,110],"product_tag":[433],"class_list":{"0":"post-3378","1":"product","2":"type-product","3":"status-publish","4":"has-post-thumbnail","6":"product_brand-biorb","7":"product_brand-oase","8":"product_cat-augalai","9":"product_cat-dekoracijos","10":"product_tag-dirbtiniai-augalai","11":"product_shipping_class-telpa","13":"first","14":"onbackorder","15":"taxable","16":"shipping-taxable","17":"purchasable","18":"product-type-simple"},"ct_brands":[{"id":148,"name":"biOrb","slug":"biorb"},{"id":149,"name":"OASE","slug":"oase"}],"yoast_head":"<!-- This site is optimized with the Yoast SEO plugin v27.3 - https:\/\/yoast.com\/product\/yoast-seo-wordpress\/ -->\n<title>Akvariumo dekoracija - J\u016bros perlas ir rudadumblis (M)<\/title>\n<meta name=\"description\" content=\"Akvariumo dekoracija - J\u016bros perlas ir rudadumblis (M)\u00a0sukurti taip, kad atkartot\u0173 nat\u016brali\u0105 mi\u0161ko flor\u0105. Visos biOrb dekoracijos yra lengvai valomos ...\" \/>\n<meta name=\"robots\" content=\"index, follow, max-snippet:-1, max-image-preview:large, max-video-preview:-1\" \/>\n<link rel=\"canonical\" href=\"https:\/\/koitik.lt\/akvariumai\/produktas\/akvariumo-dekoracija-juros-perlas-ir-rudadumblis-m\/\" \/>\n<meta property=\"og:locale\" content=\"lt_LT\" \/>\n<meta property=\"og:type\" content=\"article\" \/>\n<meta property=\"og:title\" content=\"Akvariumo dekoracija - J\u016bros perlas ir rudadumblis (M)\" \/>\n<meta property=\"og:description\" content=\"Akvariumo dekoracija - J\u016bros perlas ir rudadumblis (M)\u00a0sukurti taip, kad atkartot\u0173 nat\u016brali\u0105 mi\u0161ko flor\u0105. Visos biOrb dekoracijos yra lengvai valomos ...\" \/>\n<meta property=\"og:url\" content=\"https:\/\/koitik.lt\/akvariumai\/produktas\/akvariumo-dekoracija-juros-perlas-ir-rudadumblis-m\/\" \/>\n<meta property=\"og:site_name\" content=\"Akvariumai namams\" \/>\n<meta property=\"article:publisher\" content=\"https:\/\/www.facebook.com\/koitik.akvariumai\" \/>\n<meta property=\"article:modified_time\" content=\"2025-09-30T09:04:15+00:00\" \/>\n<meta property=\"og:image\" content=\"https:\/\/koitik.lt\/akvariumai\/wp-content\/uploads\/2024\/10\/Akvariumo-dekoracija-Juros-perlas-ir-rudadumblis-3.webp\" \/>\n\t<meta property=\"og:image:width\" content=\"1260\" \/>\n\t<meta property=\"og:image:height\" content=\"1260\" \/>\n\t<meta property=\"og:image:type\" content=\"image\/webp\" \/>\n<meta name=\"twitter:card\" content=\"summary_large_image\" \/>\n<meta name=\"twitter:label1\" content=\"Est. reading time\" \/>\n\t<meta name=\"twitter:data1\" content=\"1 minut\u0117\" \/>\n<script type=\"application\/ld+json\" class=\"yoast-schema-graph\">{\"@context\":\"https:\\\/\\\/schema.org\",\"@graph\":[{\"@type\":[\"WebPage\",\"ItemPage\"],\"@id\":\"https:\\\/\\\/koitik.lt\\\/akvariumai\\\/produktas\\\/akvariumo-dekoracija-juros-perlas-ir-rudadumblis-m\\\/\",\"url\":\"https:\\\/\\\/koitik.lt\\\/akvariumai\\\/produktas\\\/akvariumo-dekoracija-juros-perlas-ir-rudadumblis-m\\\/\",\"name\":\"Akvariumo dekoracija - J\u016bros perlas ir rudadumblis (M)\",\"isPartOf\":{\"@id\":\"https:\\\/\\\/koitik.lt\\\/akvariumai\\\/#website\"},\"primaryImageOfPage\":{\"@id\":\"https:\\\/\\\/koitik.lt\\\/akvariumai\\\/produktas\\\/akvariumo-dekoracija-juros-perlas-ir-rudadumblis-m\\\/#primaryimage\"},\"image\":{\"@id\":\"https:\\\/\\\/koitik.lt\\\/akvariumai\\\/produktas\\\/akvariumo-dekoracija-juros-perlas-ir-rudadumblis-m\\\/#primaryimage\"},\"thumbnailUrl\":\"https:\\\/\\\/koitik.lt\\\/akvariumai\\\/wp-content\\\/uploads\\\/2024\\\/10\\\/Akvariumo-dekoracija-Juros-perlas-ir-rudadumblis-3.webp\",\"datePublished\":\"2024-10-24T08:03:16+00:00\",\"dateModified\":\"2025-09-30T09:04:15+00:00\",\"description\":\"Akvariumo dekoracija - J\u016bros perlas ir rudadumblis (M)\u00a0sukurti taip, kad atkartot\u0173 nat\u016brali\u0105 mi\u0161ko flor\u0105. Visos biOrb dekoracijos yra lengvai valomos ...\",\"breadcrumb\":{\"@id\":\"https:\\\/\\\/koitik.lt\\\/akvariumai\\\/produktas\\\/akvariumo-dekoracija-juros-perlas-ir-rudadumblis-m\\\/#breadcrumb\"},\"inLanguage\":\"lt-LT\",\"potentialAction\":[{\"@type\":\"ReadAction\",\"target\":[\"https:\\\/\\\/koitik.lt\\\/akvariumai\\\/produktas\\\/akvariumo-dekoracija-juros-perlas-ir-rudadumblis-m\\\/\"]}]},{\"@type\":\"ImageObject\",\"inLanguage\":\"lt-LT\",\"@id\":\"https:\\\/\\\/koitik.lt\\\/akvariumai\\\/produktas\\\/akvariumo-dekoracija-juros-perlas-ir-rudadumblis-m\\\/#primaryimage\",\"url\":\"https:\\\/\\\/koitik.lt\\\/akvariumai\\\/wp-content\\\/uploads\\\/2024\\\/10\\\/Akvariumo-dekoracija-Juros-perlas-ir-rudadumblis-3.webp\",\"contentUrl\":\"https:\\\/\\\/koitik.lt\\\/akvariumai\\\/wp-content\\\/uploads\\\/2024\\\/10\\\/Akvariumo-dekoracija-Juros-perlas-ir-rudadumblis-3.webp\",\"width\":1260,\"height\":1260,\"caption\":\"Akvariumo dekoracija J\u016bros perlas ir rudadumblis\"},{\"@type\":\"BreadcrumbList\",\"@id\":\"https:\\\/\\\/koitik.lt\\\/akvariumai\\\/produktas\\\/akvariumo-dekoracija-juros-perlas-ir-rudadumblis-m\\\/#breadcrumb\",\"itemListElement\":[{\"@type\":\"ListItem\",\"position\":1,\"name\":\"Namai\",\"item\":\"https:\\\/\\\/koitik.lt\\\/akvariumai\\\/\"},{\"@type\":\"ListItem\",\"position\":2,\"name\":\"Parduotuv\u0117\",\"item\":\"https:\\\/\\\/koitik.lt\\\/akvariumai\\\/parduotuve\\\/\"},{\"@type\":\"ListItem\",\"position\":3,\"name\":\"Dekoracijos\",\"item\":\"https:\\\/\\\/koitik.lt\\\/akvariumai\\\/produkto-kategorija\\\/dekoracijos\\\/\"},{\"@type\":\"ListItem\",\"position\":4,\"name\":\"Augalai\",\"item\":\"https:\\\/\\\/koitik.lt\\\/akvariumai\\\/produkto-kategorija\\\/dekoracijos\\\/augalai\\\/\"},{\"@type\":\"ListItem\",\"position\":5,\"name\":\"Akvariumo dekoracija &#8211; J\u016bros perlas ir rudadumblis (M)\"}]},{\"@type\":\"WebSite\",\"@id\":\"https:\\\/\\\/koitik.lt\\\/akvariumai\\\/#website\",\"url\":\"https:\\\/\\\/koitik.lt\\\/akvariumai\\\/\",\"name\":\"koitik\",\"description\":\"Akvariumai\",\"publisher\":{\"@id\":\"https:\\\/\\\/koitik.lt\\\/akvariumai\\\/#organization\"},\"potentialAction\":[{\"@type\":\"SearchAction\",\"target\":{\"@type\":\"EntryPoint\",\"urlTemplate\":\"https:\\\/\\\/koitik.lt\\\/akvariumai\\\/?s={search_term_string}\"},\"query-input\":{\"@type\":\"PropertyValueSpecification\",\"valueRequired\":true,\"valueName\":\"search_term_string\"}}],\"inLanguage\":\"lt-LT\"},{\"@type\":\"Organization\",\"@id\":\"https:\\\/\\\/koitik.lt\\\/akvariumai\\\/#organization\",\"name\":\"Akvariumai\",\"url\":\"https:\\\/\\\/koitik.lt\\\/akvariumai\\\/\",\"logo\":{\"@type\":\"ImageObject\",\"inLanguage\":\"lt-LT\",\"@id\":\"https:\\\/\\\/koitik.lt\\\/akvariumai\\\/#\\\/schema\\\/logo\\\/image\\\/\",\"url\":\"https:\\\/\\\/koitik.lt\\\/akvariumai\\\/wp-content\\\/uploads\\\/2024\\\/09\\\/logo-green.webp\",\"contentUrl\":\"https:\\\/\\\/koitik.lt\\\/akvariumai\\\/wp-content\\\/uploads\\\/2024\\\/09\\\/logo-green.webp\",\"width\":625,\"height\":625,\"caption\":\"Akvariumai\"},\"image\":{\"@id\":\"https:\\\/\\\/koitik.lt\\\/akvariumai\\\/#\\\/schema\\\/logo\\\/image\\\/\"},\"sameAs\":[\"https:\\\/\\\/www.facebook.com\\\/koitik.akvariumai\",\"https:\\\/\\\/www.instagram.com\\\/koitik.akvariumai\\\/\",\"https:\\\/\\\/www.linkedin.com\\\/company\\\/koitik\\\/\",\"https:\\\/\\\/www.youtube.com\\\/@koitik\"]}]}<\/script>\n<!-- \/ Yoast SEO plugin. -->","yoast_head_json":{"title":"Akvariumo dekoracija - J\u016bros perlas ir rudadumblis (M)","description":"Akvariumo dekoracija - J\u016bros perlas ir rudadumblis (M)\u00a0sukurti taip, kad atkartot\u0173 nat\u016brali\u0105 mi\u0161ko flor\u0105. Visos biOrb dekoracijos yra lengvai valomos ...","robots":{"index":"index","follow":"follow","max-snippet":"max-snippet:-1","max-image-preview":"max-image-preview:large","max-video-preview":"max-video-preview:-1"},"canonical":"https:\/\/koitik.lt\/akvariumai\/produktas\/akvariumo-dekoracija-juros-perlas-ir-rudadumblis-m\/","og_locale":"lt_LT","og_type":"article","og_title":"Akvariumo dekoracija - J\u016bros perlas ir rudadumblis (M)","og_description":"Akvariumo dekoracija - J\u016bros perlas ir rudadumblis (M)\u00a0sukurti taip, kad atkartot\u0173 nat\u016brali\u0105 mi\u0161ko flor\u0105. Visos biOrb dekoracijos yra lengvai valomos ...","og_url":"https:\/\/koitik.lt\/akvariumai\/produktas\/akvariumo-dekoracija-juros-perlas-ir-rudadumblis-m\/","og_site_name":"Akvariumai namams","article_publisher":"https:\/\/www.facebook.com\/koitik.akvariumai","article_modified_time":"2025-09-30T09:04:15+00:00","og_image":[{"width":1260,"height":1260,"url":"https:\/\/koitik.lt\/akvariumai\/wp-content\/uploads\/2024\/10\/Akvariumo-dekoracija-Juros-perlas-ir-rudadumblis-3.webp","type":"image\/webp"}],"twitter_card":"summary_large_image","twitter_misc":{"Est. reading time":"1 minut\u0117"},"schema":{"@context":"https:\/\/schema.org","@graph":[{"@type":["WebPage","ItemPage"],"@id":"https:\/\/koitik.lt\/akvariumai\/produktas\/akvariumo-dekoracija-juros-perlas-ir-rudadumblis-m\/","url":"https:\/\/koitik.lt\/akvariumai\/produktas\/akvariumo-dekoracija-juros-perlas-ir-rudadumblis-m\/","name":"Akvariumo dekoracija - J\u016bros perlas ir rudadumblis (M)","isPartOf":{"@id":"https:\/\/koitik.lt\/akvariumai\/#website"},"primaryImageOfPage":{"@id":"https:\/\/koitik.lt\/akvariumai\/produktas\/akvariumo-dekoracija-juros-perlas-ir-rudadumblis-m\/#primaryimage"},"image":{"@id":"https:\/\/koitik.lt\/akvariumai\/produktas\/akvariumo-dekoracija-juros-perlas-ir-rudadumblis-m\/#primaryimage"},"thumbnailUrl":"https:\/\/koitik.lt\/akvariumai\/wp-content\/uploads\/2024\/10\/Akvariumo-dekoracija-Juros-perlas-ir-rudadumblis-3.webp","datePublished":"2024-10-24T08:03:16+00:00","dateModified":"2025-09-30T09:04:15+00:00","description":"Akvariumo dekoracija - J\u016bros perlas ir rudadumblis (M)\u00a0sukurti taip, kad atkartot\u0173 nat\u016brali\u0105 mi\u0161ko flor\u0105. Visos biOrb dekoracijos yra lengvai valomos ...","breadcrumb":{"@id":"https:\/\/koitik.lt\/akvariumai\/produktas\/akvariumo-dekoracija-juros-perlas-ir-rudadumblis-m\/#breadcrumb"},"inLanguage":"lt-LT","potentialAction":[{"@type":"ReadAction","target":["https:\/\/koitik.lt\/akvariumai\/produktas\/akvariumo-dekoracija-juros-perlas-ir-rudadumblis-m\/"]}]},{"@type":"ImageObject","inLanguage":"lt-LT","@id":"https:\/\/koitik.lt\/akvariumai\/produktas\/akvariumo-dekoracija-juros-perlas-ir-rudadumblis-m\/#primaryimage","url":"https:\/\/koitik.lt\/akvariumai\/wp-content\/uploads\/2024\/10\/Akvariumo-dekoracija-Juros-perlas-ir-rudadumblis-3.webp","contentUrl":"https:\/\/koitik.lt\/akvariumai\/wp-content\/uploads\/2024\/10\/Akvariumo-dekoracija-Juros-perlas-ir-rudadumblis-3.webp","width":1260,"height":1260,"caption":"Akvariumo dekoracija J\u016bros perlas ir rudadumblis"},{"@type":"BreadcrumbList","@id":"https:\/\/koitik.lt\/akvariumai\/produktas\/akvariumo-dekoracija-juros-perlas-ir-rudadumblis-m\/#breadcrumb","itemListElement":[{"@type":"ListItem","position":1,"name":"Namai","item":"https:\/\/koitik.lt\/akvariumai\/"},{"@type":"ListItem","position":2,"name":"Parduotuv\u0117","item":"https:\/\/koitik.lt\/akvariumai\/parduotuve\/"},{"@type":"ListItem","position":3,"name":"Dekoracijos","item":"https:\/\/koitik.lt\/akvariumai\/produkto-kategorija\/dekoracijos\/"},{"@type":"ListItem","position":4,"name":"Augalai","item":"https:\/\/koitik.lt\/akvariumai\/produkto-kategorija\/dekoracijos\/augalai\/"},{"@type":"ListItem","position":5,"name":"Akvariumo dekoracija &#8211; J\u016bros perlas ir rudadumblis (M)"}]},{"@type":"WebSite","@id":"https:\/\/koitik.lt\/akvariumai\/#website","url":"https:\/\/koitik.lt\/akvariumai\/","name":"koitik","description":"Akvariumai","publisher":{"@id":"https:\/\/koitik.lt\/akvariumai\/#organization"},"potentialAction":[{"@type":"SearchAction","target":{"@type":"EntryPoint","urlTemplate":"https:\/\/koitik.lt\/akvariumai\/?s={search_term_string}"},"query-input":{"@type":"PropertyValueSpecification","valueRequired":true,"valueName":"search_term_string"}}],"inLanguage":"lt-LT"},{"@type":"Organization","@id":"https:\/\/koitik.lt\/akvariumai\/#organization","name":"Akvariumai","url":"https:\/\/koitik.lt\/akvariumai\/","logo":{"@type":"ImageObject","inLanguage":"lt-LT","@id":"https:\/\/koitik.lt\/akvariumai\/#\/schema\/logo\/image\/","url":"https:\/\/koitik.lt\/akvariumai\/wp-content\/uploads\/2024\/09\/logo-green.webp","contentUrl":"https:\/\/koitik.lt\/akvariumai\/wp-content\/uploads\/2024\/09\/logo-green.webp","width":625,"height":625,"caption":"Akvariumai"},"image":{"@id":"https:\/\/koitik.lt\/akvariumai\/#\/schema\/logo\/image\/"},"sameAs":["https:\/\/www.facebook.com\/koitik.akvariumai","https:\/\/www.instagram.com\/koitik.akvariumai\/","https:\/\/www.linkedin.com\/company\/koitik\/","https:\/\/www.youtube.com\/@koitik"]}]}},"_links":{"self":[{"href":"https:\/\/koitik.lt\/akvariumai\/wp-json\/wp\/v2\/product\/3378","targetHints":{"allow":["GET"]}}],"collection":[{"href":"https:\/\/koitik.lt\/akvariumai\/wp-json\/wp\/v2\/product"}],"about":[{"href":"https:\/\/koitik.lt\/akvariumai\/wp-json\/wp\/v2\/types\/product"}],"replies":[{"embeddable":true,"href":"https:\/\/koitik.lt\/akvariumai\/wp-json\/wp\/v2\/comments?post=3378"}],"wp:featuredmedia":[{"embeddable":true,"href":"https:\/\/koitik.lt\/akvariumai\/wp-json\/wp\/v2\/media\/3381"}],"wp:attachment":[{"href":"https:\/\/koitik.lt\/akvariumai\/wp-json\/wp\/v2\/media?parent=3378"}],"wp:term":[{"taxonomy":"product_brand","embeddable":true,"href":"https:\/\/koitik.lt\/akvariumai\/wp-json\/wp\/v2\/product_brand?post=3378"},{"taxonomy":"product_cat","embeddable":true,"href":"https:\/\/koitik.lt\/akvariumai\/wp-json\/wp\/v2\/product_cat?post=3378"},{"taxonomy":"product_tag","embeddable":true,"href":"https:\/\/koitik.lt\/akvariumai\/wp-json\/wp\/v2\/product_tag?post=3378"}],"curies":[{"name":"wp","href":"https:\/\/api.w.org\/{rel}","templated":true}]}}