{"id":4200,"date":"2025-09-03T08:02:44","date_gmt":"2025-09-03T08:02:44","guid":{"rendered":"https:\/\/koitik.lt\/akvariumai\/?post_type=product&#038;p=4200"},"modified":"2025-09-29T14:08:33","modified_gmt":"2025-09-29T14:08:33","slug":"akvariumas-su-spintele-oase-styleline-85-set","status":"publish","type":"product","link":"https:\/\/koitik.lt\/akvariumai\/produktas\/akvariumas-su-spintele-oase-styleline-85-set\/","title":{"rendered":"Akvariumas su spintele OASE StyleLine 85 Set"},"content":{"rendered":"","protected":false},"excerpt":{"rendered":"<p data-start=\"132\" data-end=\"395\">Jei ie\u0161kote modernaus ir eleganti\u0161ko sprendimo \u2013 akvariumas <strong data-start=\"192\" data-end=\"223\">Oase StyleLine 85 Set<\/strong> skirtas Jums. Minimalistinis dizainas puikiai \u012fsilies \u012f bet kur\u012f interjer\u0105, o kartu komplektuojama spintel\u0117 suteiks akvariumui solidumo ir i\u0161skirtinumo.<\/p>\n<p data-start=\"397\" data-end=\"647\">Prakti\u0161kas stumdomas stiklo dangtis leis lengvai pasiekti vid\u0173, o integruota filtravimo ir \u0161ildymo sistema u\u017etikrins, kad vanduo visada b\u016bt\u0173 skaidrus ir tinkamos temperat\u016bros. Paprastai tariant \u2013 Jums lieka tik m\u0117gautis gyvos gamtos gro\u017eiu namuose.<\/p>\n<h3 data-start=\"649\" data-end=\"667\">Apie produkt\u0105:<\/h3>\n<ul data-start=\"668\" data-end=\"1200\">\n<li data-start=\"668\" data-end=\"797\">\n<p data-start=\"670\" data-end=\"797\"><strong data-start=\"670\" data-end=\"698\">Viskas viename komplekte<\/strong> \u2013 akvariumas, stilinga spintel\u0117, vidinis BioPlus Thermo 100 filtras su\u00a0 \u0161ildytuvu ir LED ap\u0161vietimas &#8211; (2 vnt x 8 W) .<\/p>\n<\/li>\n<li data-start=\"798\" data-end=\"894\">\n<p data-start=\"800\" data-end=\"894\"><strong data-start=\"800\" data-end=\"821\">Modernus dizainas<\/strong> \u2013 juoda arba balta spalva, minimalistin\u0117s formos ir prakti\u0161kas stumdomas dangtis.<\/p>\n<\/li>\n<li data-start=\"895\" data-end=\"991\">\n<p data-start=\"897\" data-end=\"991\"><strong data-start=\"897\" data-end=\"917\">Lengva prie\u017ei\u016bra<\/strong> \u2013\u00a0 filtras OASE BioPlus Thermo 100 \u012frengtas akvariumo kampe, kur labiausiai kaupiasi ne\u0161varumai.<\/p>\n<\/li>\n<li data-start=\"992\" data-end=\"1109\">\n<p data-start=\"994\" data-end=\"1109\"><strong data-start=\"994\" data-end=\"1009\">Patikimumas<\/strong> \u2013 auk\u0161tos kokyb\u0117s stiklas, tvirtas stovas su \u201epush-to-open\u201c sistema ir reguliuojamomis kojel\u0117mis.<\/p>\n<\/li>\n<li data-start=\"1110\" data-end=\"1200\">\n<p data-start=\"1112\" data-end=\"1200\"><strong data-start=\"1112\" data-end=\"1121\">Talpa<\/strong> \u2013 75 l, puikiai tinkantis nedidel\u0117ms \u017euvims ir augal\u0173 akvariumams.<\/p>\n<\/li>\n<\/ul>\n","protected":false},"featured_media":4204,"comment_status":"open","ping_status":"closed","template":"","meta":{"_gspb_post_css":""},"product_brand":[149],"product_cat":[100],"product_tag":[404],"class_list":{"0":"post-4200","1":"product","2":"type-product","3":"status-publish","4":"has-post-thumbnail","6":"product_brand-oase","7":"product_cat-akvariumai","8":"product_tag-styleline","9":"product_shipping_class-netelpa","11":"first","12":"onbackorder","13":"taxable","14":"shipping-taxable","15":"purchasable","16":"product-type-variable"},"ct_brands":[{"id":149,"name":"OASE","slug":"oase"}],"yoast_head":"<!-- This site is optimized with the Yoast SEO plugin v27.3 - https:\/\/yoast.com\/product\/yoast-seo-wordpress\/ -->\n<title>Akvariumas su spintele OASE StyleLine 85 Set - Akvariumai namams<\/title>\n<meta name=\"robots\" content=\"index, follow, max-snippet:-1, max-image-preview:large, max-video-preview:-1\" \/>\n<link rel=\"canonical\" href=\"https:\/\/koitik.lt\/akvariumai\/produktas\/akvariumas-su-spintele-oase-styleline-85-set\/\" \/>\n<meta property=\"og:locale\" content=\"lt_LT\" \/>\n<meta property=\"og:type\" content=\"article\" \/>\n<meta property=\"og:title\" content=\"Akvariumas su spintele OASE StyleLine 85 Set - Akvariumai namams\" \/>\n<meta property=\"og:description\" content=\"Jei ie\u0161kote modernaus ir eleganti\u0161ko sprendimo \u2013 akvariumas Oase StyleLine 85 Set skirtas Jums. Minimalistinis dizainas puikiai \u012fsilies \u012f bet kur\u012f interjer\u0105, o kartu komplektuojama spintel\u0117 suteiks akvariumui solidumo ir i\u0161skirtinumo. Prakti\u0161kas stumdomas stiklo dangtis leis lengvai pasiekti vid\u0173, o integruota filtravimo ir \u0161ildymo sistema u\u017etikrins, kad vanduo visada b\u016bt\u0173 skaidrus ir tinkamos temperat\u016bros. Paprastai tariant \u2013 Jums lieka tik m\u0117gautis gyvos gamtos gro\u017eiu namuose.  Apie produkt\u0105:    Viskas viename komplekte \u2013 akvariumas, stilinga spintel\u0117, vidinis BioPlus Thermo 100 filtras su\u00a0 \u0161ildytuvu ir LED ap\u0161vietimas - (2 vnt x 8 W) .    Modernus dizainas \u2013 juoda arba balta spalva, minimalistin\u0117s formos ir prakti\u0161kas stumdomas dangtis.    Lengva prie\u017ei\u016bra \u2013\u00a0 filtras OASE BioPlus Thermo 100 \u012frengtas akvariumo kampe, kur labiausiai kaupiasi ne\u0161varumai.    Patikimumas \u2013 auk\u0161tos kokyb\u0117s stiklas, tvirtas stovas su \u201epush-to-open\u201c sistema ir reguliuojamomis kojel\u0117mis.    Talpa \u2013 75 l, puikiai tinkantis nedidel\u0117ms \u017euvims ir augal\u0173 akvariumams.\" \/>\n<meta property=\"og:url\" content=\"https:\/\/koitik.lt\/akvariumai\/produktas\/akvariumas-su-spintele-oase-styleline-85-set\/\" \/>\n<meta property=\"og:site_name\" content=\"Akvariumai namams\" \/>\n<meta property=\"article:publisher\" content=\"https:\/\/www.facebook.com\/koitik.akvariumai\" \/>\n<meta property=\"article:modified_time\" content=\"2025-09-29T14:08:33+00:00\" \/>\n<meta property=\"og:image\" content=\"https:\/\/koitik.lt\/akvariumai\/wp-content\/uploads\/2025\/09\/Akvariumas-StyleLine-85-white.webp\" \/>\n\t<meta property=\"og:image:width\" content=\"960\" \/>\n\t<meta property=\"og:image:height\" content=\"960\" \/>\n\t<meta property=\"og:image:type\" content=\"image\/webp\" \/>\n<meta name=\"twitter:card\" content=\"summary_large_image\" \/>\n<meta name=\"twitter:label1\" content=\"Est. reading time\" \/>\n\t<meta name=\"twitter:data1\" content=\"1 minut\u0117\" \/>\n<script type=\"application\/ld+json\" class=\"yoast-schema-graph\">{\"@context\":\"https:\\\/\\\/schema.org\",\"@graph\":[{\"@type\":[\"WebPage\",\"ItemPage\"],\"@id\":\"https:\\\/\\\/koitik.lt\\\/akvariumai\\\/produktas\\\/akvariumas-su-spintele-oase-styleline-85-set\\\/\",\"url\":\"https:\\\/\\\/koitik.lt\\\/akvariumai\\\/produktas\\\/akvariumas-su-spintele-oase-styleline-85-set\\\/\",\"name\":\"Akvariumas su spintele OASE StyleLine 85 Set - Akvariumai namams\",\"isPartOf\":{\"@id\":\"https:\\\/\\\/koitik.lt\\\/akvariumai\\\/#website\"},\"primaryImageOfPage\":{\"@id\":\"https:\\\/\\\/koitik.lt\\\/akvariumai\\\/produktas\\\/akvariumas-su-spintele-oase-styleline-85-set\\\/#primaryimage\"},\"image\":{\"@id\":\"https:\\\/\\\/koitik.lt\\\/akvariumai\\\/produktas\\\/akvariumas-su-spintele-oase-styleline-85-set\\\/#primaryimage\"},\"thumbnailUrl\":\"https:\\\/\\\/koitik.lt\\\/akvariumai\\\/wp-content\\\/uploads\\\/2025\\\/09\\\/Akvariumas-StyleLine-85-white.webp\",\"datePublished\":\"2025-09-03T08:02:44+00:00\",\"dateModified\":\"2025-09-29T14:08:33+00:00\",\"breadcrumb\":{\"@id\":\"https:\\\/\\\/koitik.lt\\\/akvariumai\\\/produktas\\\/akvariumas-su-spintele-oase-styleline-85-set\\\/#breadcrumb\"},\"inLanguage\":\"lt-LT\",\"potentialAction\":[{\"@type\":\"ReadAction\",\"target\":[\"https:\\\/\\\/koitik.lt\\\/akvariumai\\\/produktas\\\/akvariumas-su-spintele-oase-styleline-85-set\\\/\"]}]},{\"@type\":\"ImageObject\",\"inLanguage\":\"lt-LT\",\"@id\":\"https:\\\/\\\/koitik.lt\\\/akvariumai\\\/produktas\\\/akvariumas-su-spintele-oase-styleline-85-set\\\/#primaryimage\",\"url\":\"https:\\\/\\\/koitik.lt\\\/akvariumai\\\/wp-content\\\/uploads\\\/2025\\\/09\\\/Akvariumas-StyleLine-85-white.webp\",\"contentUrl\":\"https:\\\/\\\/koitik.lt\\\/akvariumai\\\/wp-content\\\/uploads\\\/2025\\\/09\\\/Akvariumas-StyleLine-85-white.webp\",\"width\":960,\"height\":960,\"caption\":\"Akvariumas StyleLine 85 white\"},{\"@type\":\"BreadcrumbList\",\"@id\":\"https:\\\/\\\/koitik.lt\\\/akvariumai\\\/produktas\\\/akvariumas-su-spintele-oase-styleline-85-set\\\/#breadcrumb\",\"itemListElement\":[{\"@type\":\"ListItem\",\"position\":1,\"name\":\"Namai\",\"item\":\"https:\\\/\\\/koitik.lt\\\/akvariumai\\\/\"},{\"@type\":\"ListItem\",\"position\":2,\"name\":\"Parduotuv\u0117\",\"item\":\"https:\\\/\\\/koitik.lt\\\/akvariumai\\\/parduotuve\\\/\"},{\"@type\":\"ListItem\",\"position\":3,\"name\":\"Akvariumai\",\"item\":\"https:\\\/\\\/koitik.lt\\\/akvariumai\\\/produkto-kategorija\\\/akvariumai\\\/\"},{\"@type\":\"ListItem\",\"position\":4,\"name\":\"Akvariumas su spintele OASE StyleLine 85 Set\"}]},{\"@type\":\"WebSite\",\"@id\":\"https:\\\/\\\/koitik.lt\\\/akvariumai\\\/#website\",\"url\":\"https:\\\/\\\/koitik.lt\\\/akvariumai\\\/\",\"name\":\"koitik\",\"description\":\"Akvariumai\",\"publisher\":{\"@id\":\"https:\\\/\\\/koitik.lt\\\/akvariumai\\\/#organization\"},\"potentialAction\":[{\"@type\":\"SearchAction\",\"target\":{\"@type\":\"EntryPoint\",\"urlTemplate\":\"https:\\\/\\\/koitik.lt\\\/akvariumai\\\/?s={search_term_string}\"},\"query-input\":{\"@type\":\"PropertyValueSpecification\",\"valueRequired\":true,\"valueName\":\"search_term_string\"}}],\"inLanguage\":\"lt-LT\"},{\"@type\":\"Organization\",\"@id\":\"https:\\\/\\\/koitik.lt\\\/akvariumai\\\/#organization\",\"name\":\"Akvariumai\",\"url\":\"https:\\\/\\\/koitik.lt\\\/akvariumai\\\/\",\"logo\":{\"@type\":\"ImageObject\",\"inLanguage\":\"lt-LT\",\"@id\":\"https:\\\/\\\/koitik.lt\\\/akvariumai\\\/#\\\/schema\\\/logo\\\/image\\\/\",\"url\":\"https:\\\/\\\/koitik.lt\\\/akvariumai\\\/wp-content\\\/uploads\\\/2024\\\/09\\\/logo-green.webp\",\"contentUrl\":\"https:\\\/\\\/koitik.lt\\\/akvariumai\\\/wp-content\\\/uploads\\\/2024\\\/09\\\/logo-green.webp\",\"width\":625,\"height\":625,\"caption\":\"Akvariumai\"},\"image\":{\"@id\":\"https:\\\/\\\/koitik.lt\\\/akvariumai\\\/#\\\/schema\\\/logo\\\/image\\\/\"},\"sameAs\":[\"https:\\\/\\\/www.facebook.com\\\/koitik.akvariumai\",\"https:\\\/\\\/www.instagram.com\\\/koitik.akvariumai\\\/\",\"https:\\\/\\\/www.linkedin.com\\\/company\\\/koitik\\\/\",\"https:\\\/\\\/www.youtube.com\\\/@koitik\"]}]}<\/script>\n<!-- \/ Yoast SEO plugin. -->","yoast_head_json":{"title":"Akvariumas su spintele OASE StyleLine 85 Set - Akvariumai namams","robots":{"index":"index","follow":"follow","max-snippet":"max-snippet:-1","max-image-preview":"max-image-preview:large","max-video-preview":"max-video-preview:-1"},"canonical":"https:\/\/koitik.lt\/akvariumai\/produktas\/akvariumas-su-spintele-oase-styleline-85-set\/","og_locale":"lt_LT","og_type":"article","og_title":"Akvariumas su spintele OASE StyleLine 85 Set - Akvariumai namams","og_description":"Jei ie\u0161kote modernaus ir eleganti\u0161ko sprendimo \u2013 akvariumas Oase StyleLine 85 Set skirtas Jums. Minimalistinis dizainas puikiai \u012fsilies \u012f bet kur\u012f interjer\u0105, o kartu komplektuojama spintel\u0117 suteiks akvariumui solidumo ir i\u0161skirtinumo. Prakti\u0161kas stumdomas stiklo dangtis leis lengvai pasiekti vid\u0173, o integruota filtravimo ir \u0161ildymo sistema u\u017etikrins, kad vanduo visada b\u016bt\u0173 skaidrus ir tinkamos temperat\u016bros. Paprastai tariant \u2013 Jums lieka tik m\u0117gautis gyvos gamtos gro\u017eiu namuose.  Apie produkt\u0105:    Viskas viename komplekte \u2013 akvariumas, stilinga spintel\u0117, vidinis BioPlus Thermo 100 filtras su\u00a0 \u0161ildytuvu ir LED ap\u0161vietimas - (2 vnt x 8 W) .    Modernus dizainas \u2013 juoda arba balta spalva, minimalistin\u0117s formos ir prakti\u0161kas stumdomas dangtis.    Lengva prie\u017ei\u016bra \u2013\u00a0 filtras OASE BioPlus Thermo 100 \u012frengtas akvariumo kampe, kur labiausiai kaupiasi ne\u0161varumai.    Patikimumas \u2013 auk\u0161tos kokyb\u0117s stiklas, tvirtas stovas su \u201epush-to-open\u201c sistema ir reguliuojamomis kojel\u0117mis.    Talpa \u2013 75 l, puikiai tinkantis nedidel\u0117ms \u017euvims ir augal\u0173 akvariumams.","og_url":"https:\/\/koitik.lt\/akvariumai\/produktas\/akvariumas-su-spintele-oase-styleline-85-set\/","og_site_name":"Akvariumai namams","article_publisher":"https:\/\/www.facebook.com\/koitik.akvariumai","article_modified_time":"2025-09-29T14:08:33+00:00","og_image":[{"width":960,"height":960,"url":"https:\/\/koitik.lt\/akvariumai\/wp-content\/uploads\/2025\/09\/Akvariumas-StyleLine-85-white.webp","type":"image\/webp"}],"twitter_card":"summary_large_image","twitter_misc":{"Est. reading time":"1 minut\u0117"},"schema":{"@context":"https:\/\/schema.org","@graph":[{"@type":["WebPage","ItemPage"],"@id":"https:\/\/koitik.lt\/akvariumai\/produktas\/akvariumas-su-spintele-oase-styleline-85-set\/","url":"https:\/\/koitik.lt\/akvariumai\/produktas\/akvariumas-su-spintele-oase-styleline-85-set\/","name":"Akvariumas su spintele OASE StyleLine 85 Set - Akvariumai namams","isPartOf":{"@id":"https:\/\/koitik.lt\/akvariumai\/#website"},"primaryImageOfPage":{"@id":"https:\/\/koitik.lt\/akvariumai\/produktas\/akvariumas-su-spintele-oase-styleline-85-set\/#primaryimage"},"image":{"@id":"https:\/\/koitik.lt\/akvariumai\/produktas\/akvariumas-su-spintele-oase-styleline-85-set\/#primaryimage"},"thumbnailUrl":"https:\/\/koitik.lt\/akvariumai\/wp-content\/uploads\/2025\/09\/Akvariumas-StyleLine-85-white.webp","datePublished":"2025-09-03T08:02:44+00:00","dateModified":"2025-09-29T14:08:33+00:00","breadcrumb":{"@id":"https:\/\/koitik.lt\/akvariumai\/produktas\/akvariumas-su-spintele-oase-styleline-85-set\/#breadcrumb"},"inLanguage":"lt-LT","potentialAction":[{"@type":"ReadAction","target":["https:\/\/koitik.lt\/akvariumai\/produktas\/akvariumas-su-spintele-oase-styleline-85-set\/"]}]},{"@type":"ImageObject","inLanguage":"lt-LT","@id":"https:\/\/koitik.lt\/akvariumai\/produktas\/akvariumas-su-spintele-oase-styleline-85-set\/#primaryimage","url":"https:\/\/koitik.lt\/akvariumai\/wp-content\/uploads\/2025\/09\/Akvariumas-StyleLine-85-white.webp","contentUrl":"https:\/\/koitik.lt\/akvariumai\/wp-content\/uploads\/2025\/09\/Akvariumas-StyleLine-85-white.webp","width":960,"height":960,"caption":"Akvariumas StyleLine 85 white"},{"@type":"BreadcrumbList","@id":"https:\/\/koitik.lt\/akvariumai\/produktas\/akvariumas-su-spintele-oase-styleline-85-set\/#breadcrumb","itemListElement":[{"@type":"ListItem","position":1,"name":"Namai","item":"https:\/\/koitik.lt\/akvariumai\/"},{"@type":"ListItem","position":2,"name":"Parduotuv\u0117","item":"https:\/\/koitik.lt\/akvariumai\/parduotuve\/"},{"@type":"ListItem","position":3,"name":"Akvariumai","item":"https:\/\/koitik.lt\/akvariumai\/produkto-kategorija\/akvariumai\/"},{"@type":"ListItem","position":4,"name":"Akvariumas su spintele OASE StyleLine 85 Set"}]},{"@type":"WebSite","@id":"https:\/\/koitik.lt\/akvariumai\/#website","url":"https:\/\/koitik.lt\/akvariumai\/","name":"koitik","description":"Akvariumai","publisher":{"@id":"https:\/\/koitik.lt\/akvariumai\/#organization"},"potentialAction":[{"@type":"SearchAction","target":{"@type":"EntryPoint","urlTemplate":"https:\/\/koitik.lt\/akvariumai\/?s={search_term_string}"},"query-input":{"@type":"PropertyValueSpecification","valueRequired":true,"valueName":"search_term_string"}}],"inLanguage":"lt-LT"},{"@type":"Organization","@id":"https:\/\/koitik.lt\/akvariumai\/#organization","name":"Akvariumai","url":"https:\/\/koitik.lt\/akvariumai\/","logo":{"@type":"ImageObject","inLanguage":"lt-LT","@id":"https:\/\/koitik.lt\/akvariumai\/#\/schema\/logo\/image\/","url":"https:\/\/koitik.lt\/akvariumai\/wp-content\/uploads\/2024\/09\/logo-green.webp","contentUrl":"https:\/\/koitik.lt\/akvariumai\/wp-content\/uploads\/2024\/09\/logo-green.webp","width":625,"height":625,"caption":"Akvariumai"},"image":{"@id":"https:\/\/koitik.lt\/akvariumai\/#\/schema\/logo\/image\/"},"sameAs":["https:\/\/www.facebook.com\/koitik.akvariumai","https:\/\/www.instagram.com\/koitik.akvariumai\/","https:\/\/www.linkedin.com\/company\/koitik\/","https:\/\/www.youtube.com\/@koitik"]}]}},"_links":{"self":[{"href":"https:\/\/koitik.lt\/akvariumai\/wp-json\/wp\/v2\/product\/4200","targetHints":{"allow":["GET"]}}],"collection":[{"href":"https:\/\/koitik.lt\/akvariumai\/wp-json\/wp\/v2\/product"}],"about":[{"href":"https:\/\/koitik.lt\/akvariumai\/wp-json\/wp\/v2\/types\/product"}],"replies":[{"embeddable":true,"href":"https:\/\/koitik.lt\/akvariumai\/wp-json\/wp\/v2\/comments?post=4200"}],"wp:featuredmedia":[{"embeddable":true,"href":"https:\/\/koitik.lt\/akvariumai\/wp-json\/wp\/v2\/media\/4204"}],"wp:attachment":[{"href":"https:\/\/koitik.lt\/akvariumai\/wp-json\/wp\/v2\/media?parent=4200"}],"wp:term":[{"taxonomy":"product_brand","embeddable":true,"href":"https:\/\/koitik.lt\/akvariumai\/wp-json\/wp\/v2\/product_brand?post=4200"},{"taxonomy":"product_cat","embeddable":true,"href":"https:\/\/koitik.lt\/akvariumai\/wp-json\/wp\/v2\/product_cat?post=4200"},{"taxonomy":"product_tag","embeddable":true,"href":"https:\/\/koitik.lt\/akvariumai\/wp-json\/wp\/v2\/product_tag?post=4200"}],"curies":[{"name":"wp","href":"https:\/\/api.w.org\/{rel}","templated":true}]}}