{"id":4265,"date":"2025-09-11T14:57:54","date_gmt":"2025-09-11T14:57:54","guid":{"rendered":"https:\/\/koitik.lt\/akvariumai\/?post_type=product&#038;p=4265"},"modified":"2025-09-29T14:09:10","modified_gmt":"2025-09-29T14:09:10","slug":"akvariumo-komplektas-oase-scaperline-60-set","status":"publish","type":"product","link":"https:\/\/koitik.lt\/akvariumai\/produktas\/akvariumo-komplektas-oase-scaperline-60-set\/","title":{"rendered":"Akvariumo komplektas Oase ScaperLine 60 Set"},"content":{"rendered":"","protected":false},"excerpt":{"rendered":"<p data-start=\"132\" data-end=\"395\">Jei ie\u0161kote minimalistinio ir stilingo akvariumo komplekto, kuris i\u0161siskiria \u0161variu dizainu ir funkcionalumu \u2013 <strong data-start=\"264\" data-end=\"295\">OASE ScaperLine 60 Set<\/strong> yra puikus pasirinkimas. Skirta tiems, kuriems svarbu ne tik estetikos akcentai, bet ir prakti\u0161kumas \u2013 \u0161is komplektas leis m\u0117gautis akvariumo gro\u017eiu be dideli\u0173 r\u016bpes\u010di\u0173.<\/p>\n<h3 data-start=\"472\" data-end=\"490\">Apie produkt\u0105:<\/h3>\n<ul data-start=\"492\" data-end=\"1545\">\n<li data-start=\"492\" data-end=\"673\">\n<p data-start=\"494\" data-end=\"673\"><strong data-start=\"670\" data-end=\"698\">Viskas viename komplekte<\/strong> \u2013 \u012f komplekt\u0105 \u012feina akvariumas ir spintel\u0117 \u2013 abu elementai sukurti harmoningo, vientiso dizaino.<\/p>\n<\/li>\n<li data-start=\"674\" data-end=\"859\">\n<p data-start=\"676\" data-end=\"859\"><strong data-start=\"676\" data-end=\"699\">Vitrininiam vaizdui<\/strong> \u2013 akvariumas pagamintas i\u0161 6 mm storio \u201eOptiwhite\u201c stiklo, kad spalvos b\u016bt\u0173 sodrios, o vaizdas \u2013 itin skaidrus.<\/p>\n<\/li>\n<li data-start=\"860\" data-end=\"1052\">\n<p data-start=\"862\" data-end=\"1052\"><strong data-start=\"862\" data-end=\"894\">Saugus ir eleganti\u0161kas r\u0117mas<\/strong> \u2013 kra\u0161tai kampuoti, su \u0161lifuotomis (bevelled) briaunomis ir tvirtinimais, suteikian\u010diais vientis\u0105 ir prabang\u0173 vaizd\u0105.<\/p>\n<\/li>\n<li data-start=\"1053\" data-end=\"1248\">\n<p data-start=\"1055\" data-end=\"1248\"><strong data-start=\"1055\" data-end=\"1076\">Talpa<\/strong> \u2013 t\u016bris 75 litrai, matmenys ~60 \u00d7 35 \u00d7 35 cm; suteikia pakankamai vietos augalams, dekoracijoms ir \u017euvims.<\/p>\n<\/li>\n<li data-start=\"1249\" data-end=\"1545\">\n<p data-start=\"1251\" data-end=\"1545\"><strong data-start=\"1251\" data-end=\"1266\">Tvirta baz\u0117<\/strong> \u2013 moderni, stilinga spintel\u0117 su \u201epush-to-open\u201c durimis, magnetais dureli\u0173 fiksavimui, stal\u010diumi ar laikikliais akvariumo prie\u017ei\u016bros reikmenims.<\/p>\n<\/li>\n<\/ul>\n","protected":false},"featured_media":4271,"comment_status":"open","ping_status":"closed","template":"","meta":{"_gspb_post_css":""},"product_brand":[149],"product_cat":[100],"product_tag":[405],"class_list":{"0":"post-4265","1":"product","2":"type-product","3":"status-publish","4":"has-post-thumbnail","6":"product_brand-oase","7":"product_cat-akvariumai","8":"product_tag-scaperline","9":"product_shipping_class-netelpa","11":"first","12":"onbackorder","13":"taxable","14":"shipping-taxable","15":"purchasable","16":"product-type-variable"},"ct_brands":[{"id":149,"name":"OASE","slug":"oase"}],"yoast_head":"<!-- This site is optimized with the Yoast SEO plugin v27.3 - https:\/\/yoast.com\/product\/yoast-seo-wordpress\/ -->\n<title>Akvariumo komplektas Oase ScaperLine 60 Set - Akvariumai namams<\/title>\n<meta name=\"description\" content=\"Akvariumas su spintele OASE Styleline 125 \u012fsilies \u012f bet kur\u012f interjer\u0105, o kartu komplektuojama spintel\u0117 suteiks akvariumui solidumo ir i\u0161skirtinumo.\" \/>\n<meta name=\"robots\" content=\"index, follow, max-snippet:-1, max-image-preview:large, max-video-preview:-1\" \/>\n<link rel=\"canonical\" href=\"https:\/\/koitik.lt\/akvariumai\/produktas\/akvariumo-komplektas-oase-scaperline-60-set\/\" \/>\n<meta property=\"og:locale\" content=\"lt_LT\" \/>\n<meta property=\"og:type\" content=\"article\" \/>\n<meta property=\"og:title\" content=\"Akvariumas komplektas Oase ScaperLine 60 Set\" \/>\n<meta property=\"og:description\" content=\"Akvariumas su spintele OASE ScaperLine 60 \u012fsilies \u012f bet kur\u012f interjer\u0105, o kartu komplektuojama spintel\u0117 suteiks akvariumui solidumo ir i\u0161skirtinumo.\" \/>\n<meta property=\"og:url\" content=\"https:\/\/koitik.lt\/akvariumai\/produktas\/akvariumo-komplektas-oase-scaperline-60-set\/\" \/>\n<meta property=\"og:site_name\" content=\"Akvariumai namams\" \/>\n<meta property=\"article:publisher\" content=\"https:\/\/www.facebook.com\/koitik.akvariumai\" \/>\n<meta property=\"article:modified_time\" content=\"2025-09-29T14:09:10+00:00\" \/>\n<meta property=\"og:image\" content=\"https:\/\/koitik.lt\/akvariumai\/wp-content\/uploads\/2025\/09\/ScaperLine-60-blak-Set.webp\" \/>\n\t<meta property=\"og:image:width\" content=\"960\" \/>\n\t<meta property=\"og:image:height\" content=\"960\" \/>\n\t<meta property=\"og:image:type\" content=\"image\/webp\" \/>\n<meta name=\"twitter:card\" content=\"summary_large_image\" \/>\n<meta name=\"twitter:label1\" content=\"Est. reading time\" \/>\n\t<meta name=\"twitter:data1\" content=\"1 minut\u0117\" \/>\n<script type=\"application\/ld+json\" class=\"yoast-schema-graph\">{\"@context\":\"https:\\\/\\\/schema.org\",\"@graph\":[{\"@type\":[\"WebPage\",\"ItemPage\"],\"@id\":\"https:\\\/\\\/koitik.lt\\\/akvariumai\\\/produktas\\\/akvariumo-komplektas-oase-scaperline-60-set\\\/\",\"url\":\"https:\\\/\\\/koitik.lt\\\/akvariumai\\\/produktas\\\/akvariumo-komplektas-oase-scaperline-60-set\\\/\",\"name\":\"Akvariumo komplektas Oase ScaperLine 60 Set - Akvariumai namams\",\"isPartOf\":{\"@id\":\"https:\\\/\\\/koitik.lt\\\/akvariumai\\\/#website\"},\"primaryImageOfPage\":{\"@id\":\"https:\\\/\\\/koitik.lt\\\/akvariumai\\\/produktas\\\/akvariumo-komplektas-oase-scaperline-60-set\\\/#primaryimage\"},\"image\":{\"@id\":\"https:\\\/\\\/koitik.lt\\\/akvariumai\\\/produktas\\\/akvariumo-komplektas-oase-scaperline-60-set\\\/#primaryimage\"},\"thumbnailUrl\":\"https:\\\/\\\/koitik.lt\\\/akvariumai\\\/wp-content\\\/uploads\\\/2025\\\/09\\\/ScaperLine-60-blak-Set.webp\",\"datePublished\":\"2025-09-11T14:57:54+00:00\",\"dateModified\":\"2025-09-29T14:09:10+00:00\",\"description\":\"Akvariumas su spintele OASE Styleline 125 \u012fsilies \u012f bet kur\u012f interjer\u0105, o kartu komplektuojama spintel\u0117 suteiks akvariumui solidumo ir i\u0161skirtinumo.\",\"breadcrumb\":{\"@id\":\"https:\\\/\\\/koitik.lt\\\/akvariumai\\\/produktas\\\/akvariumo-komplektas-oase-scaperline-60-set\\\/#breadcrumb\"},\"inLanguage\":\"lt-LT\",\"potentialAction\":[{\"@type\":\"ReadAction\",\"target\":[\"https:\\\/\\\/koitik.lt\\\/akvariumai\\\/produktas\\\/akvariumo-komplektas-oase-scaperline-60-set\\\/\"]}]},{\"@type\":\"ImageObject\",\"inLanguage\":\"lt-LT\",\"@id\":\"https:\\\/\\\/koitik.lt\\\/akvariumai\\\/produktas\\\/akvariumo-komplektas-oase-scaperline-60-set\\\/#primaryimage\",\"url\":\"https:\\\/\\\/koitik.lt\\\/akvariumai\\\/wp-content\\\/uploads\\\/2025\\\/09\\\/ScaperLine-60-blak-Set.webp\",\"contentUrl\":\"https:\\\/\\\/koitik.lt\\\/akvariumai\\\/wp-content\\\/uploads\\\/2025\\\/09\\\/ScaperLine-60-blak-Set.webp\",\"width\":960,\"height\":960,\"caption\":\"Akvariumo komplektas ScaperLine 60 blak Set\"},{\"@type\":\"BreadcrumbList\",\"@id\":\"https:\\\/\\\/koitik.lt\\\/akvariumai\\\/produktas\\\/akvariumo-komplektas-oase-scaperline-60-set\\\/#breadcrumb\",\"itemListElement\":[{\"@type\":\"ListItem\",\"position\":1,\"name\":\"Namai\",\"item\":\"https:\\\/\\\/koitik.lt\\\/akvariumai\\\/\"},{\"@type\":\"ListItem\",\"position\":2,\"name\":\"Parduotuv\u0117\",\"item\":\"https:\\\/\\\/koitik.lt\\\/akvariumai\\\/parduotuve\\\/\"},{\"@type\":\"ListItem\",\"position\":3,\"name\":\"Akvariumai\",\"item\":\"https:\\\/\\\/koitik.lt\\\/akvariumai\\\/produkto-kategorija\\\/akvariumai\\\/\"},{\"@type\":\"ListItem\",\"position\":4,\"name\":\"Akvariumo komplektas Oase ScaperLine 60 Set\"}]},{\"@type\":\"WebSite\",\"@id\":\"https:\\\/\\\/koitik.lt\\\/akvariumai\\\/#website\",\"url\":\"https:\\\/\\\/koitik.lt\\\/akvariumai\\\/\",\"name\":\"koitik\",\"description\":\"Akvariumai\",\"publisher\":{\"@id\":\"https:\\\/\\\/koitik.lt\\\/akvariumai\\\/#organization\"},\"potentialAction\":[{\"@type\":\"SearchAction\",\"target\":{\"@type\":\"EntryPoint\",\"urlTemplate\":\"https:\\\/\\\/koitik.lt\\\/akvariumai\\\/?s={search_term_string}\"},\"query-input\":{\"@type\":\"PropertyValueSpecification\",\"valueRequired\":true,\"valueName\":\"search_term_string\"}}],\"inLanguage\":\"lt-LT\"},{\"@type\":\"Organization\",\"@id\":\"https:\\\/\\\/koitik.lt\\\/akvariumai\\\/#organization\",\"name\":\"Akvariumai\",\"url\":\"https:\\\/\\\/koitik.lt\\\/akvariumai\\\/\",\"logo\":{\"@type\":\"ImageObject\",\"inLanguage\":\"lt-LT\",\"@id\":\"https:\\\/\\\/koitik.lt\\\/akvariumai\\\/#\\\/schema\\\/logo\\\/image\\\/\",\"url\":\"https:\\\/\\\/koitik.lt\\\/akvariumai\\\/wp-content\\\/uploads\\\/2024\\\/09\\\/logo-green.webp\",\"contentUrl\":\"https:\\\/\\\/koitik.lt\\\/akvariumai\\\/wp-content\\\/uploads\\\/2024\\\/09\\\/logo-green.webp\",\"width\":625,\"height\":625,\"caption\":\"Akvariumai\"},\"image\":{\"@id\":\"https:\\\/\\\/koitik.lt\\\/akvariumai\\\/#\\\/schema\\\/logo\\\/image\\\/\"},\"sameAs\":[\"https:\\\/\\\/www.facebook.com\\\/koitik.akvariumai\",\"https:\\\/\\\/www.instagram.com\\\/koitik.akvariumai\\\/\",\"https:\\\/\\\/www.linkedin.com\\\/company\\\/koitik\\\/\",\"https:\\\/\\\/www.youtube.com\\\/@koitik\"]}]}<\/script>\n<!-- \/ Yoast SEO plugin. -->","yoast_head_json":{"title":"Akvariumo komplektas Oase ScaperLine 60 Set - Akvariumai namams","description":"Akvariumas su spintele OASE Styleline 125 \u012fsilies \u012f bet kur\u012f interjer\u0105, o kartu komplektuojama spintel\u0117 suteiks akvariumui solidumo ir i\u0161skirtinumo.","robots":{"index":"index","follow":"follow","max-snippet":"max-snippet:-1","max-image-preview":"max-image-preview:large","max-video-preview":"max-video-preview:-1"},"canonical":"https:\/\/koitik.lt\/akvariumai\/produktas\/akvariumo-komplektas-oase-scaperline-60-set\/","og_locale":"lt_LT","og_type":"article","og_title":"Akvariumas komplektas Oase ScaperLine 60 Set","og_description":"Akvariumas su spintele OASE ScaperLine 60 \u012fsilies \u012f bet kur\u012f interjer\u0105, o kartu komplektuojama spintel\u0117 suteiks akvariumui solidumo ir i\u0161skirtinumo.","og_url":"https:\/\/koitik.lt\/akvariumai\/produktas\/akvariumo-komplektas-oase-scaperline-60-set\/","og_site_name":"Akvariumai namams","article_publisher":"https:\/\/www.facebook.com\/koitik.akvariumai","article_modified_time":"2025-09-29T14:09:10+00:00","og_image":[{"width":960,"height":960,"url":"https:\/\/koitik.lt\/akvariumai\/wp-content\/uploads\/2025\/09\/ScaperLine-60-blak-Set.webp","type":"image\/webp"}],"twitter_card":"summary_large_image","twitter_misc":{"Est. reading time":"1 minut\u0117"},"schema":{"@context":"https:\/\/schema.org","@graph":[{"@type":["WebPage","ItemPage"],"@id":"https:\/\/koitik.lt\/akvariumai\/produktas\/akvariumo-komplektas-oase-scaperline-60-set\/","url":"https:\/\/koitik.lt\/akvariumai\/produktas\/akvariumo-komplektas-oase-scaperline-60-set\/","name":"Akvariumo komplektas Oase ScaperLine 60 Set - Akvariumai namams","isPartOf":{"@id":"https:\/\/koitik.lt\/akvariumai\/#website"},"primaryImageOfPage":{"@id":"https:\/\/koitik.lt\/akvariumai\/produktas\/akvariumo-komplektas-oase-scaperline-60-set\/#primaryimage"},"image":{"@id":"https:\/\/koitik.lt\/akvariumai\/produktas\/akvariumo-komplektas-oase-scaperline-60-set\/#primaryimage"},"thumbnailUrl":"https:\/\/koitik.lt\/akvariumai\/wp-content\/uploads\/2025\/09\/ScaperLine-60-blak-Set.webp","datePublished":"2025-09-11T14:57:54+00:00","dateModified":"2025-09-29T14:09:10+00:00","description":"Akvariumas su spintele OASE Styleline 125 \u012fsilies \u012f bet kur\u012f interjer\u0105, o kartu komplektuojama spintel\u0117 suteiks akvariumui solidumo ir i\u0161skirtinumo.","breadcrumb":{"@id":"https:\/\/koitik.lt\/akvariumai\/produktas\/akvariumo-komplektas-oase-scaperline-60-set\/#breadcrumb"},"inLanguage":"lt-LT","potentialAction":[{"@type":"ReadAction","target":["https:\/\/koitik.lt\/akvariumai\/produktas\/akvariumo-komplektas-oase-scaperline-60-set\/"]}]},{"@type":"ImageObject","inLanguage":"lt-LT","@id":"https:\/\/koitik.lt\/akvariumai\/produktas\/akvariumo-komplektas-oase-scaperline-60-set\/#primaryimage","url":"https:\/\/koitik.lt\/akvariumai\/wp-content\/uploads\/2025\/09\/ScaperLine-60-blak-Set.webp","contentUrl":"https:\/\/koitik.lt\/akvariumai\/wp-content\/uploads\/2025\/09\/ScaperLine-60-blak-Set.webp","width":960,"height":960,"caption":"Akvariumo komplektas ScaperLine 60 blak Set"},{"@type":"BreadcrumbList","@id":"https:\/\/koitik.lt\/akvariumai\/produktas\/akvariumo-komplektas-oase-scaperline-60-set\/#breadcrumb","itemListElement":[{"@type":"ListItem","position":1,"name":"Namai","item":"https:\/\/koitik.lt\/akvariumai\/"},{"@type":"ListItem","position":2,"name":"Parduotuv\u0117","item":"https:\/\/koitik.lt\/akvariumai\/parduotuve\/"},{"@type":"ListItem","position":3,"name":"Akvariumai","item":"https:\/\/koitik.lt\/akvariumai\/produkto-kategorija\/akvariumai\/"},{"@type":"ListItem","position":4,"name":"Akvariumo komplektas Oase ScaperLine 60 Set"}]},{"@type":"WebSite","@id":"https:\/\/koitik.lt\/akvariumai\/#website","url":"https:\/\/koitik.lt\/akvariumai\/","name":"koitik","description":"Akvariumai","publisher":{"@id":"https:\/\/koitik.lt\/akvariumai\/#organization"},"potentialAction":[{"@type":"SearchAction","target":{"@type":"EntryPoint","urlTemplate":"https:\/\/koitik.lt\/akvariumai\/?s={search_term_string}"},"query-input":{"@type":"PropertyValueSpecification","valueRequired":true,"valueName":"search_term_string"}}],"inLanguage":"lt-LT"},{"@type":"Organization","@id":"https:\/\/koitik.lt\/akvariumai\/#organization","name":"Akvariumai","url":"https:\/\/koitik.lt\/akvariumai\/","logo":{"@type":"ImageObject","inLanguage":"lt-LT","@id":"https:\/\/koitik.lt\/akvariumai\/#\/schema\/logo\/image\/","url":"https:\/\/koitik.lt\/akvariumai\/wp-content\/uploads\/2024\/09\/logo-green.webp","contentUrl":"https:\/\/koitik.lt\/akvariumai\/wp-content\/uploads\/2024\/09\/logo-green.webp","width":625,"height":625,"caption":"Akvariumai"},"image":{"@id":"https:\/\/koitik.lt\/akvariumai\/#\/schema\/logo\/image\/"},"sameAs":["https:\/\/www.facebook.com\/koitik.akvariumai","https:\/\/www.instagram.com\/koitik.akvariumai\/","https:\/\/www.linkedin.com\/company\/koitik\/","https:\/\/www.youtube.com\/@koitik"]}]}},"_links":{"self":[{"href":"https:\/\/koitik.lt\/akvariumai\/wp-json\/wp\/v2\/product\/4265","targetHints":{"allow":["GET"]}}],"collection":[{"href":"https:\/\/koitik.lt\/akvariumai\/wp-json\/wp\/v2\/product"}],"about":[{"href":"https:\/\/koitik.lt\/akvariumai\/wp-json\/wp\/v2\/types\/product"}],"replies":[{"embeddable":true,"href":"https:\/\/koitik.lt\/akvariumai\/wp-json\/wp\/v2\/comments?post=4265"}],"wp:featuredmedia":[{"embeddable":true,"href":"https:\/\/koitik.lt\/akvariumai\/wp-json\/wp\/v2\/media\/4271"}],"wp:attachment":[{"href":"https:\/\/koitik.lt\/akvariumai\/wp-json\/wp\/v2\/media?parent=4265"}],"wp:term":[{"taxonomy":"product_brand","embeddable":true,"href":"https:\/\/koitik.lt\/akvariumai\/wp-json\/wp\/v2\/product_brand?post=4265"},{"taxonomy":"product_cat","embeddable":true,"href":"https:\/\/koitik.lt\/akvariumai\/wp-json\/wp\/v2\/product_cat?post=4265"},{"taxonomy":"product_tag","embeddable":true,"href":"https:\/\/koitik.lt\/akvariumai\/wp-json\/wp\/v2\/product_tag?post=4265"}],"curies":[{"name":"wp","href":"https:\/\/api.w.org\/{rel}","templated":true}]}}