{"id":4301,"date":"2025-09-15T14:15:25","date_gmt":"2025-09-15T14:15:25","guid":{"rendered":"https:\/\/koitik.lt\/akvariumai\/?post_type=product&#038;p=4301"},"modified":"2025-09-29T14:28:56","modified_gmt":"2025-09-29T14:28:56","slug":"mini-terariumas-bioart-bowl-225","status":"publish","type":"product","link":"https:\/\/koitik.lt\/akvariumai\/produktas\/mini-terariumas-bioart-bowl-225\/","title":{"rendered":"Mini terariumas BioArt Bowl 225"},"content":{"rendered":"","protected":false},"excerpt":{"rendered":"<p data-start=\"239\" data-end=\"579\">Mini terariumas <strong data-start=\"227\" data-end=\"252\">BIOART Bowl 225 &#8211;<\/strong> eleganti\u0161kas ir modernus stiklinis kupolas, skirtas sukurti nuostabius mini kra\u0161tovaizd\u017eius su dr\u0117gm\u0119 m\u0117gstan\u010diomis augal\u0173 r\u016b\u0161imis. Eleganti\u0161kas stiklinis kupolas pagamintas i\u0161 auk\u0161tos kokyb\u0117s stiklo, su integruotu LED ap\u0161vietimu, laikma\u010diu ir reguliuojama ventiliacija. Tai puikus sprendimas dr\u0117gm\u0119 m\u0117gstantiems augalams \u2013 sukuriamos optimalios augimo s\u0105lygos bei jauki aplinkos \u0161viesa j\u016bs\u0173 interjere.<\/p>\n<p><strong>Produkto komplektacija:<\/strong><\/p>\n<ul data-start=\"122\" data-end=\"617\">\n<li data-start=\"122\" data-end=\"226\">\n<p data-start=\"124\" data-end=\"226\"><strong data-start=\"124\" data-end=\"138\">Valdiklis<\/strong>\u00a0\u2013 integruotas i\u0161manus laikmatis (3\/9\/12 val.) su 10 \u017eingsni\u0173 \u0161viesumo reguliatoriumi.<\/p>\n<\/li>\n<li data-start=\"227\" data-end=\"279\">\n<p data-start=\"229\" data-end=\"279\"><strong data-start=\"229\" data-end=\"236\">Jungtis<\/strong>\u00a0\u2013 komplekte yra USB laidas su adapteriu.<\/p>\n<\/li>\n<li data-start=\"280\" data-end=\"335\">\n<p data-start=\"282\" data-end=\"335\"><strong data-start=\"282\" data-end=\"297\">Stiklinis gaubtas<\/strong> \u2013 auk\u0161tos kokyb\u0117s skaidrus stiklas.<\/p>\n<\/li>\n<li data-start=\"336\" data-end=\"425\">\n<p data-start=\"338\" data-end=\"425\"><strong data-start=\"338\" data-end=\"354\">LED ap\u0161vietimas<\/strong>\u00a0\u2013 integruotas LED ap\u0161vietimas, imituojantis nat\u016brali\u0105 dienos \u0161vies\u0105.<\/p>\n<\/li>\n<li data-start=\"426\" data-end=\"523\">\n<p data-start=\"428\" data-end=\"523\"><strong data-start=\"428\" data-end=\"439\">Ventiliatorius<\/strong> \u2013 tyliai veikiantis ventiliatorius LED au\u0161inimui (ilgas tarnavimo laikas iki 30 000 val.).<\/p>\n<\/li>\n<li data-start=\"524\" data-end=\"617\">\n<p data-start=\"526\" data-end=\"617\"><b>Oro valdiklis <\/b>\u2013 dangtyje yra reguliuojamos angos, leid\u017eian\u010dios kontroliuoti dr\u0117gm\u0119.<\/p>\n<\/li>\n<\/ul>\n<p data-start=\"619\" data-end=\"704\">Pastaba: augalai, substratas ir dekoracijos n\u0117ra \u012ftraukti \u2013 juos reikia \u012fsigyti atskirai.<\/p>\n<p data-start=\"239\" data-end=\"579\">\n","protected":false},"featured_media":4311,"comment_status":"open","ping_status":"closed","template":"","meta":{"_gspb_post_css":""},"product_brand":[370],"product_cat":[102],"product_tag":[413],"class_list":{"0":"post-4301","1":"product","2":"type-product","3":"status-publish","4":"has-post-thumbnail","6":"product_brand-bioart","7":"product_cat-terariumai","8":"product_tag-bowl","9":"product_shipping_class-telpa","11":"first","12":"onbackorder","13":"taxable","14":"shipping-taxable","15":"purchasable","16":"product-type-variable"},"ct_brands":[{"id":370,"name":"BioArt","slug":"bioart"}],"yoast_head":"<!-- This site is optimized with the Yoast SEO plugin v27.4 - https:\/\/yoast.com\/product\/yoast-seo-wordpress\/ -->\n<title>Mini terariumas BioArt Bowl 225 - Akvariumai namams<\/title>\n<meta name=\"description\" content=\"Mini terariumas BIOART Bowl 225 - eleganti\u0161kas ir modernus stiklinis kupolas, skirtas sukurti nuostabius mini kra\u0161tovaizd\u017eius.\" \/>\n<meta name=\"robots\" content=\"index, follow, max-snippet:-1, max-image-preview:large, max-video-preview:-1\" \/>\n<link rel=\"canonical\" href=\"https:\/\/koitik.lt\/akvariumai\/produktas\/mini-terariumas-bioart-bowl-225\/\" \/>\n<meta property=\"og:locale\" content=\"lt_LT\" \/>\n<meta property=\"og:type\" content=\"article\" \/>\n<meta property=\"og:title\" content=\"Mini terariumas\" \/>\n<meta property=\"og:description\" content=\"Mini terariumas BIOART Cylinder 285 \u2013 eleganti\u0161kas ir modernus stiklinis cilindras, skirtas sukurti nuostabius mini kra\u0161tovaizd\u017eius su augalais.\" \/>\n<meta property=\"og:url\" content=\"https:\/\/koitik.lt\/akvariumai\/produktas\/mini-terariumas-bioart-bowl-225\/\" \/>\n<meta property=\"og:site_name\" content=\"Akvariumai namams\" \/>\n<meta property=\"article:publisher\" content=\"https:\/\/www.facebook.com\/koitik.akvariumai\" \/>\n<meta property=\"article:modified_time\" content=\"2025-09-29T14:28:56+00:00\" \/>\n<meta property=\"og:image\" content=\"https:\/\/koitik.lt\/akvariumai\/wp-content\/uploads\/2025\/09\/Mini-terariumas-BIOART-Cylinder-285-black.webp\" \/>\n\t<meta property=\"og:image:width\" content=\"945\" \/>\n\t<meta property=\"og:image:height\" content=\"945\" \/>\n\t<meta property=\"og:image:type\" content=\"image\/webp\" \/>\n<meta name=\"twitter:card\" content=\"summary_large_image\" \/>\n<meta name=\"twitter:label1\" content=\"Est. reading time\" \/>\n\t<meta name=\"twitter:data1\" content=\"1 minut\u0117\" \/>\n<script type=\"application\/ld+json\" class=\"yoast-schema-graph\">{\"@context\":\"https:\\\/\\\/schema.org\",\"@graph\":[{\"@type\":[\"WebPage\",\"ItemPage\"],\"@id\":\"https:\\\/\\\/koitik.lt\\\/akvariumai\\\/produktas\\\/mini-terariumas-bioart-bowl-225\\\/\",\"url\":\"https:\\\/\\\/koitik.lt\\\/akvariumai\\\/produktas\\\/mini-terariumas-bioart-bowl-225\\\/\",\"name\":\"Mini terariumas BioArt Bowl 225 - Akvariumai namams\",\"isPartOf\":{\"@id\":\"https:\\\/\\\/koitik.lt\\\/akvariumai\\\/#website\"},\"primaryImageOfPage\":{\"@id\":\"https:\\\/\\\/koitik.lt\\\/akvariumai\\\/produktas\\\/mini-terariumas-bioart-bowl-225\\\/#primaryimage\"},\"image\":{\"@id\":\"https:\\\/\\\/koitik.lt\\\/akvariumai\\\/produktas\\\/mini-terariumas-bioart-bowl-225\\\/#primaryimage\"},\"thumbnailUrl\":\"https:\\\/\\\/koitik.lt\\\/akvariumai\\\/wp-content\\\/uploads\\\/2025\\\/09\\\/BioArt-Bowl-225-white.webp\",\"datePublished\":\"2025-09-15T14:15:25+00:00\",\"dateModified\":\"2025-09-29T14:28:56+00:00\",\"description\":\"Mini terariumas BIOART Bowl 225 - eleganti\u0161kas ir modernus stiklinis kupolas, skirtas sukurti nuostabius mini kra\u0161tovaizd\u017eius.\",\"breadcrumb\":{\"@id\":\"https:\\\/\\\/koitik.lt\\\/akvariumai\\\/produktas\\\/mini-terariumas-bioart-bowl-225\\\/#breadcrumb\"},\"inLanguage\":\"lt-LT\",\"potentialAction\":[{\"@type\":\"ReadAction\",\"target\":[\"https:\\\/\\\/koitik.lt\\\/akvariumai\\\/produktas\\\/mini-terariumas-bioart-bowl-225\\\/\"]}]},{\"@type\":\"ImageObject\",\"inLanguage\":\"lt-LT\",\"@id\":\"https:\\\/\\\/koitik.lt\\\/akvariumai\\\/produktas\\\/mini-terariumas-bioart-bowl-225\\\/#primaryimage\",\"url\":\"https:\\\/\\\/koitik.lt\\\/akvariumai\\\/wp-content\\\/uploads\\\/2025\\\/09\\\/BioArt-Bowl-225-white.webp\",\"contentUrl\":\"https:\\\/\\\/koitik.lt\\\/akvariumai\\\/wp-content\\\/uploads\\\/2025\\\/09\\\/BioArt-Bowl-225-white.webp\",\"width\":945,\"height\":945,\"caption\":\"Mini terariumas BioArt Bowl 225\"},{\"@type\":\"BreadcrumbList\",\"@id\":\"https:\\\/\\\/koitik.lt\\\/akvariumai\\\/produktas\\\/mini-terariumas-bioart-bowl-225\\\/#breadcrumb\",\"itemListElement\":[{\"@type\":\"ListItem\",\"position\":1,\"name\":\"Namai\",\"item\":\"https:\\\/\\\/koitik.lt\\\/akvariumai\\\/\"},{\"@type\":\"ListItem\",\"position\":2,\"name\":\"Parduotuv\u0117\",\"item\":\"https:\\\/\\\/koitik.lt\\\/akvariumai\\\/parduotuve\\\/\"},{\"@type\":\"ListItem\",\"position\":3,\"name\":\"Terariumai\",\"item\":\"https:\\\/\\\/koitik.lt\\\/akvariumai\\\/produkto-kategorija\\\/terariumai\\\/\"},{\"@type\":\"ListItem\",\"position\":4,\"name\":\"Mini terariumas BioArt Bowl 225\"}]},{\"@type\":\"WebSite\",\"@id\":\"https:\\\/\\\/koitik.lt\\\/akvariumai\\\/#website\",\"url\":\"https:\\\/\\\/koitik.lt\\\/akvariumai\\\/\",\"name\":\"koitik\",\"description\":\"Akvariumai\",\"publisher\":{\"@id\":\"https:\\\/\\\/koitik.lt\\\/akvariumai\\\/#organization\"},\"potentialAction\":[{\"@type\":\"SearchAction\",\"target\":{\"@type\":\"EntryPoint\",\"urlTemplate\":\"https:\\\/\\\/koitik.lt\\\/akvariumai\\\/?s={search_term_string}\"},\"query-input\":{\"@type\":\"PropertyValueSpecification\",\"valueRequired\":true,\"valueName\":\"search_term_string\"}}],\"inLanguage\":\"lt-LT\"},{\"@type\":\"Organization\",\"@id\":\"https:\\\/\\\/koitik.lt\\\/akvariumai\\\/#organization\",\"name\":\"Akvariumai\",\"url\":\"https:\\\/\\\/koitik.lt\\\/akvariumai\\\/\",\"logo\":{\"@type\":\"ImageObject\",\"inLanguage\":\"lt-LT\",\"@id\":\"https:\\\/\\\/koitik.lt\\\/akvariumai\\\/#\\\/schema\\\/logo\\\/image\\\/\",\"url\":\"https:\\\/\\\/koitik.lt\\\/akvariumai\\\/wp-content\\\/uploads\\\/2024\\\/09\\\/logo-green.webp\",\"contentUrl\":\"https:\\\/\\\/koitik.lt\\\/akvariumai\\\/wp-content\\\/uploads\\\/2024\\\/09\\\/logo-green.webp\",\"width\":625,\"height\":625,\"caption\":\"Akvariumai\"},\"image\":{\"@id\":\"https:\\\/\\\/koitik.lt\\\/akvariumai\\\/#\\\/schema\\\/logo\\\/image\\\/\"},\"sameAs\":[\"https:\\\/\\\/www.facebook.com\\\/koitik.akvariumai\",\"https:\\\/\\\/www.instagram.com\\\/koitik.akvariumai\\\/\",\"https:\\\/\\\/www.linkedin.com\\\/company\\\/koitik\\\/\",\"https:\\\/\\\/www.youtube.com\\\/@koitik\"]}]}<\/script>\n<!-- \/ Yoast SEO plugin. -->","yoast_head_json":{"title":"Mini terariumas BioArt Bowl 225 - Akvariumai namams","description":"Mini terariumas BIOART Bowl 225 - eleganti\u0161kas ir modernus stiklinis kupolas, skirtas sukurti nuostabius mini kra\u0161tovaizd\u017eius.","robots":{"index":"index","follow":"follow","max-snippet":"max-snippet:-1","max-image-preview":"max-image-preview:large","max-video-preview":"max-video-preview:-1"},"canonical":"https:\/\/koitik.lt\/akvariumai\/produktas\/mini-terariumas-bioart-bowl-225\/","og_locale":"lt_LT","og_type":"article","og_title":"Mini terariumas","og_description":"Mini terariumas BIOART Cylinder 285 \u2013 eleganti\u0161kas ir modernus stiklinis cilindras, skirtas sukurti nuostabius mini kra\u0161tovaizd\u017eius su augalais.","og_url":"https:\/\/koitik.lt\/akvariumai\/produktas\/mini-terariumas-bioart-bowl-225\/","og_site_name":"Akvariumai namams","article_publisher":"https:\/\/www.facebook.com\/koitik.akvariumai","article_modified_time":"2025-09-29T14:28:56+00:00","og_image":[{"width":945,"height":945,"url":"https:\/\/koitik.lt\/akvariumai\/wp-content\/uploads\/2025\/09\/Mini-terariumas-BIOART-Cylinder-285-black.webp","type":"image\/webp"}],"twitter_card":"summary_large_image","twitter_misc":{"Est. reading time":"1 minut\u0117"},"schema":{"@context":"https:\/\/schema.org","@graph":[{"@type":["WebPage","ItemPage"],"@id":"https:\/\/koitik.lt\/akvariumai\/produktas\/mini-terariumas-bioart-bowl-225\/","url":"https:\/\/koitik.lt\/akvariumai\/produktas\/mini-terariumas-bioart-bowl-225\/","name":"Mini terariumas BioArt Bowl 225 - Akvariumai namams","isPartOf":{"@id":"https:\/\/koitik.lt\/akvariumai\/#website"},"primaryImageOfPage":{"@id":"https:\/\/koitik.lt\/akvariumai\/produktas\/mini-terariumas-bioart-bowl-225\/#primaryimage"},"image":{"@id":"https:\/\/koitik.lt\/akvariumai\/produktas\/mini-terariumas-bioart-bowl-225\/#primaryimage"},"thumbnailUrl":"https:\/\/koitik.lt\/akvariumai\/wp-content\/uploads\/2025\/09\/BioArt-Bowl-225-white.webp","datePublished":"2025-09-15T14:15:25+00:00","dateModified":"2025-09-29T14:28:56+00:00","description":"Mini terariumas BIOART Bowl 225 - eleganti\u0161kas ir modernus stiklinis kupolas, skirtas sukurti nuostabius mini kra\u0161tovaizd\u017eius.","breadcrumb":{"@id":"https:\/\/koitik.lt\/akvariumai\/produktas\/mini-terariumas-bioart-bowl-225\/#breadcrumb"},"inLanguage":"lt-LT","potentialAction":[{"@type":"ReadAction","target":["https:\/\/koitik.lt\/akvariumai\/produktas\/mini-terariumas-bioart-bowl-225\/"]}]},{"@type":"ImageObject","inLanguage":"lt-LT","@id":"https:\/\/koitik.lt\/akvariumai\/produktas\/mini-terariumas-bioart-bowl-225\/#primaryimage","url":"https:\/\/koitik.lt\/akvariumai\/wp-content\/uploads\/2025\/09\/BioArt-Bowl-225-white.webp","contentUrl":"https:\/\/koitik.lt\/akvariumai\/wp-content\/uploads\/2025\/09\/BioArt-Bowl-225-white.webp","width":945,"height":945,"caption":"Mini terariumas BioArt Bowl 225"},{"@type":"BreadcrumbList","@id":"https:\/\/koitik.lt\/akvariumai\/produktas\/mini-terariumas-bioart-bowl-225\/#breadcrumb","itemListElement":[{"@type":"ListItem","position":1,"name":"Namai","item":"https:\/\/koitik.lt\/akvariumai\/"},{"@type":"ListItem","position":2,"name":"Parduotuv\u0117","item":"https:\/\/koitik.lt\/akvariumai\/parduotuve\/"},{"@type":"ListItem","position":3,"name":"Terariumai","item":"https:\/\/koitik.lt\/akvariumai\/produkto-kategorija\/terariumai\/"},{"@type":"ListItem","position":4,"name":"Mini terariumas BioArt Bowl 225"}]},{"@type":"WebSite","@id":"https:\/\/koitik.lt\/akvariumai\/#website","url":"https:\/\/koitik.lt\/akvariumai\/","name":"koitik","description":"Akvariumai","publisher":{"@id":"https:\/\/koitik.lt\/akvariumai\/#organization"},"potentialAction":[{"@type":"SearchAction","target":{"@type":"EntryPoint","urlTemplate":"https:\/\/koitik.lt\/akvariumai\/?s={search_term_string}"},"query-input":{"@type":"PropertyValueSpecification","valueRequired":true,"valueName":"search_term_string"}}],"inLanguage":"lt-LT"},{"@type":"Organization","@id":"https:\/\/koitik.lt\/akvariumai\/#organization","name":"Akvariumai","url":"https:\/\/koitik.lt\/akvariumai\/","logo":{"@type":"ImageObject","inLanguage":"lt-LT","@id":"https:\/\/koitik.lt\/akvariumai\/#\/schema\/logo\/image\/","url":"https:\/\/koitik.lt\/akvariumai\/wp-content\/uploads\/2024\/09\/logo-green.webp","contentUrl":"https:\/\/koitik.lt\/akvariumai\/wp-content\/uploads\/2024\/09\/logo-green.webp","width":625,"height":625,"caption":"Akvariumai"},"image":{"@id":"https:\/\/koitik.lt\/akvariumai\/#\/schema\/logo\/image\/"},"sameAs":["https:\/\/www.facebook.com\/koitik.akvariumai","https:\/\/www.instagram.com\/koitik.akvariumai\/","https:\/\/www.linkedin.com\/company\/koitik\/","https:\/\/www.youtube.com\/@koitik"]}]}},"_links":{"self":[{"href":"https:\/\/koitik.lt\/akvariumai\/wp-json\/wp\/v2\/product\/4301","targetHints":{"allow":["GET"]}}],"collection":[{"href":"https:\/\/koitik.lt\/akvariumai\/wp-json\/wp\/v2\/product"}],"about":[{"href":"https:\/\/koitik.lt\/akvariumai\/wp-json\/wp\/v2\/types\/product"}],"replies":[{"embeddable":true,"href":"https:\/\/koitik.lt\/akvariumai\/wp-json\/wp\/v2\/comments?post=4301"}],"wp:featuredmedia":[{"embeddable":true,"href":"https:\/\/koitik.lt\/akvariumai\/wp-json\/wp\/v2\/media\/4311"}],"wp:attachment":[{"href":"https:\/\/koitik.lt\/akvariumai\/wp-json\/wp\/v2\/media?parent=4301"}],"wp:term":[{"taxonomy":"product_brand","embeddable":true,"href":"https:\/\/koitik.lt\/akvariumai\/wp-json\/wp\/v2\/product_brand?post=4301"},{"taxonomy":"product_cat","embeddable":true,"href":"https:\/\/koitik.lt\/akvariumai\/wp-json\/wp\/v2\/product_cat?post=4301"},{"taxonomy":"product_tag","embeddable":true,"href":"https:\/\/koitik.lt\/akvariumai\/wp-json\/wp\/v2\/product_tag?post=4301"}],"curies":[{"name":"wp","href":"https:\/\/api.w.org\/{rel}","templated":true}]}}