{"id":4333,"date":"2025-09-19T11:14:47","date_gmt":"2025-09-19T11:14:47","guid":{"rendered":"https:\/\/koitik.lt\/akvariumai\/?post_type=product&#038;p=4333"},"modified":"2025-09-29T14:06:02","modified_gmt":"2025-09-29T14:06:02","slug":"akvariumo-komplektas-sf-start-20","status":"publish","type":"product","link":"https:\/\/koitik.lt\/akvariumai\/produktas\/akvariumo-komplektas-sf-start-20\/","title":{"rendered":"Akvariumo komplektas SF Start 20"},"content":{"rendered":"","protected":false},"excerpt":{"rendered":"<p data-start=\"55\" data-end=\"412\"><strong data-start=\"55\" data-end=\"91\">Akvariumo komplektas SF Start 20<\/strong> \u2013 puikus pasirinkimas norintiems prad\u0117ti akvariumininkyst\u0117s hob\u012f be papildom\u0173 r\u016bpes\u010di\u0173. \u0160is rinkinys apr\u016bpintas visais b\u016btiniausiais komponentais \u2013 LED ap\u0161vietimu, filtru bei reikalingais priedais, tad gal\u0117site i\u0161 karto m\u0117gautis gyvybinga ir harmoningai atrodan\u010dia vandens aplinka, nesir\u016bpindami atskir\u0173 dali\u0173 paie\u0161ka.<\/p>\n<h3 data-start=\"1061\" data-end=\"1098\">Pagrindin\u0117s savyb\u0117s ir privalumai<\/h3>\n<ul data-start=\"1100\" data-end=\"1728\">\n<li data-start=\"1100\" data-end=\"1307\">\n<p data-start=\"1102\" data-end=\"1307\"><strong data-start=\"1102\" data-end=\"1120\">Viskas viename<\/strong>: \u201eStart 20\u201c komplektas turi visk\u0105, ko reikia prad\u017eiai \u2013 LED ap\u0161vietim\u0105, filtr\u0105, bei kitus priedus akvariumo prie\u017ei\u016brai.<\/p>\n<\/li>\n<li data-start=\"1308\" data-end=\"1434\">\n<p data-start=\"1310\" data-end=\"1434\"><strong data-start=\"1310\" data-end=\"1334\">Kompakti\u0161ki matmenys<\/strong> rei\u0161kia, kad akvarium\u0105 galima pastatyti net ma\u017eesn\u0117se erdv\u0117se \u2013 ant stalo, spintel\u0117s ar lentynos.<\/p>\n<\/li>\n<li data-start=\"1435\" data-end=\"1571\">\n<p data-start=\"1437\" data-end=\"1571\"><strong data-start=\"1437\" data-end=\"1456\">LED ap\u0161vietimas<\/strong> \u2013 energij\u0105 taupantis sprendimas, kuris suteikia pakankamai \u0161viesos augalams.<\/p>\n<\/li>\n<li data-start=\"1572\" data-end=\"1728\">\n<p data-start=\"1574\" data-end=\"1728\"><strong data-start=\"1574\" data-end=\"1598\">Aqua-Flow 50 filtras<\/strong> \u2013 gerai veikiantis filtravimo sprendimas, palaikantis vandens \u0161var\u0105 ir tinkam\u0105 mikroklimat\u0105, svarb\u0173 tiek \u017euvims, tiek augalams.<\/p>\n<\/li>\n<\/ul>\n<p><strong>Produkto komplektacija:<\/strong><\/p>\n<ul>\n<li data-start=\"133\" data-end=\"230\">\n<p data-start=\"135\" data-end=\"230\"><strong data-start=\"135\" data-end=\"154\">LED ap\u0161vietimas<\/strong> (12 V, 3 W, PAR 40) \u2013 energij\u0105 taupantis ir tinkamas augalams bei \u017euvims.<\/p>\n<\/li>\n<li data-start=\"231\" data-end=\"315\">\n<p data-start=\"233\" data-end=\"315\"><strong data-start=\"233\" data-end=\"265\">Aqua-Flow 50 vidinis filtras<\/strong> \u2013 palaiko \u0161var\u0173 ir sveik\u0105 vandens mikroklimat\u0105.<\/p>\n<\/li>\n<li data-start=\"316\" data-end=\"392\">\n<p data-start=\"318\" data-end=\"392\"><strong data-start=\"318\" data-end=\"348\">Vandens prie\u017ei\u016bros priedai<\/strong> \u2013 padeda greitai paruo\u0161ti vanden\u012f \u017euvims.<\/p>\n<\/li>\n<li data-start=\"393\" data-end=\"471\">\n<p data-start=\"395\" data-end=\"471\"><strong data-start=\"395\" data-end=\"424\">\u017duv\u0173 gaudykl\u0117 (tinklelis)<\/strong> \u2013 patogiam \u017euvy\u010di\u0173 perk\u0117limui ar prie\u017ei\u016brai.<\/p>\n<\/li>\n<li data-start=\"472\" data-end=\"525\">\n<p data-start=\"474\" data-end=\"525\"><strong data-start=\"474\" data-end=\"489\">Termometras<\/strong> \u2013 vandens temperat\u016bros kontrolei.<\/p>\n<\/li>\n<\/ul>\n","protected":false},"featured_media":4341,"comment_status":"open","ping_status":"closed","template":"","meta":{"_gspb_post_css":""},"product_brand":[375],"product_cat":[100],"product_tag":[403],"class_list":{"0":"post-4333","1":"product","2":"type-product","3":"status-publish","4":"has-post-thumbnail","6":"product_brand-superfish","7":"product_cat-akvariumai","8":"product_tag-start","9":"product_shipping_class-netelpa","11":"first","12":"onbackorder","13":"taxable","14":"shipping-taxable","15":"purchasable","16":"product-type-variable"},"ct_brands":[{"id":375,"name":"SuperFish","slug":"superfish"}],"yoast_head":"<!-- This site is optimized with the Yoast SEO plugin v27.4 - https:\/\/yoast.com\/product\/yoast-seo-wordpress\/ -->\n<title>Akvariumo komplektas SF Start 20 - Akvariumai namams<\/title>\n<meta name=\"robots\" content=\"index, follow, max-snippet:-1, max-image-preview:large, max-video-preview:-1\" \/>\n<link rel=\"canonical\" href=\"https:\/\/koitik.lt\/akvariumai\/produktas\/akvariumo-komplektas-sf-start-20\/\" \/>\n<meta property=\"og:locale\" content=\"lt_LT\" \/>\n<meta property=\"og:type\" content=\"article\" \/>\n<meta property=\"og:title\" content=\"Akvariumo komplektas SF Start 20 - Akvariumai namams\" \/>\n<meta property=\"og:description\" content=\"Akvariumo komplektas SF Start 20 \u2013 puikus pasirinkimas norintiems prad\u0117ti akvariumininkyst\u0117s hob\u012f be papildom\u0173 r\u016bpes\u010di\u0173. \u0160is rinkinys apr\u016bpintas visais b\u016btiniausiais komponentais \u2013 LED ap\u0161vietimu, filtru bei reikalingais priedais, tad gal\u0117site i\u0161 karto m\u0117gautis gyvybinga ir harmoningai atrodan\u010dia vandens aplinka, nesir\u016bpindami atskir\u0173 dali\u0173 paie\u0161ka.  Pagrindin\u0117s savyb\u0117s ir privalumai    Viskas viename: \u201eStart 20\u201c komplektas turi visk\u0105, ko reikia prad\u017eiai \u2013 LED ap\u0161vietim\u0105, filtr\u0105, bei kitus priedus akvariumo prie\u017ei\u016brai.    Kompakti\u0161ki matmenys rei\u0161kia, kad akvarium\u0105 galima pastatyti net ma\u017eesn\u0117se erdv\u0117se \u2013 ant stalo, spintel\u0117s ar lentynos.    LED ap\u0161vietimas \u2013 energij\u0105 taupantis sprendimas, kuris suteikia pakankamai \u0161viesos augalams.    Aqua-Flow 50 filtras \u2013 gerai veikiantis filtravimo sprendimas, palaikantis vandens \u0161var\u0105 ir tinkam\u0105 mikroklimat\u0105, svarb\u0173 tiek \u017euvims, tiek augalams.   Produkto komplektacija:    LED ap\u0161vietimas (12 V, 3 W, PAR 40) \u2013 energij\u0105 taupantis ir tinkamas augalams bei \u017euvims.    Aqua-Flow 50 vidinis filtras \u2013 palaiko \u0161var\u0173 ir sveik\u0105 vandens mikroklimat\u0105.    Vandens prie\u017ei\u016bros priedai \u2013 padeda greitai paruo\u0161ti vanden\u012f \u017euvims.    \u017duv\u0173 gaudykl\u0117 (tinklelis) \u2013 patogiam \u017euvy\u010di\u0173 perk\u0117limui ar prie\u017ei\u016brai.    Termometras \u2013 vandens temperat\u016bros kontrolei.\" \/>\n<meta property=\"og:url\" content=\"https:\/\/koitik.lt\/akvariumai\/produktas\/akvariumo-komplektas-sf-start-20\/\" \/>\n<meta property=\"og:site_name\" content=\"Akvariumai namams\" \/>\n<meta property=\"article:publisher\" content=\"https:\/\/www.facebook.com\/koitik.akvariumai\" \/>\n<meta property=\"article:modified_time\" content=\"2025-09-29T14:06:02+00:00\" \/>\n<meta property=\"og:image\" content=\"https:\/\/koitik.lt\/akvariumai\/wp-content\/uploads\/2025\/09\/Akvariumo-komplektas-SF-Start-20-BLACK.jpg\" \/>\n\t<meta property=\"og:image:width\" content=\"800\" \/>\n\t<meta property=\"og:image:height\" content=\"800\" \/>\n\t<meta property=\"og:image:type\" content=\"image\/jpeg\" \/>\n<meta name=\"twitter:card\" content=\"summary_large_image\" \/>\n<meta name=\"twitter:label1\" content=\"Est. reading time\" \/>\n\t<meta name=\"twitter:data1\" content=\"1 minut\u0117\" \/>\n<script type=\"application\/ld+json\" class=\"yoast-schema-graph\">{\"@context\":\"https:\\\/\\\/schema.org\",\"@graph\":[{\"@type\":[\"WebPage\",\"ItemPage\"],\"@id\":\"https:\\\/\\\/koitik.lt\\\/akvariumai\\\/produktas\\\/akvariumo-komplektas-sf-start-20\\\/\",\"url\":\"https:\\\/\\\/koitik.lt\\\/akvariumai\\\/produktas\\\/akvariumo-komplektas-sf-start-20\\\/\",\"name\":\"Akvariumo komplektas SF Start 20 - Akvariumai namams\",\"isPartOf\":{\"@id\":\"https:\\\/\\\/koitik.lt\\\/akvariumai\\\/#website\"},\"primaryImageOfPage\":{\"@id\":\"https:\\\/\\\/koitik.lt\\\/akvariumai\\\/produktas\\\/akvariumo-komplektas-sf-start-20\\\/#primaryimage\"},\"image\":{\"@id\":\"https:\\\/\\\/koitik.lt\\\/akvariumai\\\/produktas\\\/akvariumo-komplektas-sf-start-20\\\/#primaryimage\"},\"thumbnailUrl\":\"https:\\\/\\\/koitik.lt\\\/akvariumai\\\/wp-content\\\/uploads\\\/2025\\\/09\\\/Akvariumo-komplektas-SF-Start-20-BLACK.jpg\",\"datePublished\":\"2025-09-19T11:14:47+00:00\",\"dateModified\":\"2025-09-29T14:06:02+00:00\",\"breadcrumb\":{\"@id\":\"https:\\\/\\\/koitik.lt\\\/akvariumai\\\/produktas\\\/akvariumo-komplektas-sf-start-20\\\/#breadcrumb\"},\"inLanguage\":\"lt-LT\",\"potentialAction\":[{\"@type\":\"ReadAction\",\"target\":[\"https:\\\/\\\/koitik.lt\\\/akvariumai\\\/produktas\\\/akvariumo-komplektas-sf-start-20\\\/\"]}]},{\"@type\":\"ImageObject\",\"inLanguage\":\"lt-LT\",\"@id\":\"https:\\\/\\\/koitik.lt\\\/akvariumai\\\/produktas\\\/akvariumo-komplektas-sf-start-20\\\/#primaryimage\",\"url\":\"https:\\\/\\\/koitik.lt\\\/akvariumai\\\/wp-content\\\/uploads\\\/2025\\\/09\\\/Akvariumo-komplektas-SF-Start-20-BLACK.jpg\",\"contentUrl\":\"https:\\\/\\\/koitik.lt\\\/akvariumai\\\/wp-content\\\/uploads\\\/2025\\\/09\\\/Akvariumo-komplektas-SF-Start-20-BLACK.jpg\",\"width\":800,\"height\":800,\"caption\":\"Akvariumo komplektas SF Start 20 BLACK.\"},{\"@type\":\"BreadcrumbList\",\"@id\":\"https:\\\/\\\/koitik.lt\\\/akvariumai\\\/produktas\\\/akvariumo-komplektas-sf-start-20\\\/#breadcrumb\",\"itemListElement\":[{\"@type\":\"ListItem\",\"position\":1,\"name\":\"Namai\",\"item\":\"https:\\\/\\\/koitik.lt\\\/akvariumai\\\/\"},{\"@type\":\"ListItem\",\"position\":2,\"name\":\"Parduotuv\u0117\",\"item\":\"https:\\\/\\\/koitik.lt\\\/akvariumai\\\/parduotuve\\\/\"},{\"@type\":\"ListItem\",\"position\":3,\"name\":\"Akvariumai\",\"item\":\"https:\\\/\\\/koitik.lt\\\/akvariumai\\\/produkto-kategorija\\\/akvariumai\\\/\"},{\"@type\":\"ListItem\",\"position\":4,\"name\":\"Akvariumo komplektas SF Start 20\"}]},{\"@type\":\"WebSite\",\"@id\":\"https:\\\/\\\/koitik.lt\\\/akvariumai\\\/#website\",\"url\":\"https:\\\/\\\/koitik.lt\\\/akvariumai\\\/\",\"name\":\"koitik\",\"description\":\"Akvariumai\",\"publisher\":{\"@id\":\"https:\\\/\\\/koitik.lt\\\/akvariumai\\\/#organization\"},\"potentialAction\":[{\"@type\":\"SearchAction\",\"target\":{\"@type\":\"EntryPoint\",\"urlTemplate\":\"https:\\\/\\\/koitik.lt\\\/akvariumai\\\/?s={search_term_string}\"},\"query-input\":{\"@type\":\"PropertyValueSpecification\",\"valueRequired\":true,\"valueName\":\"search_term_string\"}}],\"inLanguage\":\"lt-LT\"},{\"@type\":\"Organization\",\"@id\":\"https:\\\/\\\/koitik.lt\\\/akvariumai\\\/#organization\",\"name\":\"Akvariumai\",\"url\":\"https:\\\/\\\/koitik.lt\\\/akvariumai\\\/\",\"logo\":{\"@type\":\"ImageObject\",\"inLanguage\":\"lt-LT\",\"@id\":\"https:\\\/\\\/koitik.lt\\\/akvariumai\\\/#\\\/schema\\\/logo\\\/image\\\/\",\"url\":\"https:\\\/\\\/koitik.lt\\\/akvariumai\\\/wp-content\\\/uploads\\\/2024\\\/09\\\/logo-green.webp\",\"contentUrl\":\"https:\\\/\\\/koitik.lt\\\/akvariumai\\\/wp-content\\\/uploads\\\/2024\\\/09\\\/logo-green.webp\",\"width\":625,\"height\":625,\"caption\":\"Akvariumai\"},\"image\":{\"@id\":\"https:\\\/\\\/koitik.lt\\\/akvariumai\\\/#\\\/schema\\\/logo\\\/image\\\/\"},\"sameAs\":[\"https:\\\/\\\/www.facebook.com\\\/koitik.akvariumai\",\"https:\\\/\\\/www.instagram.com\\\/koitik.akvariumai\\\/\",\"https:\\\/\\\/www.linkedin.com\\\/company\\\/koitik\\\/\",\"https:\\\/\\\/www.youtube.com\\\/@koitik\"]}]}<\/script>\n<!-- \/ Yoast SEO plugin. -->","yoast_head_json":{"title":"Akvariumo komplektas SF Start 20 - Akvariumai namams","robots":{"index":"index","follow":"follow","max-snippet":"max-snippet:-1","max-image-preview":"max-image-preview:large","max-video-preview":"max-video-preview:-1"},"canonical":"https:\/\/koitik.lt\/akvariumai\/produktas\/akvariumo-komplektas-sf-start-20\/","og_locale":"lt_LT","og_type":"article","og_title":"Akvariumo komplektas SF Start 20 - Akvariumai namams","og_description":"Akvariumo komplektas SF Start 20 \u2013 puikus pasirinkimas norintiems prad\u0117ti akvariumininkyst\u0117s hob\u012f be papildom\u0173 r\u016bpes\u010di\u0173. \u0160is rinkinys apr\u016bpintas visais b\u016btiniausiais komponentais \u2013 LED ap\u0161vietimu, filtru bei reikalingais priedais, tad gal\u0117site i\u0161 karto m\u0117gautis gyvybinga ir harmoningai atrodan\u010dia vandens aplinka, nesir\u016bpindami atskir\u0173 dali\u0173 paie\u0161ka.  Pagrindin\u0117s savyb\u0117s ir privalumai    Viskas viename: \u201eStart 20\u201c komplektas turi visk\u0105, ko reikia prad\u017eiai \u2013 LED ap\u0161vietim\u0105, filtr\u0105, bei kitus priedus akvariumo prie\u017ei\u016brai.    Kompakti\u0161ki matmenys rei\u0161kia, kad akvarium\u0105 galima pastatyti net ma\u017eesn\u0117se erdv\u0117se \u2013 ant stalo, spintel\u0117s ar lentynos.    LED ap\u0161vietimas \u2013 energij\u0105 taupantis sprendimas, kuris suteikia pakankamai \u0161viesos augalams.    Aqua-Flow 50 filtras \u2013 gerai veikiantis filtravimo sprendimas, palaikantis vandens \u0161var\u0105 ir tinkam\u0105 mikroklimat\u0105, svarb\u0173 tiek \u017euvims, tiek augalams.   Produkto komplektacija:    LED ap\u0161vietimas (12 V, 3 W, PAR 40) \u2013 energij\u0105 taupantis ir tinkamas augalams bei \u017euvims.    Aqua-Flow 50 vidinis filtras \u2013 palaiko \u0161var\u0173 ir sveik\u0105 vandens mikroklimat\u0105.    Vandens prie\u017ei\u016bros priedai \u2013 padeda greitai paruo\u0161ti vanden\u012f \u017euvims.    \u017duv\u0173 gaudykl\u0117 (tinklelis) \u2013 patogiam \u017euvy\u010di\u0173 perk\u0117limui ar prie\u017ei\u016brai.    Termometras \u2013 vandens temperat\u016bros kontrolei.","og_url":"https:\/\/koitik.lt\/akvariumai\/produktas\/akvariumo-komplektas-sf-start-20\/","og_site_name":"Akvariumai namams","article_publisher":"https:\/\/www.facebook.com\/koitik.akvariumai","article_modified_time":"2025-09-29T14:06:02+00:00","og_image":[{"width":800,"height":800,"url":"https:\/\/koitik.lt\/akvariumai\/wp-content\/uploads\/2025\/09\/Akvariumo-komplektas-SF-Start-20-BLACK.jpg","type":"image\/jpeg"}],"twitter_card":"summary_large_image","twitter_misc":{"Est. reading time":"1 minut\u0117"},"schema":{"@context":"https:\/\/schema.org","@graph":[{"@type":["WebPage","ItemPage"],"@id":"https:\/\/koitik.lt\/akvariumai\/produktas\/akvariumo-komplektas-sf-start-20\/","url":"https:\/\/koitik.lt\/akvariumai\/produktas\/akvariumo-komplektas-sf-start-20\/","name":"Akvariumo komplektas SF Start 20 - Akvariumai namams","isPartOf":{"@id":"https:\/\/koitik.lt\/akvariumai\/#website"},"primaryImageOfPage":{"@id":"https:\/\/koitik.lt\/akvariumai\/produktas\/akvariumo-komplektas-sf-start-20\/#primaryimage"},"image":{"@id":"https:\/\/koitik.lt\/akvariumai\/produktas\/akvariumo-komplektas-sf-start-20\/#primaryimage"},"thumbnailUrl":"https:\/\/koitik.lt\/akvariumai\/wp-content\/uploads\/2025\/09\/Akvariumo-komplektas-SF-Start-20-BLACK.jpg","datePublished":"2025-09-19T11:14:47+00:00","dateModified":"2025-09-29T14:06:02+00:00","breadcrumb":{"@id":"https:\/\/koitik.lt\/akvariumai\/produktas\/akvariumo-komplektas-sf-start-20\/#breadcrumb"},"inLanguage":"lt-LT","potentialAction":[{"@type":"ReadAction","target":["https:\/\/koitik.lt\/akvariumai\/produktas\/akvariumo-komplektas-sf-start-20\/"]}]},{"@type":"ImageObject","inLanguage":"lt-LT","@id":"https:\/\/koitik.lt\/akvariumai\/produktas\/akvariumo-komplektas-sf-start-20\/#primaryimage","url":"https:\/\/koitik.lt\/akvariumai\/wp-content\/uploads\/2025\/09\/Akvariumo-komplektas-SF-Start-20-BLACK.jpg","contentUrl":"https:\/\/koitik.lt\/akvariumai\/wp-content\/uploads\/2025\/09\/Akvariumo-komplektas-SF-Start-20-BLACK.jpg","width":800,"height":800,"caption":"Akvariumo komplektas SF Start 20 BLACK."},{"@type":"BreadcrumbList","@id":"https:\/\/koitik.lt\/akvariumai\/produktas\/akvariumo-komplektas-sf-start-20\/#breadcrumb","itemListElement":[{"@type":"ListItem","position":1,"name":"Namai","item":"https:\/\/koitik.lt\/akvariumai\/"},{"@type":"ListItem","position":2,"name":"Parduotuv\u0117","item":"https:\/\/koitik.lt\/akvariumai\/parduotuve\/"},{"@type":"ListItem","position":3,"name":"Akvariumai","item":"https:\/\/koitik.lt\/akvariumai\/produkto-kategorija\/akvariumai\/"},{"@type":"ListItem","position":4,"name":"Akvariumo komplektas SF Start 20"}]},{"@type":"WebSite","@id":"https:\/\/koitik.lt\/akvariumai\/#website","url":"https:\/\/koitik.lt\/akvariumai\/","name":"koitik","description":"Akvariumai","publisher":{"@id":"https:\/\/koitik.lt\/akvariumai\/#organization"},"potentialAction":[{"@type":"SearchAction","target":{"@type":"EntryPoint","urlTemplate":"https:\/\/koitik.lt\/akvariumai\/?s={search_term_string}"},"query-input":{"@type":"PropertyValueSpecification","valueRequired":true,"valueName":"search_term_string"}}],"inLanguage":"lt-LT"},{"@type":"Organization","@id":"https:\/\/koitik.lt\/akvariumai\/#organization","name":"Akvariumai","url":"https:\/\/koitik.lt\/akvariumai\/","logo":{"@type":"ImageObject","inLanguage":"lt-LT","@id":"https:\/\/koitik.lt\/akvariumai\/#\/schema\/logo\/image\/","url":"https:\/\/koitik.lt\/akvariumai\/wp-content\/uploads\/2024\/09\/logo-green.webp","contentUrl":"https:\/\/koitik.lt\/akvariumai\/wp-content\/uploads\/2024\/09\/logo-green.webp","width":625,"height":625,"caption":"Akvariumai"},"image":{"@id":"https:\/\/koitik.lt\/akvariumai\/#\/schema\/logo\/image\/"},"sameAs":["https:\/\/www.facebook.com\/koitik.akvariumai","https:\/\/www.instagram.com\/koitik.akvariumai\/","https:\/\/www.linkedin.com\/company\/koitik\/","https:\/\/www.youtube.com\/@koitik"]}]}},"_links":{"self":[{"href":"https:\/\/koitik.lt\/akvariumai\/wp-json\/wp\/v2\/product\/4333","targetHints":{"allow":["GET"]}}],"collection":[{"href":"https:\/\/koitik.lt\/akvariumai\/wp-json\/wp\/v2\/product"}],"about":[{"href":"https:\/\/koitik.lt\/akvariumai\/wp-json\/wp\/v2\/types\/product"}],"replies":[{"embeddable":true,"href":"https:\/\/koitik.lt\/akvariumai\/wp-json\/wp\/v2\/comments?post=4333"}],"wp:featuredmedia":[{"embeddable":true,"href":"https:\/\/koitik.lt\/akvariumai\/wp-json\/wp\/v2\/media\/4341"}],"wp:attachment":[{"href":"https:\/\/koitik.lt\/akvariumai\/wp-json\/wp\/v2\/media?parent=4333"}],"wp:term":[{"taxonomy":"product_brand","embeddable":true,"href":"https:\/\/koitik.lt\/akvariumai\/wp-json\/wp\/v2\/product_brand?post=4333"},{"taxonomy":"product_cat","embeddable":true,"href":"https:\/\/koitik.lt\/akvariumai\/wp-json\/wp\/v2\/product_cat?post=4333"},{"taxonomy":"product_tag","embeddable":true,"href":"https:\/\/koitik.lt\/akvariumai\/wp-json\/wp\/v2\/product_tag?post=4333"}],"curies":[{"name":"wp","href":"https:\/\/api.w.org\/{rel}","templated":true}]}}