{"id":4372,"date":"2025-09-25T05:06:33","date_gmt":"2025-09-25T05:06:33","guid":{"rendered":"https:\/\/koitik.lt\/akvariumai\/?post_type=product&#038;p=4372"},"modified":"2025-09-29T14:06:01","modified_gmt":"2025-09-29T14:06:01","slug":"akvariumo-komplektas-sf-start-150-tropical","status":"publish","type":"product","link":"https:\/\/koitik.lt\/akvariumai\/produktas\/akvariumo-komplektas-sf-start-150-tropical\/","title":{"rendered":"Akvariumo komplektas SF Start 150 Tropical"},"content":{"rendered":"","protected":false},"excerpt":{"rendered":"<p data-start=\"55\" data-end=\"412\"><strong data-start=\"55\" data-end=\"91\">Akvariumo komplektas SF Start 150<\/strong> <strong>Tropical<\/strong> \u2013 puikus pasirinkimas norintiems prad\u0117ti akvariumininkyst\u0117s hob\u012f be papildom\u0173 r\u016bpes\u010di\u0173. \u0160is rinkinys apr\u016bpintas visais b\u016btiniausiais komponentais \u2013 LED ap\u0161vietimu, filtru bei reikalingais priedais, tad gal\u0117site i\u0161 karto m\u0117gautis gyvybinga ir harmoningai atrodan\u010dia vandens aplinka, nesir\u016bpindami atskir\u0173 dali\u0173 paie\u0161ka.<\/p>\n<h3 data-start=\"1061\" data-end=\"1098\">Pagrindin\u0117s savyb\u0117s ir privalumai<\/h3>\n<ul data-start=\"1100\" data-end=\"1728\">\n<li data-start=\"1100\" data-end=\"1307\">\n<p data-start=\"1102\" data-end=\"1307\"><strong data-start=\"1102\" data-end=\"1120\">Viskas viename<\/strong>: Start 150 komplektas turi visk\u0105, ko reikia prad\u017eiai \u2013 LED ap\u0161vietim\u0105, filtr\u0105, bei kitus priedus akvariumo prie\u017ei\u016brai.<\/p>\n<\/li>\n<li data-start=\"1308\" data-end=\"1434\">\n<p data-start=\"1310\" data-end=\"1434\"><strong data-start=\"1310\" data-end=\"1334\">Kompakti\u0161ki matmenys<\/strong> rei\u0161kia, kad akvarium\u0105 galima pastatyti net ma\u017eesn\u0117se erdv\u0117se \u2013 ant stalo, spintel\u0117s ar lentynos.<\/p>\n<\/li>\n<li data-start=\"1435\" data-end=\"1571\">\n<p data-start=\"1437\" data-end=\"1571\"><strong data-start=\"1437\" data-end=\"1456\">LED ap\u0161vietimas<\/strong> \u2013 energij\u0105 taupantis sprendimas, kuris suteikia pakankamai \u0161viesos augalams.<\/p>\n<\/li>\n<li data-start=\"1572\" data-end=\"1728\">\n<p data-start=\"1574\" data-end=\"1728\"><strong data-start=\"1574\" data-end=\"1598\">Aqua-Flow 300 filtras<\/strong> \u2013 gerai veikiantis filtravimo sprendimas, palaikantis vandens \u0161var\u0105 ir tinkam\u0105 mikroklimat\u0105, svarb\u0173 tiek \u017euvims, tiek augalams.<\/p>\n<\/li>\n<\/ul>\n<p><strong>Produkto komplektacija:<\/strong><\/p>\n<h2 data-start=\"494\" data-end=\"526\"><strong data-start=\"497\" data-end=\"524\">Produkto komplektacija:<\/strong><\/h2>\n<ul>\n<li data-start=\"121\" data-end=\"230\">\n<p data-start=\"584\" data-end=\"713\"><strong>Ap\u0161vietimas (Retro LED Bright 17 W, PAR ~200)<\/strong> \u2013 energij\u0105 taupantis, skleid\u017eia nat\u016brali\u0105 \u0161vies\u0105, tinkam\u0105 augalams ir \u017euvims.<\/p>\n<\/li>\n<li data-start=\"121\" data-end=\"230\">\n<p data-start=\"584\" data-end=\"713\"><strong>Vidinis filtras Aqua-Flow 300<\/strong> \u2013 efektyviai valo vanden\u012f, palaiko biologin\u0119 pusiausvyr\u0105 ir skaidrum\u0105.<\/p>\n<\/li>\n<li data-start=\"121\" data-end=\"230\">\n<p data-start=\"584\" data-end=\"713\"><strong>\u0160ildytuvas (200 W)<\/strong> \u2013 u\u017etikrina stabili\u0105 tropin\u0117ms \u017euvims reikaling\u0105 temperat\u016br\u0105.<\/p>\n<\/li>\n<li data-start=\"121\" data-end=\"230\">\n<p data-start=\"584\" data-end=\"713\"><strong>Vandens kondicionierius<\/strong> \u2013 paruo\u0161ia vanden\u012f \u017euvims, neutralizuoja kenksmingas med\u017eiagas.<\/p>\n<\/li>\n<li data-start=\"121\" data-end=\"230\">\n<p data-start=\"584\" data-end=\"713\"><strong>Bakterij\u0173 priedas<\/strong> \u2013 padeda greitai sukurti sveik\u0105 ekosistem\u0105 akvariume.<\/p>\n<\/li>\n<li data-start=\"121\" data-end=\"230\">\n<p data-start=\"584\" data-end=\"713\"><strong>Termometras<\/strong> \u2013 tiksli vandens temperat\u016bros kontrol\u0117.<\/p>\n<\/li>\n<li data-start=\"121\" data-end=\"230\">\n<p data-start=\"584\" data-end=\"713\"><strong>\u017duv\u0173 maistas<\/strong> \u2013 pritaikytas pirmosioms akvariumo \u017euvims.<\/p>\n<\/li>\n<li data-start=\"121\" data-end=\"230\">\n<p data-start=\"584\" data-end=\"713\"><strong>\u017duv\u0173 gaudykl\u0117 (tinklelis)<\/strong> \u2013 patogiam \u017euv\u0173 perk\u0117limui ar prie\u017ei\u016brai.<\/p>\n<\/li>\n<\/ul>\n","protected":false},"featured_media":4376,"comment_status":"open","ping_status":"closed","template":"","meta":{"_gspb_post_css":""},"product_brand":[375],"product_cat":[100],"product_tag":[403],"class_list":{"0":"post-4372","1":"product","2":"type-product","3":"status-publish","4":"has-post-thumbnail","6":"product_brand-superfish","7":"product_cat-akvariumai","8":"product_tag-start","9":"product_shipping_class-netelpa","11":"first","12":"onbackorder","13":"taxable","14":"shipping-taxable","15":"purchasable","16":"product-type-variable"},"ct_brands":[{"id":375,"name":"SuperFish","slug":"superfish"}],"yoast_head":"<!-- This site is optimized with the Yoast SEO plugin v27.5 - https:\/\/yoast.com\/product\/yoast-seo-wordpress\/ -->\n<title>Akvariumo komplektas SF Start 150 Tropical - Akvariumai namams<\/title>\n<meta name=\"description\" content=\"Akvariumo komplektas SF Start 150 Tropical \u2013 puikus pasirinkimas norintiems prad\u0117ti akvariumininkyst\u0117s hob\u012f be papildom\u0173 r\u016bpes\u010di\u0173.\" \/>\n<meta name=\"robots\" content=\"index, follow, max-snippet:-1, max-image-preview:large, max-video-preview:-1\" \/>\n<link rel=\"canonical\" href=\"https:\/\/koitik.lt\/akvariumai\/produktas\/akvariumo-komplektas-sf-start-150-tropical\/\" \/>\n<meta property=\"og:locale\" content=\"lt_LT\" \/>\n<meta property=\"og:type\" content=\"article\" \/>\n<meta property=\"og:title\" content=\"Akvariumo komplektas SF Start 150 Tropical - Akvariumai namams\" \/>\n<meta property=\"og:description\" content=\"Akvariumo komplektas SF Start 150 Tropical \u2013 puikus pasirinkimas norintiems prad\u0117ti akvariumininkyst\u0117s hob\u012f be papildom\u0173 r\u016bpes\u010di\u0173.\" \/>\n<meta property=\"og:url\" content=\"https:\/\/koitik.lt\/akvariumai\/produktas\/akvariumo-komplektas-sf-start-150-tropical\/\" \/>\n<meta property=\"og:site_name\" content=\"Akvariumai namams\" \/>\n<meta property=\"article:publisher\" content=\"https:\/\/www.facebook.com\/koitik.akvariumai\" \/>\n<meta property=\"article:modified_time\" content=\"2025-09-29T14:06:01+00:00\" \/>\n<meta property=\"og:image\" content=\"https:\/\/koitik.lt\/akvariumai\/wp-content\/uploads\/2025\/09\/CCC2DEDF7B2F2E50533E7C5D264DB45E9BC37979.jpg\" \/>\n\t<meta property=\"og:image:width\" content=\"1200\" \/>\n\t<meta property=\"og:image:height\" content=\"600\" \/>\n\t<meta property=\"og:image:type\" content=\"image\/jpeg\" \/>\n<meta name=\"twitter:card\" content=\"summary_large_image\" \/>\n<meta name=\"twitter:label1\" content=\"Est. reading time\" \/>\n\t<meta name=\"twitter:data1\" content=\"1 minut\u0117\" \/>\n<script type=\"application\/ld+json\" class=\"yoast-schema-graph\">{\"@context\":\"https:\\\/\\\/schema.org\",\"@graph\":[{\"@type\":[\"WebPage\",\"ItemPage\"],\"@id\":\"https:\\\/\\\/koitik.lt\\\/akvariumai\\\/produktas\\\/akvariumo-komplektas-sf-start-150-tropical\\\/\",\"url\":\"https:\\\/\\\/koitik.lt\\\/akvariumai\\\/produktas\\\/akvariumo-komplektas-sf-start-150-tropical\\\/\",\"name\":\"Akvariumo komplektas SF Start 150 Tropical - Akvariumai namams\",\"isPartOf\":{\"@id\":\"https:\\\/\\\/koitik.lt\\\/akvariumai\\\/#website\"},\"primaryImageOfPage\":{\"@id\":\"https:\\\/\\\/koitik.lt\\\/akvariumai\\\/produktas\\\/akvariumo-komplektas-sf-start-150-tropical\\\/#primaryimage\"},\"image\":{\"@id\":\"https:\\\/\\\/koitik.lt\\\/akvariumai\\\/produktas\\\/akvariumo-komplektas-sf-start-150-tropical\\\/#primaryimage\"},\"thumbnailUrl\":\"https:\\\/\\\/koitik.lt\\\/akvariumai\\\/wp-content\\\/uploads\\\/2025\\\/09\\\/Akvariumo-komplektas-SF-Start-150-Tropical-black.webp\",\"datePublished\":\"2025-09-25T05:06:33+00:00\",\"dateModified\":\"2025-09-29T14:06:01+00:00\",\"description\":\"Akvariumo komplektas SF Start 150 Tropical \u2013 puikus pasirinkimas norintiems prad\u0117ti akvariumininkyst\u0117s hob\u012f be papildom\u0173 r\u016bpes\u010di\u0173.\",\"breadcrumb\":{\"@id\":\"https:\\\/\\\/koitik.lt\\\/akvariumai\\\/produktas\\\/akvariumo-komplektas-sf-start-150-tropical\\\/#breadcrumb\"},\"inLanguage\":\"lt-LT\",\"potentialAction\":[{\"@type\":\"ReadAction\",\"target\":[\"https:\\\/\\\/koitik.lt\\\/akvariumai\\\/produktas\\\/akvariumo-komplektas-sf-start-150-tropical\\\/\"]}]},{\"@type\":\"ImageObject\",\"inLanguage\":\"lt-LT\",\"@id\":\"https:\\\/\\\/koitik.lt\\\/akvariumai\\\/produktas\\\/akvariumo-komplektas-sf-start-150-tropical\\\/#primaryimage\",\"url\":\"https:\\\/\\\/koitik.lt\\\/akvariumai\\\/wp-content\\\/uploads\\\/2025\\\/09\\\/Akvariumo-komplektas-SF-Start-150-Tropical-black.webp\",\"contentUrl\":\"https:\\\/\\\/koitik.lt\\\/akvariumai\\\/wp-content\\\/uploads\\\/2025\\\/09\\\/Akvariumo-komplektas-SF-Start-150-Tropical-black.webp\",\"width\":960,\"height\":960,\"caption\":\"Akvariumo komplektas SF Start 150 Tropical black.\"},{\"@type\":\"BreadcrumbList\",\"@id\":\"https:\\\/\\\/koitik.lt\\\/akvariumai\\\/produktas\\\/akvariumo-komplektas-sf-start-150-tropical\\\/#breadcrumb\",\"itemListElement\":[{\"@type\":\"ListItem\",\"position\":1,\"name\":\"Namai\",\"item\":\"https:\\\/\\\/koitik.lt\\\/akvariumai\\\/\"},{\"@type\":\"ListItem\",\"position\":2,\"name\":\"Parduotuv\u0117\",\"item\":\"https:\\\/\\\/koitik.lt\\\/akvariumai\\\/parduotuve\\\/\"},{\"@type\":\"ListItem\",\"position\":3,\"name\":\"Akvariumai\",\"item\":\"https:\\\/\\\/koitik.lt\\\/akvariumai\\\/produkto-kategorija\\\/akvariumai\\\/\"},{\"@type\":\"ListItem\",\"position\":4,\"name\":\"Akvariumo komplektas SF Start 150 Tropical\"}]},{\"@type\":\"WebSite\",\"@id\":\"https:\\\/\\\/koitik.lt\\\/akvariumai\\\/#website\",\"url\":\"https:\\\/\\\/koitik.lt\\\/akvariumai\\\/\",\"name\":\"koitik\",\"description\":\"Akvariumai\",\"publisher\":{\"@id\":\"https:\\\/\\\/koitik.lt\\\/akvariumai\\\/#organization\"},\"potentialAction\":[{\"@type\":\"SearchAction\",\"target\":{\"@type\":\"EntryPoint\",\"urlTemplate\":\"https:\\\/\\\/koitik.lt\\\/akvariumai\\\/?s={search_term_string}\"},\"query-input\":{\"@type\":\"PropertyValueSpecification\",\"valueRequired\":true,\"valueName\":\"search_term_string\"}}],\"inLanguage\":\"lt-LT\"},{\"@type\":\"Organization\",\"@id\":\"https:\\\/\\\/koitik.lt\\\/akvariumai\\\/#organization\",\"name\":\"Akvariumai\",\"url\":\"https:\\\/\\\/koitik.lt\\\/akvariumai\\\/\",\"logo\":{\"@type\":\"ImageObject\",\"inLanguage\":\"lt-LT\",\"@id\":\"https:\\\/\\\/koitik.lt\\\/akvariumai\\\/#\\\/schema\\\/logo\\\/image\\\/\",\"url\":\"https:\\\/\\\/koitik.lt\\\/akvariumai\\\/wp-content\\\/uploads\\\/2024\\\/09\\\/logo-green.webp\",\"contentUrl\":\"https:\\\/\\\/koitik.lt\\\/akvariumai\\\/wp-content\\\/uploads\\\/2024\\\/09\\\/logo-green.webp\",\"width\":625,\"height\":625,\"caption\":\"Akvariumai\"},\"image\":{\"@id\":\"https:\\\/\\\/koitik.lt\\\/akvariumai\\\/#\\\/schema\\\/logo\\\/image\\\/\"},\"sameAs\":[\"https:\\\/\\\/www.facebook.com\\\/koitik.akvariumai\",\"https:\\\/\\\/www.instagram.com\\\/koitik.akvariumai\\\/\",\"https:\\\/\\\/www.linkedin.com\\\/company\\\/koitik\\\/\",\"https:\\\/\\\/www.youtube.com\\\/@koitik\"]}]}<\/script>\n<!-- \/ Yoast SEO plugin. -->","yoast_head_json":{"title":"Akvariumo komplektas SF Start 150 Tropical - Akvariumai namams","description":"Akvariumo komplektas SF Start 150 Tropical \u2013 puikus pasirinkimas norintiems prad\u0117ti akvariumininkyst\u0117s hob\u012f be papildom\u0173 r\u016bpes\u010di\u0173.","robots":{"index":"index","follow":"follow","max-snippet":"max-snippet:-1","max-image-preview":"max-image-preview:large","max-video-preview":"max-video-preview:-1"},"canonical":"https:\/\/koitik.lt\/akvariumai\/produktas\/akvariumo-komplektas-sf-start-150-tropical\/","og_locale":"lt_LT","og_type":"article","og_title":"Akvariumo komplektas SF Start 150 Tropical - Akvariumai namams","og_description":"Akvariumo komplektas SF Start 150 Tropical \u2013 puikus pasirinkimas norintiems prad\u0117ti akvariumininkyst\u0117s hob\u012f be papildom\u0173 r\u016bpes\u010di\u0173.","og_url":"https:\/\/koitik.lt\/akvariumai\/produktas\/akvariumo-komplektas-sf-start-150-tropical\/","og_site_name":"Akvariumai namams","article_publisher":"https:\/\/www.facebook.com\/koitik.akvariumai","article_modified_time":"2025-09-29T14:06:01+00:00","og_image":[{"width":1200,"height":600,"url":"https:\/\/koitik.lt\/akvariumai\/wp-content\/uploads\/2025\/09\/CCC2DEDF7B2F2E50533E7C5D264DB45E9BC37979.jpg","type":"image\/jpeg"}],"twitter_card":"summary_large_image","twitter_misc":{"Est. reading time":"1 minut\u0117"},"schema":{"@context":"https:\/\/schema.org","@graph":[{"@type":["WebPage","ItemPage"],"@id":"https:\/\/koitik.lt\/akvariumai\/produktas\/akvariumo-komplektas-sf-start-150-tropical\/","url":"https:\/\/koitik.lt\/akvariumai\/produktas\/akvariumo-komplektas-sf-start-150-tropical\/","name":"Akvariumo komplektas SF Start 150 Tropical - Akvariumai namams","isPartOf":{"@id":"https:\/\/koitik.lt\/akvariumai\/#website"},"primaryImageOfPage":{"@id":"https:\/\/koitik.lt\/akvariumai\/produktas\/akvariumo-komplektas-sf-start-150-tropical\/#primaryimage"},"image":{"@id":"https:\/\/koitik.lt\/akvariumai\/produktas\/akvariumo-komplektas-sf-start-150-tropical\/#primaryimage"},"thumbnailUrl":"https:\/\/koitik.lt\/akvariumai\/wp-content\/uploads\/2025\/09\/Akvariumo-komplektas-SF-Start-150-Tropical-black.webp","datePublished":"2025-09-25T05:06:33+00:00","dateModified":"2025-09-29T14:06:01+00:00","description":"Akvariumo komplektas SF Start 150 Tropical \u2013 puikus pasirinkimas norintiems prad\u0117ti akvariumininkyst\u0117s hob\u012f be papildom\u0173 r\u016bpes\u010di\u0173.","breadcrumb":{"@id":"https:\/\/koitik.lt\/akvariumai\/produktas\/akvariumo-komplektas-sf-start-150-tropical\/#breadcrumb"},"inLanguage":"lt-LT","potentialAction":[{"@type":"ReadAction","target":["https:\/\/koitik.lt\/akvariumai\/produktas\/akvariumo-komplektas-sf-start-150-tropical\/"]}]},{"@type":"ImageObject","inLanguage":"lt-LT","@id":"https:\/\/koitik.lt\/akvariumai\/produktas\/akvariumo-komplektas-sf-start-150-tropical\/#primaryimage","url":"https:\/\/koitik.lt\/akvariumai\/wp-content\/uploads\/2025\/09\/Akvariumo-komplektas-SF-Start-150-Tropical-black.webp","contentUrl":"https:\/\/koitik.lt\/akvariumai\/wp-content\/uploads\/2025\/09\/Akvariumo-komplektas-SF-Start-150-Tropical-black.webp","width":960,"height":960,"caption":"Akvariumo komplektas SF Start 150 Tropical black."},{"@type":"BreadcrumbList","@id":"https:\/\/koitik.lt\/akvariumai\/produktas\/akvariumo-komplektas-sf-start-150-tropical\/#breadcrumb","itemListElement":[{"@type":"ListItem","position":1,"name":"Namai","item":"https:\/\/koitik.lt\/akvariumai\/"},{"@type":"ListItem","position":2,"name":"Parduotuv\u0117","item":"https:\/\/koitik.lt\/akvariumai\/parduotuve\/"},{"@type":"ListItem","position":3,"name":"Akvariumai","item":"https:\/\/koitik.lt\/akvariumai\/produkto-kategorija\/akvariumai\/"},{"@type":"ListItem","position":4,"name":"Akvariumo komplektas SF Start 150 Tropical"}]},{"@type":"WebSite","@id":"https:\/\/koitik.lt\/akvariumai\/#website","url":"https:\/\/koitik.lt\/akvariumai\/","name":"koitik","description":"Akvariumai","publisher":{"@id":"https:\/\/koitik.lt\/akvariumai\/#organization"},"potentialAction":[{"@type":"SearchAction","target":{"@type":"EntryPoint","urlTemplate":"https:\/\/koitik.lt\/akvariumai\/?s={search_term_string}"},"query-input":{"@type":"PropertyValueSpecification","valueRequired":true,"valueName":"search_term_string"}}],"inLanguage":"lt-LT"},{"@type":"Organization","@id":"https:\/\/koitik.lt\/akvariumai\/#organization","name":"Akvariumai","url":"https:\/\/koitik.lt\/akvariumai\/","logo":{"@type":"ImageObject","inLanguage":"lt-LT","@id":"https:\/\/koitik.lt\/akvariumai\/#\/schema\/logo\/image\/","url":"https:\/\/koitik.lt\/akvariumai\/wp-content\/uploads\/2024\/09\/logo-green.webp","contentUrl":"https:\/\/koitik.lt\/akvariumai\/wp-content\/uploads\/2024\/09\/logo-green.webp","width":625,"height":625,"caption":"Akvariumai"},"image":{"@id":"https:\/\/koitik.lt\/akvariumai\/#\/schema\/logo\/image\/"},"sameAs":["https:\/\/www.facebook.com\/koitik.akvariumai","https:\/\/www.instagram.com\/koitik.akvariumai\/","https:\/\/www.linkedin.com\/company\/koitik\/","https:\/\/www.youtube.com\/@koitik"]}]}},"_links":{"self":[{"href":"https:\/\/koitik.lt\/akvariumai\/wp-json\/wp\/v2\/product\/4372","targetHints":{"allow":["GET"]}}],"collection":[{"href":"https:\/\/koitik.lt\/akvariumai\/wp-json\/wp\/v2\/product"}],"about":[{"href":"https:\/\/koitik.lt\/akvariumai\/wp-json\/wp\/v2\/types\/product"}],"replies":[{"embeddable":true,"href":"https:\/\/koitik.lt\/akvariumai\/wp-json\/wp\/v2\/comments?post=4372"}],"wp:featuredmedia":[{"embeddable":true,"href":"https:\/\/koitik.lt\/akvariumai\/wp-json\/wp\/v2\/media\/4376"}],"wp:attachment":[{"href":"https:\/\/koitik.lt\/akvariumai\/wp-json\/wp\/v2\/media?parent=4372"}],"wp:term":[{"taxonomy":"product_brand","embeddable":true,"href":"https:\/\/koitik.lt\/akvariumai\/wp-json\/wp\/v2\/product_brand?post=4372"},{"taxonomy":"product_cat","embeddable":true,"href":"https:\/\/koitik.lt\/akvariumai\/wp-json\/wp\/v2\/product_cat?post=4372"},{"taxonomy":"product_tag","embeddable":true,"href":"https:\/\/koitik.lt\/akvariumai\/wp-json\/wp\/v2\/product_tag?post=4372"}],"curies":[{"name":"wp","href":"https:\/\/api.w.org\/{rel}","templated":true}]}}