{"id":4478,"date":"2025-09-29T17:00:54","date_gmt":"2025-09-29T17:00:54","guid":{"rendered":"https:\/\/koitik.lt\/akvariumai\/?post_type=product&#038;p=4478"},"modified":"2025-09-29T18:14:33","modified_gmt":"2025-09-29T18:14:33","slug":"vidinis-akvariumo-filtras-oase-biocompact-50","status":"publish","type":"product","link":"https:\/\/koitik.lt\/akvariumai\/produktas\/vidinis-akvariumo-filtras-oase-biocompact-50\/","title":{"rendered":"Vidinis akvariumo filtras OASE BioCompact 50"},"content":{"rendered":"","protected":false},"excerpt":{"rendered":"<p data-start=\"134\" data-end=\"321\">Vidinis akvariumo filtras <strong>OASE BioCompact 50<\/strong> \u2013 tai kompakti\u0161kas vidinis filtras, kuris veikia efektyviai ma\u017eo t\u016brio akvariumuose ar paludariumuose. Jis jungia mechanin\u012f, biologin\u012f ir chemin\u012f filtravim\u0105, ir palaiko skaidr\u0173 bei sveik\u0105 vanden\u012f.<\/p>\n<p dir=\"ltr\" data-placeholder=\"Vertimas\"><strong>Apie produkt\u0105:<\/strong><\/p>\n<ul>\n<li data-start=\"417\" data-end=\"582\">\n<p data-start=\"419\" data-end=\"582\"><strong data-start=\"419\" data-end=\"444\">Kompakti\u0161kas dizainas<\/strong> \u2013 gali b\u016bti montuojamas horizontaliai arba vertikaliai, tad tinka \u012fvairiems akvariumo dizainams.<\/p>\n<\/li>\n<li data-start=\"583\" data-end=\"723\">\n<p data-start=\"585\" data-end=\"723\"><strong data-start=\"585\" data-end=\"613\">Kintantis vandens srautas<\/strong> \u2013 pritaikomas na\u0161umas pagal poreik\u012f, padeda kontroliuoti vandens cirkuliacij\u0105.<\/p>\n<\/li>\n<li data-start=\"724\" data-end=\"889\">\n<p data-start=\"726\" data-end=\"889\"><strong data-start=\"726\" data-end=\"759\">Didel\u0117 filtro pavir\u0161iaus zona<\/strong> \u2013 net ir ma\u017eame korpuse telpa efektyvus biologinis, mechaninis ir cheminis filtravimas.<\/p>\n<\/li>\n<li data-start=\"890\" data-end=\"1046\">\n<p data-start=\"892\" data-end=\"1046\"><strong data-start=\"892\" data-end=\"920\">Anglies filtro kempin\u0117s<\/strong> \u2013 aktyvioji anglis sugeria nepageidaujamas med\u017eiagas, o kempin\u0117s forma palengvina jos keitim\u0105.<\/p>\n<\/li>\n<li data-start=\"890\" data-end=\"1046\">\n<p data-start=\"892\" data-end=\"1046\"><strong data-start=\"1049\" data-end=\"1064\">Tylus veikimas<\/strong> \u2013 konstrukcija su garso slopinimo elementais, nekelian\u010dia triuk\u0161mo.<\/p>\n<\/li>\n<li data-start=\"1167\" data-end=\"1297\">\n<p data-start=\"1169\" data-end=\"1297\"><strong data-start=\"1169\" data-end=\"1191\">Energijos taupymas<\/strong> \u2013 ma\u017eas elektros suvartojimas 5 W.<\/p>\n<\/li>\n<li data-start=\"1298\" data-end=\"1386\">\n<p data-start=\"1300\" data-end=\"1386\"><strong data-start=\"1300\" data-end=\"1320\">3 met\u0173 garantija<\/strong> \u2013 patikimumui ir saugumui.<\/p>\n<\/li>\n<\/ul>\n","protected":false},"featured_media":4479,"comment_status":"open","ping_status":"closed","template":"","meta":{"_gspb_post_css":""},"product_brand":[149],"product_cat":[394],"product_tag":[422],"class_list":{"0":"post-4478","1":"product","2":"type-product","3":"status-publish","4":"has-post-thumbnail","6":"product_brand-oase","7":"product_cat-akvariumo-filtrai","8":"product_tag-biocompact","9":"product_shipping_class-telpa","11":"first","12":"onbackorder","13":"taxable","14":"shipping-taxable","15":"purchasable","16":"product-type-simple"},"ct_brands":[{"id":149,"name":"OASE","slug":"oase"}],"yoast_head":"<!-- This site is optimized with the Yoast SEO plugin v27.4 - https:\/\/yoast.com\/product\/yoast-seo-wordpress\/ -->\n<title>Vidinis akvariumo filtras OASE BioCompact 50 - Akvariumai namams<\/title>\n<meta name=\"description\" content=\"Vidinis akvariumo filtras OASE BioCompact 50\u2013 tai pilnas filtravimo sprendimas ma\u017eiems akvariumams, su integruotu mechaniniu ir biologiniu filtru.\" \/>\n<meta name=\"robots\" content=\"index, follow, max-snippet:-1, max-image-preview:large, max-video-preview:-1\" \/>\n<link rel=\"canonical\" href=\"https:\/\/koitik.lt\/akvariumai\/produktas\/vidinis-akvariumo-filtras-oase-biocompact-50\/\" \/>\n<meta property=\"og:locale\" content=\"lt_LT\" \/>\n<meta property=\"og:type\" content=\"article\" \/>\n<meta property=\"og:title\" content=\"Vidinis akvariumo filtras OASE BioCompact 50 - Akvariumai namams\" \/>\n<meta property=\"og:description\" content=\"Vidinis akvariumo filtras OASE BioCompact 50\u2013 tai pilnas filtravimo sprendimas ma\u017eiems akvariumams, su integruotu mechaniniu ir biologiniu filtru.\" \/>\n<meta property=\"og:url\" content=\"https:\/\/koitik.lt\/akvariumai\/produktas\/vidinis-akvariumo-filtras-oase-biocompact-50\/\" \/>\n<meta property=\"og:site_name\" content=\"Akvariumai namams\" \/>\n<meta property=\"article:publisher\" content=\"https:\/\/www.facebook.com\/koitik.akvariumai\" \/>\n<meta property=\"article:modified_time\" content=\"2025-09-29T18:14:33+00:00\" \/>\n<meta property=\"og:image\" content=\"https:\/\/koitik.lt\/akvariumai\/wp-content\/uploads\/2025\/09\/Vidinis-akvariumo-filtras-OASE-BioCompact-50.webp\" \/>\n\t<meta property=\"og:image:width\" content=\"960\" \/>\n\t<meta property=\"og:image:height\" content=\"960\" \/>\n\t<meta property=\"og:image:type\" content=\"image\/webp\" \/>\n<meta name=\"twitter:card\" content=\"summary_large_image\" \/>\n<meta name=\"twitter:label1\" content=\"Est. reading time\" \/>\n\t<meta name=\"twitter:data1\" content=\"1 minut\u0117\" \/>\n<script type=\"application\/ld+json\" class=\"yoast-schema-graph\">{\"@context\":\"https:\\\/\\\/schema.org\",\"@graph\":[{\"@type\":[\"WebPage\",\"ItemPage\"],\"@id\":\"https:\\\/\\\/koitik.lt\\\/akvariumai\\\/produktas\\\/vidinis-akvariumo-filtras-oase-biocompact-50\\\/\",\"url\":\"https:\\\/\\\/koitik.lt\\\/akvariumai\\\/produktas\\\/vidinis-akvariumo-filtras-oase-biocompact-50\\\/\",\"name\":\"Vidinis akvariumo filtras OASE BioCompact 50 - Akvariumai namams\",\"isPartOf\":{\"@id\":\"https:\\\/\\\/koitik.lt\\\/akvariumai\\\/#website\"},\"primaryImageOfPage\":{\"@id\":\"https:\\\/\\\/koitik.lt\\\/akvariumai\\\/produktas\\\/vidinis-akvariumo-filtras-oase-biocompact-50\\\/#primaryimage\"},\"image\":{\"@id\":\"https:\\\/\\\/koitik.lt\\\/akvariumai\\\/produktas\\\/vidinis-akvariumo-filtras-oase-biocompact-50\\\/#primaryimage\"},\"thumbnailUrl\":\"https:\\\/\\\/koitik.lt\\\/akvariumai\\\/wp-content\\\/uploads\\\/2025\\\/09\\\/Vidinis-akvariumo-filtras-OASE-BioCompact-50.webp\",\"datePublished\":\"2025-09-29T17:00:54+00:00\",\"dateModified\":\"2025-09-29T18:14:33+00:00\",\"description\":\"Vidinis akvariumo filtras OASE BioCompact 50\u2013 tai pilnas filtravimo sprendimas ma\u017eiems akvariumams, su integruotu mechaniniu ir biologiniu filtru.\",\"breadcrumb\":{\"@id\":\"https:\\\/\\\/koitik.lt\\\/akvariumai\\\/produktas\\\/vidinis-akvariumo-filtras-oase-biocompact-50\\\/#breadcrumb\"},\"inLanguage\":\"lt-LT\",\"potentialAction\":[{\"@type\":\"ReadAction\",\"target\":[\"https:\\\/\\\/koitik.lt\\\/akvariumai\\\/produktas\\\/vidinis-akvariumo-filtras-oase-biocompact-50\\\/\"]}]},{\"@type\":\"ImageObject\",\"inLanguage\":\"lt-LT\",\"@id\":\"https:\\\/\\\/koitik.lt\\\/akvariumai\\\/produktas\\\/vidinis-akvariumo-filtras-oase-biocompact-50\\\/#primaryimage\",\"url\":\"https:\\\/\\\/koitik.lt\\\/akvariumai\\\/wp-content\\\/uploads\\\/2025\\\/09\\\/Vidinis-akvariumo-filtras-OASE-BioCompact-50.webp\",\"contentUrl\":\"https:\\\/\\\/koitik.lt\\\/akvariumai\\\/wp-content\\\/uploads\\\/2025\\\/09\\\/Vidinis-akvariumo-filtras-OASE-BioCompact-50.webp\",\"width\":960,\"height\":960,\"caption\":\"Vidinis akvariumo filtras OASE BioCompact 50\"},{\"@type\":\"BreadcrumbList\",\"@id\":\"https:\\\/\\\/koitik.lt\\\/akvariumai\\\/produktas\\\/vidinis-akvariumo-filtras-oase-biocompact-50\\\/#breadcrumb\",\"itemListElement\":[{\"@type\":\"ListItem\",\"position\":1,\"name\":\"Namai\",\"item\":\"https:\\\/\\\/koitik.lt\\\/akvariumai\\\/\"},{\"@type\":\"ListItem\",\"position\":2,\"name\":\"Parduotuv\u0117\",\"item\":\"https:\\\/\\\/koitik.lt\\\/akvariumai\\\/parduotuve\\\/\"},{\"@type\":\"ListItem\",\"position\":3,\"name\":\"Akvariumo filtrai\",\"item\":\"https:\\\/\\\/koitik.lt\\\/akvariumai\\\/produkto-kategorija\\\/akvariumo-filtrai\\\/\"},{\"@type\":\"ListItem\",\"position\":4,\"name\":\"Vidinis akvariumo filtras OASE BioCompact 50\"}]},{\"@type\":\"WebSite\",\"@id\":\"https:\\\/\\\/koitik.lt\\\/akvariumai\\\/#website\",\"url\":\"https:\\\/\\\/koitik.lt\\\/akvariumai\\\/\",\"name\":\"koitik\",\"description\":\"Akvariumai\",\"publisher\":{\"@id\":\"https:\\\/\\\/koitik.lt\\\/akvariumai\\\/#organization\"},\"potentialAction\":[{\"@type\":\"SearchAction\",\"target\":{\"@type\":\"EntryPoint\",\"urlTemplate\":\"https:\\\/\\\/koitik.lt\\\/akvariumai\\\/?s={search_term_string}\"},\"query-input\":{\"@type\":\"PropertyValueSpecification\",\"valueRequired\":true,\"valueName\":\"search_term_string\"}}],\"inLanguage\":\"lt-LT\"},{\"@type\":\"Organization\",\"@id\":\"https:\\\/\\\/koitik.lt\\\/akvariumai\\\/#organization\",\"name\":\"Akvariumai\",\"url\":\"https:\\\/\\\/koitik.lt\\\/akvariumai\\\/\",\"logo\":{\"@type\":\"ImageObject\",\"inLanguage\":\"lt-LT\",\"@id\":\"https:\\\/\\\/koitik.lt\\\/akvariumai\\\/#\\\/schema\\\/logo\\\/image\\\/\",\"url\":\"https:\\\/\\\/koitik.lt\\\/akvariumai\\\/wp-content\\\/uploads\\\/2024\\\/09\\\/logo-green.webp\",\"contentUrl\":\"https:\\\/\\\/koitik.lt\\\/akvariumai\\\/wp-content\\\/uploads\\\/2024\\\/09\\\/logo-green.webp\",\"width\":625,\"height\":625,\"caption\":\"Akvariumai\"},\"image\":{\"@id\":\"https:\\\/\\\/koitik.lt\\\/akvariumai\\\/#\\\/schema\\\/logo\\\/image\\\/\"},\"sameAs\":[\"https:\\\/\\\/www.facebook.com\\\/koitik.akvariumai\",\"https:\\\/\\\/www.instagram.com\\\/koitik.akvariumai\\\/\",\"https:\\\/\\\/www.linkedin.com\\\/company\\\/koitik\\\/\",\"https:\\\/\\\/www.youtube.com\\\/@koitik\"]}]}<\/script>\n<!-- \/ Yoast SEO plugin. -->","yoast_head_json":{"title":"Vidinis akvariumo filtras OASE BioCompact 50 - Akvariumai namams","description":"Vidinis akvariumo filtras OASE BioCompact 50\u2013 tai pilnas filtravimo sprendimas ma\u017eiems akvariumams, su integruotu mechaniniu ir biologiniu filtru.","robots":{"index":"index","follow":"follow","max-snippet":"max-snippet:-1","max-image-preview":"max-image-preview:large","max-video-preview":"max-video-preview:-1"},"canonical":"https:\/\/koitik.lt\/akvariumai\/produktas\/vidinis-akvariumo-filtras-oase-biocompact-50\/","og_locale":"lt_LT","og_type":"article","og_title":"Vidinis akvariumo filtras OASE BioCompact 50 - Akvariumai namams","og_description":"Vidinis akvariumo filtras OASE BioCompact 50\u2013 tai pilnas filtravimo sprendimas ma\u017eiems akvariumams, su integruotu mechaniniu ir biologiniu filtru.","og_url":"https:\/\/koitik.lt\/akvariumai\/produktas\/vidinis-akvariumo-filtras-oase-biocompact-50\/","og_site_name":"Akvariumai namams","article_publisher":"https:\/\/www.facebook.com\/koitik.akvariumai","article_modified_time":"2025-09-29T18:14:33+00:00","og_image":[{"width":960,"height":960,"url":"https:\/\/koitik.lt\/akvariumai\/wp-content\/uploads\/2025\/09\/Vidinis-akvariumo-filtras-OASE-BioCompact-50.webp","type":"image\/webp"}],"twitter_card":"summary_large_image","twitter_misc":{"Est. reading time":"1 minut\u0117"},"schema":{"@context":"https:\/\/schema.org","@graph":[{"@type":["WebPage","ItemPage"],"@id":"https:\/\/koitik.lt\/akvariumai\/produktas\/vidinis-akvariumo-filtras-oase-biocompact-50\/","url":"https:\/\/koitik.lt\/akvariumai\/produktas\/vidinis-akvariumo-filtras-oase-biocompact-50\/","name":"Vidinis akvariumo filtras OASE BioCompact 50 - Akvariumai namams","isPartOf":{"@id":"https:\/\/koitik.lt\/akvariumai\/#website"},"primaryImageOfPage":{"@id":"https:\/\/koitik.lt\/akvariumai\/produktas\/vidinis-akvariumo-filtras-oase-biocompact-50\/#primaryimage"},"image":{"@id":"https:\/\/koitik.lt\/akvariumai\/produktas\/vidinis-akvariumo-filtras-oase-biocompact-50\/#primaryimage"},"thumbnailUrl":"https:\/\/koitik.lt\/akvariumai\/wp-content\/uploads\/2025\/09\/Vidinis-akvariumo-filtras-OASE-BioCompact-50.webp","datePublished":"2025-09-29T17:00:54+00:00","dateModified":"2025-09-29T18:14:33+00:00","description":"Vidinis akvariumo filtras OASE BioCompact 50\u2013 tai pilnas filtravimo sprendimas ma\u017eiems akvariumams, su integruotu mechaniniu ir biologiniu filtru.","breadcrumb":{"@id":"https:\/\/koitik.lt\/akvariumai\/produktas\/vidinis-akvariumo-filtras-oase-biocompact-50\/#breadcrumb"},"inLanguage":"lt-LT","potentialAction":[{"@type":"ReadAction","target":["https:\/\/koitik.lt\/akvariumai\/produktas\/vidinis-akvariumo-filtras-oase-biocompact-50\/"]}]},{"@type":"ImageObject","inLanguage":"lt-LT","@id":"https:\/\/koitik.lt\/akvariumai\/produktas\/vidinis-akvariumo-filtras-oase-biocompact-50\/#primaryimage","url":"https:\/\/koitik.lt\/akvariumai\/wp-content\/uploads\/2025\/09\/Vidinis-akvariumo-filtras-OASE-BioCompact-50.webp","contentUrl":"https:\/\/koitik.lt\/akvariumai\/wp-content\/uploads\/2025\/09\/Vidinis-akvariumo-filtras-OASE-BioCompact-50.webp","width":960,"height":960,"caption":"Vidinis akvariumo filtras OASE BioCompact 50"},{"@type":"BreadcrumbList","@id":"https:\/\/koitik.lt\/akvariumai\/produktas\/vidinis-akvariumo-filtras-oase-biocompact-50\/#breadcrumb","itemListElement":[{"@type":"ListItem","position":1,"name":"Namai","item":"https:\/\/koitik.lt\/akvariumai\/"},{"@type":"ListItem","position":2,"name":"Parduotuv\u0117","item":"https:\/\/koitik.lt\/akvariumai\/parduotuve\/"},{"@type":"ListItem","position":3,"name":"Akvariumo filtrai","item":"https:\/\/koitik.lt\/akvariumai\/produkto-kategorija\/akvariumo-filtrai\/"},{"@type":"ListItem","position":4,"name":"Vidinis akvariumo filtras OASE BioCompact 50"}]},{"@type":"WebSite","@id":"https:\/\/koitik.lt\/akvariumai\/#website","url":"https:\/\/koitik.lt\/akvariumai\/","name":"koitik","description":"Akvariumai","publisher":{"@id":"https:\/\/koitik.lt\/akvariumai\/#organization"},"potentialAction":[{"@type":"SearchAction","target":{"@type":"EntryPoint","urlTemplate":"https:\/\/koitik.lt\/akvariumai\/?s={search_term_string}"},"query-input":{"@type":"PropertyValueSpecification","valueRequired":true,"valueName":"search_term_string"}}],"inLanguage":"lt-LT"},{"@type":"Organization","@id":"https:\/\/koitik.lt\/akvariumai\/#organization","name":"Akvariumai","url":"https:\/\/koitik.lt\/akvariumai\/","logo":{"@type":"ImageObject","inLanguage":"lt-LT","@id":"https:\/\/koitik.lt\/akvariumai\/#\/schema\/logo\/image\/","url":"https:\/\/koitik.lt\/akvariumai\/wp-content\/uploads\/2024\/09\/logo-green.webp","contentUrl":"https:\/\/koitik.lt\/akvariumai\/wp-content\/uploads\/2024\/09\/logo-green.webp","width":625,"height":625,"caption":"Akvariumai"},"image":{"@id":"https:\/\/koitik.lt\/akvariumai\/#\/schema\/logo\/image\/"},"sameAs":["https:\/\/www.facebook.com\/koitik.akvariumai","https:\/\/www.instagram.com\/koitik.akvariumai\/","https:\/\/www.linkedin.com\/company\/koitik\/","https:\/\/www.youtube.com\/@koitik"]}]}},"_links":{"self":[{"href":"https:\/\/koitik.lt\/akvariumai\/wp-json\/wp\/v2\/product\/4478","targetHints":{"allow":["GET"]}}],"collection":[{"href":"https:\/\/koitik.lt\/akvariumai\/wp-json\/wp\/v2\/product"}],"about":[{"href":"https:\/\/koitik.lt\/akvariumai\/wp-json\/wp\/v2\/types\/product"}],"replies":[{"embeddable":true,"href":"https:\/\/koitik.lt\/akvariumai\/wp-json\/wp\/v2\/comments?post=4478"}],"wp:featuredmedia":[{"embeddable":true,"href":"https:\/\/koitik.lt\/akvariumai\/wp-json\/wp\/v2\/media\/4479"}],"wp:attachment":[{"href":"https:\/\/koitik.lt\/akvariumai\/wp-json\/wp\/v2\/media?parent=4478"}],"wp:term":[{"taxonomy":"product_brand","embeddable":true,"href":"https:\/\/koitik.lt\/akvariumai\/wp-json\/wp\/v2\/product_brand?post=4478"},{"taxonomy":"product_cat","embeddable":true,"href":"https:\/\/koitik.lt\/akvariumai\/wp-json\/wp\/v2\/product_cat?post=4478"},{"taxonomy":"product_tag","embeddable":true,"href":"https:\/\/koitik.lt\/akvariumai\/wp-json\/wp\/v2\/product_tag?post=4478"}],"curies":[{"name":"wp","href":"https:\/\/api.w.org\/{rel}","templated":true}]}}