{"id":4485,"date":"2025-09-29T18:12:43","date_gmt":"2025-09-29T18:12:43","guid":{"rendered":"https:\/\/koitik.lt\/akvariumai\/?post_type=product&#038;p=4485"},"modified":"2025-09-30T11:02:48","modified_gmt":"2025-09-30T11:02:48","slug":"isorinis-akvariumo-filtras-oase-filtosmart-60","status":"publish","type":"product","link":"https:\/\/koitik.lt\/akvariumai\/produktas\/isorinis-akvariumo-filtras-oase-filtosmart-60\/","title":{"rendered":"I\u0161orinis akvariumo filtras OASE FiltoSmart 60"},"content":{"rendered":"","protected":false},"excerpt":{"rendered":"<p>I\u0161orinis akvariumo filtras<strong data-start=\"177\" data-end=\"219\"> OASE FiltoSmart 60 &#8211; <\/strong>sujungia efektyv\u0173 mechanin\u012f ir biologin\u012f filtravim\u0105 kompakti\u0161kame korpuse. Su dideliu filtravimo pavir\u0161iumi, tylia veikla ir \u017eemomis energijos s\u0105naudomis jis puikiai tinka tiems, kurie nori kuo ma\u017eiau r\u016bpes\u010di\u0173 d\u0117l akvariumo prie\u017ei\u016bros.<\/p>\n<p dir=\"ltr\" data-placeholder=\"Vertimas\"><strong>Apie produkt\u0105:<\/strong><\/p>\n<ul>\n<li data-start=\"561\" data-end=\"733\">\n<p data-start=\"563\" data-end=\"733\"><strong data-start=\"563\" data-end=\"591\">Daugiaetapis filtravimas<\/strong> \u2013 mechaninis + biologinis filtras efektyviai pa\u0161alina ne\u0161varumus bei skatina nauding\u0173 bakterij\u0173 kolonizacij\u0105.<\/p>\n<\/li>\n<li data-start=\"734\" data-end=\"923\">\n<p data-start=\"736\" data-end=\"923\"><strong data-start=\"736\" data-end=\"769\">Komplektas paruo\u0161tas veikimui<\/strong> \u2013 kartu pristatomos filtro med\u017eiagos, \u017earnos, adapteriai, \u012fsiurbimo ir i\u0161leidimo vamzd\u017eiai bei vandens difuzorius.<\/p>\n<\/li>\n<li data-start=\"924\" data-end=\"1095\">\n<p data-start=\"926\" data-end=\"1095\"><strong data-start=\"926\" data-end=\"972\">Automatinis oro pa\u0161alinimas (self-venting)<\/strong> \u2013 palengvina eksploatavim\u0105 ir u\u017etikrina, kad oro burbuliukai netrukdyt\u0173 veikimui.<\/p>\n<\/li>\n<li data-start=\"1096\" data-end=\"1226\">\n<p data-start=\"1098\" data-end=\"1226\"><strong data-start=\"1098\" data-end=\"1136\">Energeti\u0161kai efektyvus ir tylus veikimas<\/strong> \u2013 vos 5 W galia ir gars\u0105 slopinanti konstrukcija.<\/p>\n<\/li>\n<li data-start=\"1227\" data-end=\"1414\">\n<p data-start=\"1229\" data-end=\"1414\"><strong data-start=\"1229\" data-end=\"1252\">Lankstus montavimas<\/strong> \u2013 gali b\u016bti statomas \u0161alia arba u\u017e akvariumo; papildomai galima tvirtinti ant sienel\u0117s su laikikliu (kartu ne komplektuojama).<\/p>\n<\/li>\n<li data-start=\"1415\" data-end=\"1531\">\n<p data-start=\"1417\" data-end=\"1531\"><strong data-start=\"1417\" data-end=\"1465\">Skirtas tiek g\u0117lam, tiek s\u016briam vandeniui<\/strong> \u2013 universalus sprendimas.<\/p>\n<\/li>\n<li data-start=\"1532\" data-end=\"1620\">\n<p data-start=\"1534\" data-end=\"1620\"><strong data-start=\"1534\" data-end=\"1547\">Garantija<\/strong> \u2013 suteikiama 3 met\u0173 garantija.<\/p>\n<\/li>\n<\/ul>\n","protected":false},"featured_media":4488,"comment_status":"open","ping_status":"closed","template":"","meta":{"_gspb_post_css":""},"product_brand":[149],"product_cat":[394],"product_tag":[425],"class_list":{"0":"post-4485","1":"product","2":"type-product","3":"status-publish","4":"has-post-thumbnail","6":"product_brand-oase","7":"product_cat-akvariumo-filtrai","8":"product_tag-filtosmart","9":"product_shipping_class-telpa","11":"first","12":"onbackorder","13":"taxable","14":"shipping-taxable","15":"purchasable","16":"product-type-simple"},"ct_brands":[{"id":149,"name":"OASE","slug":"oase"}],"yoast_head":"<!-- This site is optimized with the Yoast SEO plugin v27.4 - https:\/\/yoast.com\/product\/yoast-seo-wordpress\/ -->\n<title>I\u0161orinis akvariumo filtras OASE FiltoSmart 60 - Akvariumai namams<\/title>\n<meta name=\"description\" content=\"I\u0161orinis akvariumo filtras OASE FiltoSmart 60 - sujungia efektyv\u0173 mechanin\u012f ir biologin\u012f filtravim\u0105 kompakti\u0161kame korpuse.\" \/>\n<meta name=\"robots\" content=\"index, follow, max-snippet:-1, max-image-preview:large, max-video-preview:-1\" \/>\n<link rel=\"canonical\" href=\"https:\/\/koitik.lt\/akvariumai\/produktas\/isorinis-akvariumo-filtras-oase-filtosmart-60\/\" \/>\n<meta property=\"og:locale\" content=\"lt_LT\" \/>\n<meta property=\"og:type\" content=\"article\" \/>\n<meta property=\"og:title\" content=\"I\u0161orinis akvariumo filtras OASE FiltoSmart 60 - Akvariumai namams\" \/>\n<meta property=\"og:description\" content=\"I\u0161orinis akvariumo filtras OASE FiltoSmart 60 - sujungia efektyv\u0173 mechanin\u012f ir biologin\u012f filtravim\u0105 kompakti\u0161kame korpuse.\" \/>\n<meta property=\"og:url\" content=\"https:\/\/koitik.lt\/akvariumai\/produktas\/isorinis-akvariumo-filtras-oase-filtosmart-60\/\" \/>\n<meta property=\"og:site_name\" content=\"Akvariumai namams\" \/>\n<meta property=\"article:publisher\" content=\"https:\/\/www.facebook.com\/koitik.akvariumai\" \/>\n<meta property=\"article:modified_time\" content=\"2025-09-30T11:02:48+00:00\" \/>\n<meta property=\"og:image\" content=\"https:\/\/koitik.lt\/akvariumai\/wp-content\/uploads\/2025\/09\/Isorinis-akvariumo-filtras-OASE-FiltoSmart-60-2.webp\" \/>\n\t<meta property=\"og:image:width\" content=\"960\" \/>\n\t<meta property=\"og:image:height\" content=\"960\" \/>\n\t<meta property=\"og:image:type\" content=\"image\/webp\" \/>\n<meta name=\"twitter:card\" content=\"summary_large_image\" \/>\n<meta name=\"twitter:label1\" content=\"Est. reading time\" \/>\n\t<meta name=\"twitter:data1\" content=\"1 minut\u0117\" \/>\n<script type=\"application\/ld+json\" class=\"yoast-schema-graph\">{\"@context\":\"https:\\\/\\\/schema.org\",\"@graph\":[{\"@type\":[\"WebPage\",\"ItemPage\"],\"@id\":\"https:\\\/\\\/koitik.lt\\\/akvariumai\\\/produktas\\\/isorinis-akvariumo-filtras-oase-filtosmart-60\\\/\",\"url\":\"https:\\\/\\\/koitik.lt\\\/akvariumai\\\/produktas\\\/isorinis-akvariumo-filtras-oase-filtosmart-60\\\/\",\"name\":\"I\u0161orinis akvariumo filtras OASE FiltoSmart 60 - Akvariumai namams\",\"isPartOf\":{\"@id\":\"https:\\\/\\\/koitik.lt\\\/akvariumai\\\/#website\"},\"primaryImageOfPage\":{\"@id\":\"https:\\\/\\\/koitik.lt\\\/akvariumai\\\/produktas\\\/isorinis-akvariumo-filtras-oase-filtosmart-60\\\/#primaryimage\"},\"image\":{\"@id\":\"https:\\\/\\\/koitik.lt\\\/akvariumai\\\/produktas\\\/isorinis-akvariumo-filtras-oase-filtosmart-60\\\/#primaryimage\"},\"thumbnailUrl\":\"https:\\\/\\\/koitik.lt\\\/akvariumai\\\/wp-content\\\/uploads\\\/2025\\\/09\\\/Isorinis-akvariumo-filtras-OASE-FiltoSmart-60-2.webp\",\"datePublished\":\"2025-09-29T18:12:43+00:00\",\"dateModified\":\"2025-09-30T11:02:48+00:00\",\"description\":\"I\u0161orinis akvariumo filtras OASE FiltoSmart 60 - sujungia efektyv\u0173 mechanin\u012f ir biologin\u012f filtravim\u0105 kompakti\u0161kame korpuse.\",\"breadcrumb\":{\"@id\":\"https:\\\/\\\/koitik.lt\\\/akvariumai\\\/produktas\\\/isorinis-akvariumo-filtras-oase-filtosmart-60\\\/#breadcrumb\"},\"inLanguage\":\"lt-LT\",\"potentialAction\":[{\"@type\":\"ReadAction\",\"target\":[\"https:\\\/\\\/koitik.lt\\\/akvariumai\\\/produktas\\\/isorinis-akvariumo-filtras-oase-filtosmart-60\\\/\"]}]},{\"@type\":\"ImageObject\",\"inLanguage\":\"lt-LT\",\"@id\":\"https:\\\/\\\/koitik.lt\\\/akvariumai\\\/produktas\\\/isorinis-akvariumo-filtras-oase-filtosmart-60\\\/#primaryimage\",\"url\":\"https:\\\/\\\/koitik.lt\\\/akvariumai\\\/wp-content\\\/uploads\\\/2025\\\/09\\\/Isorinis-akvariumo-filtras-OASE-FiltoSmart-60-2.webp\",\"contentUrl\":\"https:\\\/\\\/koitik.lt\\\/akvariumai\\\/wp-content\\\/uploads\\\/2025\\\/09\\\/Isorinis-akvariumo-filtras-OASE-FiltoSmart-60-2.webp\",\"width\":960,\"height\":960,\"caption\":\"I\u0161orinis akvariumo filtras OASE FiltoSmart 60\"},{\"@type\":\"BreadcrumbList\",\"@id\":\"https:\\\/\\\/koitik.lt\\\/akvariumai\\\/produktas\\\/isorinis-akvariumo-filtras-oase-filtosmart-60\\\/#breadcrumb\",\"itemListElement\":[{\"@type\":\"ListItem\",\"position\":1,\"name\":\"Namai\",\"item\":\"https:\\\/\\\/koitik.lt\\\/akvariumai\\\/\"},{\"@type\":\"ListItem\",\"position\":2,\"name\":\"Parduotuv\u0117\",\"item\":\"https:\\\/\\\/koitik.lt\\\/akvariumai\\\/parduotuve\\\/\"},{\"@type\":\"ListItem\",\"position\":3,\"name\":\"Akvariumo filtrai\",\"item\":\"https:\\\/\\\/koitik.lt\\\/akvariumai\\\/produkto-kategorija\\\/akvariumo-filtrai\\\/\"},{\"@type\":\"ListItem\",\"position\":4,\"name\":\"I\u0161orinis akvariumo filtras OASE FiltoSmart 60\"}]},{\"@type\":\"WebSite\",\"@id\":\"https:\\\/\\\/koitik.lt\\\/akvariumai\\\/#website\",\"url\":\"https:\\\/\\\/koitik.lt\\\/akvariumai\\\/\",\"name\":\"koitik\",\"description\":\"Akvariumai\",\"publisher\":{\"@id\":\"https:\\\/\\\/koitik.lt\\\/akvariumai\\\/#organization\"},\"potentialAction\":[{\"@type\":\"SearchAction\",\"target\":{\"@type\":\"EntryPoint\",\"urlTemplate\":\"https:\\\/\\\/koitik.lt\\\/akvariumai\\\/?s={search_term_string}\"},\"query-input\":{\"@type\":\"PropertyValueSpecification\",\"valueRequired\":true,\"valueName\":\"search_term_string\"}}],\"inLanguage\":\"lt-LT\"},{\"@type\":\"Organization\",\"@id\":\"https:\\\/\\\/koitik.lt\\\/akvariumai\\\/#organization\",\"name\":\"Akvariumai\",\"url\":\"https:\\\/\\\/koitik.lt\\\/akvariumai\\\/\",\"logo\":{\"@type\":\"ImageObject\",\"inLanguage\":\"lt-LT\",\"@id\":\"https:\\\/\\\/koitik.lt\\\/akvariumai\\\/#\\\/schema\\\/logo\\\/image\\\/\",\"url\":\"https:\\\/\\\/koitik.lt\\\/akvariumai\\\/wp-content\\\/uploads\\\/2024\\\/09\\\/logo-green.webp\",\"contentUrl\":\"https:\\\/\\\/koitik.lt\\\/akvariumai\\\/wp-content\\\/uploads\\\/2024\\\/09\\\/logo-green.webp\",\"width\":625,\"height\":625,\"caption\":\"Akvariumai\"},\"image\":{\"@id\":\"https:\\\/\\\/koitik.lt\\\/akvariumai\\\/#\\\/schema\\\/logo\\\/image\\\/\"},\"sameAs\":[\"https:\\\/\\\/www.facebook.com\\\/koitik.akvariumai\",\"https:\\\/\\\/www.instagram.com\\\/koitik.akvariumai\\\/\",\"https:\\\/\\\/www.linkedin.com\\\/company\\\/koitik\\\/\",\"https:\\\/\\\/www.youtube.com\\\/@koitik\"]}]}<\/script>\n<!-- \/ Yoast SEO plugin. -->","yoast_head_json":{"title":"I\u0161orinis akvariumo filtras OASE FiltoSmart 60 - Akvariumai namams","description":"I\u0161orinis akvariumo filtras OASE FiltoSmart 60 - sujungia efektyv\u0173 mechanin\u012f ir biologin\u012f filtravim\u0105 kompakti\u0161kame korpuse.","robots":{"index":"index","follow":"follow","max-snippet":"max-snippet:-1","max-image-preview":"max-image-preview:large","max-video-preview":"max-video-preview:-1"},"canonical":"https:\/\/koitik.lt\/akvariumai\/produktas\/isorinis-akvariumo-filtras-oase-filtosmart-60\/","og_locale":"lt_LT","og_type":"article","og_title":"I\u0161orinis akvariumo filtras OASE FiltoSmart 60 - Akvariumai namams","og_description":"I\u0161orinis akvariumo filtras OASE FiltoSmart 60 - sujungia efektyv\u0173 mechanin\u012f ir biologin\u012f filtravim\u0105 kompakti\u0161kame korpuse.","og_url":"https:\/\/koitik.lt\/akvariumai\/produktas\/isorinis-akvariumo-filtras-oase-filtosmart-60\/","og_site_name":"Akvariumai namams","article_publisher":"https:\/\/www.facebook.com\/koitik.akvariumai","article_modified_time":"2025-09-30T11:02:48+00:00","og_image":[{"width":960,"height":960,"url":"https:\/\/koitik.lt\/akvariumai\/wp-content\/uploads\/2025\/09\/Isorinis-akvariumo-filtras-OASE-FiltoSmart-60-2.webp","type":"image\/webp"}],"twitter_card":"summary_large_image","twitter_misc":{"Est. reading time":"1 minut\u0117"},"schema":{"@context":"https:\/\/schema.org","@graph":[{"@type":["WebPage","ItemPage"],"@id":"https:\/\/koitik.lt\/akvariumai\/produktas\/isorinis-akvariumo-filtras-oase-filtosmart-60\/","url":"https:\/\/koitik.lt\/akvariumai\/produktas\/isorinis-akvariumo-filtras-oase-filtosmart-60\/","name":"I\u0161orinis akvariumo filtras OASE FiltoSmart 60 - Akvariumai namams","isPartOf":{"@id":"https:\/\/koitik.lt\/akvariumai\/#website"},"primaryImageOfPage":{"@id":"https:\/\/koitik.lt\/akvariumai\/produktas\/isorinis-akvariumo-filtras-oase-filtosmart-60\/#primaryimage"},"image":{"@id":"https:\/\/koitik.lt\/akvariumai\/produktas\/isorinis-akvariumo-filtras-oase-filtosmart-60\/#primaryimage"},"thumbnailUrl":"https:\/\/koitik.lt\/akvariumai\/wp-content\/uploads\/2025\/09\/Isorinis-akvariumo-filtras-OASE-FiltoSmart-60-2.webp","datePublished":"2025-09-29T18:12:43+00:00","dateModified":"2025-09-30T11:02:48+00:00","description":"I\u0161orinis akvariumo filtras OASE FiltoSmart 60 - sujungia efektyv\u0173 mechanin\u012f ir biologin\u012f filtravim\u0105 kompakti\u0161kame korpuse.","breadcrumb":{"@id":"https:\/\/koitik.lt\/akvariumai\/produktas\/isorinis-akvariumo-filtras-oase-filtosmart-60\/#breadcrumb"},"inLanguage":"lt-LT","potentialAction":[{"@type":"ReadAction","target":["https:\/\/koitik.lt\/akvariumai\/produktas\/isorinis-akvariumo-filtras-oase-filtosmart-60\/"]}]},{"@type":"ImageObject","inLanguage":"lt-LT","@id":"https:\/\/koitik.lt\/akvariumai\/produktas\/isorinis-akvariumo-filtras-oase-filtosmart-60\/#primaryimage","url":"https:\/\/koitik.lt\/akvariumai\/wp-content\/uploads\/2025\/09\/Isorinis-akvariumo-filtras-OASE-FiltoSmart-60-2.webp","contentUrl":"https:\/\/koitik.lt\/akvariumai\/wp-content\/uploads\/2025\/09\/Isorinis-akvariumo-filtras-OASE-FiltoSmart-60-2.webp","width":960,"height":960,"caption":"I\u0161orinis akvariumo filtras OASE FiltoSmart 60"},{"@type":"BreadcrumbList","@id":"https:\/\/koitik.lt\/akvariumai\/produktas\/isorinis-akvariumo-filtras-oase-filtosmart-60\/#breadcrumb","itemListElement":[{"@type":"ListItem","position":1,"name":"Namai","item":"https:\/\/koitik.lt\/akvariumai\/"},{"@type":"ListItem","position":2,"name":"Parduotuv\u0117","item":"https:\/\/koitik.lt\/akvariumai\/parduotuve\/"},{"@type":"ListItem","position":3,"name":"Akvariumo filtrai","item":"https:\/\/koitik.lt\/akvariumai\/produkto-kategorija\/akvariumo-filtrai\/"},{"@type":"ListItem","position":4,"name":"I\u0161orinis akvariumo filtras OASE FiltoSmart 60"}]},{"@type":"WebSite","@id":"https:\/\/koitik.lt\/akvariumai\/#website","url":"https:\/\/koitik.lt\/akvariumai\/","name":"koitik","description":"Akvariumai","publisher":{"@id":"https:\/\/koitik.lt\/akvariumai\/#organization"},"potentialAction":[{"@type":"SearchAction","target":{"@type":"EntryPoint","urlTemplate":"https:\/\/koitik.lt\/akvariumai\/?s={search_term_string}"},"query-input":{"@type":"PropertyValueSpecification","valueRequired":true,"valueName":"search_term_string"}}],"inLanguage":"lt-LT"},{"@type":"Organization","@id":"https:\/\/koitik.lt\/akvariumai\/#organization","name":"Akvariumai","url":"https:\/\/koitik.lt\/akvariumai\/","logo":{"@type":"ImageObject","inLanguage":"lt-LT","@id":"https:\/\/koitik.lt\/akvariumai\/#\/schema\/logo\/image\/","url":"https:\/\/koitik.lt\/akvariumai\/wp-content\/uploads\/2024\/09\/logo-green.webp","contentUrl":"https:\/\/koitik.lt\/akvariumai\/wp-content\/uploads\/2024\/09\/logo-green.webp","width":625,"height":625,"caption":"Akvariumai"},"image":{"@id":"https:\/\/koitik.lt\/akvariumai\/#\/schema\/logo\/image\/"},"sameAs":["https:\/\/www.facebook.com\/koitik.akvariumai","https:\/\/www.instagram.com\/koitik.akvariumai\/","https:\/\/www.linkedin.com\/company\/koitik\/","https:\/\/www.youtube.com\/@koitik"]}]}},"_links":{"self":[{"href":"https:\/\/koitik.lt\/akvariumai\/wp-json\/wp\/v2\/product\/4485","targetHints":{"allow":["GET"]}}],"collection":[{"href":"https:\/\/koitik.lt\/akvariumai\/wp-json\/wp\/v2\/product"}],"about":[{"href":"https:\/\/koitik.lt\/akvariumai\/wp-json\/wp\/v2\/types\/product"}],"replies":[{"embeddable":true,"href":"https:\/\/koitik.lt\/akvariumai\/wp-json\/wp\/v2\/comments?post=4485"}],"wp:featuredmedia":[{"embeddable":true,"href":"https:\/\/koitik.lt\/akvariumai\/wp-json\/wp\/v2\/media\/4488"}],"wp:attachment":[{"href":"https:\/\/koitik.lt\/akvariumai\/wp-json\/wp\/v2\/media?parent=4485"}],"wp:term":[{"taxonomy":"product_brand","embeddable":true,"href":"https:\/\/koitik.lt\/akvariumai\/wp-json\/wp\/v2\/product_brand?post=4485"},{"taxonomy":"product_cat","embeddable":true,"href":"https:\/\/koitik.lt\/akvariumai\/wp-json\/wp\/v2\/product_cat?post=4485"},{"taxonomy":"product_tag","embeddable":true,"href":"https:\/\/koitik.lt\/akvariumai\/wp-json\/wp\/v2\/product_tag?post=4485"}],"curies":[{"name":"wp","href":"https:\/\/api.w.org\/{rel}","templated":true}]}}