{"id":4509,"date":"2025-09-30T08:51:35","date_gmt":"2025-09-30T08:51:35","guid":{"rendered":"https:\/\/koitik.lt\/akvariumai\/?post_type=product&#038;p=4509"},"modified":"2025-09-30T08:54:52","modified_gmt":"2025-09-30T08:54:52","slug":"augalu-prieziuros-irankis-bioart-4-in-1-tool-kit","status":"publish","type":"product","link":"https:\/\/koitik.lt\/akvariumai\/produktas\/augalu-prieziuros-irankis-bioart-4-in-1-tool-kit\/","title":{"rendered":"Augal\u0173 prie\u017ei\u016bros \u012frankis BioArt 4-in-1 Tool Kit"},"content":{"rendered":"","protected":false},"excerpt":{"rendered":"<p data-start=\"187\" data-end=\"560\">Augal\u0173 prie\u017ei\u016bros \u012frankis<strong data-start=\"187\" data-end=\"213\"> BioArt 4-in-1 Tool Kit<\/strong> \u2013 tai universalus rinkinys, sukurtas patogiai akvariumo\/terariumo augal\u0173 prie\u017ei\u016brai. Komplekte yra visi pagrindiniai \u012frankiai, reikalingi sodinimui, formavimui, karpymui bei prie\u017ei\u016brai. Puikus pasirinkimas tiek pradedantiesiems, tiek patyrusiems, siekiantiems i\u0161laikyti esteti\u0161k\u0105 ir sveik\u0105 akvariumo ar trariumo augmenij\u0105.<\/p>\n<p dir=\"ltr\" data-placeholder=\"Vertimas\"><strong>Produkto savyb\u0117s:<\/strong><\/p>\n<ul>\n<li data-start=\"905\" data-end=\"971\">\n<p data-start=\"907\" data-end=\"971\">4 \u012frankiai viename rinkinyje \u2013 visapusi\u0161kai augal\u0173 prie\u017ei\u016brai.<\/p>\n<\/li>\n<li data-start=\"972\" data-end=\"1054\">\n<p data-start=\"974\" data-end=\"1054\">Auk\u0161tos kokyb\u0117s ner\u016bdijantis plienas \u2013 ilgaam\u017ei\u0161kumas ir atsparumas korozijai.<\/p>\n<\/li>\n<li data-start=\"1055\" data-end=\"1122\">\n<p data-start=\"1057\" data-end=\"1122\">Ergonomi\u0161kas dizainas \u2013 tikslus ir patogus naudojimas.<\/p>\n<\/li>\n<li data-start=\"1123\" data-end=\"1195\">\n<p data-start=\"1125\" data-end=\"1195\">Tinka tiek <strong data-start=\"1136\" data-end=\"1147\">sodinti<\/strong>, tiek <strong data-start=\"1154\" data-end=\"1165\">karpyti<\/strong>, tiek <strong data-start=\"1172\" data-end=\"1184\">formuoti<\/strong> augalus.<\/p>\n<\/li>\n<li data-start=\"1196\" data-end=\"1282\">\n<p data-start=\"1198\" data-end=\"1282\">Idealiai pritaikytas <strong data-start=\"1219\" data-end=\"1229\">BioArt<\/strong>\u00a0visiems <strong data-start=\"1253\" data-end=\"1268\">aquascaping<\/strong> projektams.<\/p>\n<\/li>\n<\/ul>\n","protected":false},"featured_media":4510,"comment_status":"open","ping_status":"closed","template":"","meta":{"_gspb_post_css":""},"product_brand":[370],"product_cat":[123],"product_tag":[432],"class_list":{"0":"post-4509","1":"product","2":"type-product","3":"status-publish","4":"has-post-thumbnail","6":"product_brand-bioart","7":"product_cat-valymo-reikmenys","8":"product_tag-bioart","9":"product_shipping_class-telpa","11":"first","12":"onbackorder","13":"taxable","14":"shipping-taxable","15":"purchasable","16":"product-type-simple"},"ct_brands":[{"id":370,"name":"BioArt","slug":"bioart"}],"yoast_head":"<!-- This site is optimized with the Yoast SEO plugin v27.4 - https:\/\/yoast.com\/product\/yoast-seo-wordpress\/ -->\n<title>Augal\u0173 prie\u017ei\u016bros \u012frankis BioArt 4-in-1 Tool Kit - Akvariumai namams<\/title>\n<meta name=\"description\" content=\"Augal\u0173 prie\u017ei\u016bros \u012frankis BioArt 4-in-1 Tool Kit \u2013 tai universalus rinkinys, sukurtas patogiai akvariumo\/terariumo augal\u0173 prie\u017ei\u016brai.\" \/>\n<meta name=\"robots\" content=\"index, follow, max-snippet:-1, max-image-preview:large, max-video-preview:-1\" \/>\n<link rel=\"canonical\" href=\"https:\/\/koitik.lt\/akvariumai\/produktas\/augalu-prieziuros-irankis-bioart-4-in-1-tool-kit\/\" \/>\n<meta property=\"og:locale\" content=\"lt_LT\" \/>\n<meta property=\"og:type\" content=\"article\" \/>\n<meta property=\"og:title\" content=\"Augal\u0173 prie\u017ei\u016bros \u012frankis BioArt 4-in-1 Tool Kit - Akvariumai namams\" \/>\n<meta property=\"og:description\" content=\"Augal\u0173 prie\u017ei\u016bros \u012frankis BioArt 4-in-1 Tool Kit \u2013 tai universalus rinkinys, sukurtas patogiai akvariumo\/terariumo augal\u0173 prie\u017ei\u016brai.\" \/>\n<meta property=\"og:url\" content=\"https:\/\/koitik.lt\/akvariumai\/produktas\/augalu-prieziuros-irankis-bioart-4-in-1-tool-kit\/\" \/>\n<meta property=\"og:site_name\" content=\"Akvariumai namams\" \/>\n<meta property=\"article:publisher\" content=\"https:\/\/www.facebook.com\/koitik.akvariumai\" \/>\n<meta property=\"article:modified_time\" content=\"2025-09-30T08:54:52+00:00\" \/>\n<meta property=\"og:image\" content=\"https:\/\/koitik.lt\/akvariumai\/wp-content\/uploads\/2025\/09\/Augalu-prieziuros-irankis-BioArt-4-in-1-Tool-Kit.webp\" \/>\n\t<meta property=\"og:image:width\" content=\"1050\" \/>\n\t<meta property=\"og:image:height\" content=\"1050\" \/>\n\t<meta property=\"og:image:type\" content=\"image\/webp\" \/>\n<meta name=\"twitter:card\" content=\"summary_large_image\" \/>\n<meta name=\"twitter:label1\" content=\"Est. reading time\" \/>\n\t<meta name=\"twitter:data1\" content=\"1 minut\u0117\" \/>\n<script type=\"application\/ld+json\" class=\"yoast-schema-graph\">{\"@context\":\"https:\\\/\\\/schema.org\",\"@graph\":[{\"@type\":[\"WebPage\",\"ItemPage\"],\"@id\":\"https:\\\/\\\/koitik.lt\\\/akvariumai\\\/produktas\\\/augalu-prieziuros-irankis-bioart-4-in-1-tool-kit\\\/\",\"url\":\"https:\\\/\\\/koitik.lt\\\/akvariumai\\\/produktas\\\/augalu-prieziuros-irankis-bioart-4-in-1-tool-kit\\\/\",\"name\":\"Augal\u0173 prie\u017ei\u016bros \u012frankis BioArt 4-in-1 Tool Kit - Akvariumai namams\",\"isPartOf\":{\"@id\":\"https:\\\/\\\/koitik.lt\\\/akvariumai\\\/#website\"},\"primaryImageOfPage\":{\"@id\":\"https:\\\/\\\/koitik.lt\\\/akvariumai\\\/produktas\\\/augalu-prieziuros-irankis-bioart-4-in-1-tool-kit\\\/#primaryimage\"},\"image\":{\"@id\":\"https:\\\/\\\/koitik.lt\\\/akvariumai\\\/produktas\\\/augalu-prieziuros-irankis-bioart-4-in-1-tool-kit\\\/#primaryimage\"},\"thumbnailUrl\":\"https:\\\/\\\/koitik.lt\\\/akvariumai\\\/wp-content\\\/uploads\\\/2025\\\/09\\\/Augalu-prieziuros-irankis-BioArt-4-in-1-Tool-Kit.webp\",\"datePublished\":\"2025-09-30T08:51:35+00:00\",\"dateModified\":\"2025-09-30T08:54:52+00:00\",\"description\":\"Augal\u0173 prie\u017ei\u016bros \u012frankis BioArt 4-in-1 Tool Kit \u2013 tai universalus rinkinys, sukurtas patogiai akvariumo\\\/terariumo augal\u0173 prie\u017ei\u016brai.\",\"breadcrumb\":{\"@id\":\"https:\\\/\\\/koitik.lt\\\/akvariumai\\\/produktas\\\/augalu-prieziuros-irankis-bioart-4-in-1-tool-kit\\\/#breadcrumb\"},\"inLanguage\":\"lt-LT\",\"potentialAction\":[{\"@type\":\"ReadAction\",\"target\":[\"https:\\\/\\\/koitik.lt\\\/akvariumai\\\/produktas\\\/augalu-prieziuros-irankis-bioart-4-in-1-tool-kit\\\/\"]}]},{\"@type\":\"ImageObject\",\"inLanguage\":\"lt-LT\",\"@id\":\"https:\\\/\\\/koitik.lt\\\/akvariumai\\\/produktas\\\/augalu-prieziuros-irankis-bioart-4-in-1-tool-kit\\\/#primaryimage\",\"url\":\"https:\\\/\\\/koitik.lt\\\/akvariumai\\\/wp-content\\\/uploads\\\/2025\\\/09\\\/Augalu-prieziuros-irankis-BioArt-4-in-1-Tool-Kit.webp\",\"contentUrl\":\"https:\\\/\\\/koitik.lt\\\/akvariumai\\\/wp-content\\\/uploads\\\/2025\\\/09\\\/Augalu-prieziuros-irankis-BioArt-4-in-1-Tool-Kit.webp\",\"width\":1050,\"height\":1050,\"caption\":\"Augal\u0173 prie\u017ei\u016bros \u012frankis BioArt 4-in-1 Tool Kit\"},{\"@type\":\"BreadcrumbList\",\"@id\":\"https:\\\/\\\/koitik.lt\\\/akvariumai\\\/produktas\\\/augalu-prieziuros-irankis-bioart-4-in-1-tool-kit\\\/#breadcrumb\",\"itemListElement\":[{\"@type\":\"ListItem\",\"position\":1,\"name\":\"Namai\",\"item\":\"https:\\\/\\\/koitik.lt\\\/akvariumai\\\/\"},{\"@type\":\"ListItem\",\"position\":2,\"name\":\"Parduotuv\u0117\",\"item\":\"https:\\\/\\\/koitik.lt\\\/akvariumai\\\/parduotuve\\\/\"},{\"@type\":\"ListItem\",\"position\":3,\"name\":\"Valymo reikmenys\",\"item\":\"https:\\\/\\\/koitik.lt\\\/akvariumai\\\/produkto-kategorija\\\/valymo-reikmenys\\\/\"},{\"@type\":\"ListItem\",\"position\":4,\"name\":\"Augal\u0173 prie\u017ei\u016bros \u012frankis BioArt 4-in-1 Tool Kit\"}]},{\"@type\":\"WebSite\",\"@id\":\"https:\\\/\\\/koitik.lt\\\/akvariumai\\\/#website\",\"url\":\"https:\\\/\\\/koitik.lt\\\/akvariumai\\\/\",\"name\":\"koitik\",\"description\":\"Akvariumai\",\"publisher\":{\"@id\":\"https:\\\/\\\/koitik.lt\\\/akvariumai\\\/#organization\"},\"potentialAction\":[{\"@type\":\"SearchAction\",\"target\":{\"@type\":\"EntryPoint\",\"urlTemplate\":\"https:\\\/\\\/koitik.lt\\\/akvariumai\\\/?s={search_term_string}\"},\"query-input\":{\"@type\":\"PropertyValueSpecification\",\"valueRequired\":true,\"valueName\":\"search_term_string\"}}],\"inLanguage\":\"lt-LT\"},{\"@type\":\"Organization\",\"@id\":\"https:\\\/\\\/koitik.lt\\\/akvariumai\\\/#organization\",\"name\":\"Akvariumai\",\"url\":\"https:\\\/\\\/koitik.lt\\\/akvariumai\\\/\",\"logo\":{\"@type\":\"ImageObject\",\"inLanguage\":\"lt-LT\",\"@id\":\"https:\\\/\\\/koitik.lt\\\/akvariumai\\\/#\\\/schema\\\/logo\\\/image\\\/\",\"url\":\"https:\\\/\\\/koitik.lt\\\/akvariumai\\\/wp-content\\\/uploads\\\/2024\\\/09\\\/logo-green.webp\",\"contentUrl\":\"https:\\\/\\\/koitik.lt\\\/akvariumai\\\/wp-content\\\/uploads\\\/2024\\\/09\\\/logo-green.webp\",\"width\":625,\"height\":625,\"caption\":\"Akvariumai\"},\"image\":{\"@id\":\"https:\\\/\\\/koitik.lt\\\/akvariumai\\\/#\\\/schema\\\/logo\\\/image\\\/\"},\"sameAs\":[\"https:\\\/\\\/www.facebook.com\\\/koitik.akvariumai\",\"https:\\\/\\\/www.instagram.com\\\/koitik.akvariumai\\\/\",\"https:\\\/\\\/www.linkedin.com\\\/company\\\/koitik\\\/\",\"https:\\\/\\\/www.youtube.com\\\/@koitik\"]}]}<\/script>\n<!-- \/ Yoast SEO plugin. -->","yoast_head_json":{"title":"Augal\u0173 prie\u017ei\u016bros \u012frankis BioArt 4-in-1 Tool Kit - Akvariumai namams","description":"Augal\u0173 prie\u017ei\u016bros \u012frankis BioArt 4-in-1 Tool Kit \u2013 tai universalus rinkinys, sukurtas patogiai akvariumo\/terariumo augal\u0173 prie\u017ei\u016brai.","robots":{"index":"index","follow":"follow","max-snippet":"max-snippet:-1","max-image-preview":"max-image-preview:large","max-video-preview":"max-video-preview:-1"},"canonical":"https:\/\/koitik.lt\/akvariumai\/produktas\/augalu-prieziuros-irankis-bioart-4-in-1-tool-kit\/","og_locale":"lt_LT","og_type":"article","og_title":"Augal\u0173 prie\u017ei\u016bros \u012frankis BioArt 4-in-1 Tool Kit - Akvariumai namams","og_description":"Augal\u0173 prie\u017ei\u016bros \u012frankis BioArt 4-in-1 Tool Kit \u2013 tai universalus rinkinys, sukurtas patogiai akvariumo\/terariumo augal\u0173 prie\u017ei\u016brai.","og_url":"https:\/\/koitik.lt\/akvariumai\/produktas\/augalu-prieziuros-irankis-bioart-4-in-1-tool-kit\/","og_site_name":"Akvariumai namams","article_publisher":"https:\/\/www.facebook.com\/koitik.akvariumai","article_modified_time":"2025-09-30T08:54:52+00:00","og_image":[{"width":1050,"height":1050,"url":"https:\/\/koitik.lt\/akvariumai\/wp-content\/uploads\/2025\/09\/Augalu-prieziuros-irankis-BioArt-4-in-1-Tool-Kit.webp","type":"image\/webp"}],"twitter_card":"summary_large_image","twitter_misc":{"Est. reading time":"1 minut\u0117"},"schema":{"@context":"https:\/\/schema.org","@graph":[{"@type":["WebPage","ItemPage"],"@id":"https:\/\/koitik.lt\/akvariumai\/produktas\/augalu-prieziuros-irankis-bioart-4-in-1-tool-kit\/","url":"https:\/\/koitik.lt\/akvariumai\/produktas\/augalu-prieziuros-irankis-bioart-4-in-1-tool-kit\/","name":"Augal\u0173 prie\u017ei\u016bros \u012frankis BioArt 4-in-1 Tool Kit - Akvariumai namams","isPartOf":{"@id":"https:\/\/koitik.lt\/akvariumai\/#website"},"primaryImageOfPage":{"@id":"https:\/\/koitik.lt\/akvariumai\/produktas\/augalu-prieziuros-irankis-bioart-4-in-1-tool-kit\/#primaryimage"},"image":{"@id":"https:\/\/koitik.lt\/akvariumai\/produktas\/augalu-prieziuros-irankis-bioart-4-in-1-tool-kit\/#primaryimage"},"thumbnailUrl":"https:\/\/koitik.lt\/akvariumai\/wp-content\/uploads\/2025\/09\/Augalu-prieziuros-irankis-BioArt-4-in-1-Tool-Kit.webp","datePublished":"2025-09-30T08:51:35+00:00","dateModified":"2025-09-30T08:54:52+00:00","description":"Augal\u0173 prie\u017ei\u016bros \u012frankis BioArt 4-in-1 Tool Kit \u2013 tai universalus rinkinys, sukurtas patogiai akvariumo\/terariumo augal\u0173 prie\u017ei\u016brai.","breadcrumb":{"@id":"https:\/\/koitik.lt\/akvariumai\/produktas\/augalu-prieziuros-irankis-bioart-4-in-1-tool-kit\/#breadcrumb"},"inLanguage":"lt-LT","potentialAction":[{"@type":"ReadAction","target":["https:\/\/koitik.lt\/akvariumai\/produktas\/augalu-prieziuros-irankis-bioart-4-in-1-tool-kit\/"]}]},{"@type":"ImageObject","inLanguage":"lt-LT","@id":"https:\/\/koitik.lt\/akvariumai\/produktas\/augalu-prieziuros-irankis-bioart-4-in-1-tool-kit\/#primaryimage","url":"https:\/\/koitik.lt\/akvariumai\/wp-content\/uploads\/2025\/09\/Augalu-prieziuros-irankis-BioArt-4-in-1-Tool-Kit.webp","contentUrl":"https:\/\/koitik.lt\/akvariumai\/wp-content\/uploads\/2025\/09\/Augalu-prieziuros-irankis-BioArt-4-in-1-Tool-Kit.webp","width":1050,"height":1050,"caption":"Augal\u0173 prie\u017ei\u016bros \u012frankis BioArt 4-in-1 Tool Kit"},{"@type":"BreadcrumbList","@id":"https:\/\/koitik.lt\/akvariumai\/produktas\/augalu-prieziuros-irankis-bioart-4-in-1-tool-kit\/#breadcrumb","itemListElement":[{"@type":"ListItem","position":1,"name":"Namai","item":"https:\/\/koitik.lt\/akvariumai\/"},{"@type":"ListItem","position":2,"name":"Parduotuv\u0117","item":"https:\/\/koitik.lt\/akvariumai\/parduotuve\/"},{"@type":"ListItem","position":3,"name":"Valymo reikmenys","item":"https:\/\/koitik.lt\/akvariumai\/produkto-kategorija\/valymo-reikmenys\/"},{"@type":"ListItem","position":4,"name":"Augal\u0173 prie\u017ei\u016bros \u012frankis BioArt 4-in-1 Tool Kit"}]},{"@type":"WebSite","@id":"https:\/\/koitik.lt\/akvariumai\/#website","url":"https:\/\/koitik.lt\/akvariumai\/","name":"koitik","description":"Akvariumai","publisher":{"@id":"https:\/\/koitik.lt\/akvariumai\/#organization"},"potentialAction":[{"@type":"SearchAction","target":{"@type":"EntryPoint","urlTemplate":"https:\/\/koitik.lt\/akvariumai\/?s={search_term_string}"},"query-input":{"@type":"PropertyValueSpecification","valueRequired":true,"valueName":"search_term_string"}}],"inLanguage":"lt-LT"},{"@type":"Organization","@id":"https:\/\/koitik.lt\/akvariumai\/#organization","name":"Akvariumai","url":"https:\/\/koitik.lt\/akvariumai\/","logo":{"@type":"ImageObject","inLanguage":"lt-LT","@id":"https:\/\/koitik.lt\/akvariumai\/#\/schema\/logo\/image\/","url":"https:\/\/koitik.lt\/akvariumai\/wp-content\/uploads\/2024\/09\/logo-green.webp","contentUrl":"https:\/\/koitik.lt\/akvariumai\/wp-content\/uploads\/2024\/09\/logo-green.webp","width":625,"height":625,"caption":"Akvariumai"},"image":{"@id":"https:\/\/koitik.lt\/akvariumai\/#\/schema\/logo\/image\/"},"sameAs":["https:\/\/www.facebook.com\/koitik.akvariumai","https:\/\/www.instagram.com\/koitik.akvariumai\/","https:\/\/www.linkedin.com\/company\/koitik\/","https:\/\/www.youtube.com\/@koitik"]}]}},"_links":{"self":[{"href":"https:\/\/koitik.lt\/akvariumai\/wp-json\/wp\/v2\/product\/4509","targetHints":{"allow":["GET"]}}],"collection":[{"href":"https:\/\/koitik.lt\/akvariumai\/wp-json\/wp\/v2\/product"}],"about":[{"href":"https:\/\/koitik.lt\/akvariumai\/wp-json\/wp\/v2\/types\/product"}],"replies":[{"embeddable":true,"href":"https:\/\/koitik.lt\/akvariumai\/wp-json\/wp\/v2\/comments?post=4509"}],"wp:featuredmedia":[{"embeddable":true,"href":"https:\/\/koitik.lt\/akvariumai\/wp-json\/wp\/v2\/media\/4510"}],"wp:attachment":[{"href":"https:\/\/koitik.lt\/akvariumai\/wp-json\/wp\/v2\/media?parent=4509"}],"wp:term":[{"taxonomy":"product_brand","embeddable":true,"href":"https:\/\/koitik.lt\/akvariumai\/wp-json\/wp\/v2\/product_brand?post=4509"},{"taxonomy":"product_cat","embeddable":true,"href":"https:\/\/koitik.lt\/akvariumai\/wp-json\/wp\/v2\/product_cat?post=4509"},{"taxonomy":"product_tag","embeddable":true,"href":"https:\/\/koitik.lt\/akvariumai\/wp-json\/wp\/v2\/product_tag?post=4509"}],"curies":[{"name":"wp","href":"https:\/\/api.w.org\/{rel}","templated":true}]}}