{"id":4587,"date":"2025-11-17T14:34:47","date_gmt":"2025-11-17T14:34:47","guid":{"rendered":"https:\/\/koitik.lt\/akvariumai\/?post_type=product&#038;p=4587"},"modified":"2025-11-17T14:34:47","modified_gmt":"2025-11-17T14:34:47","slug":"elektroninis-dovanu-kuponas","status":"publish","type":"product","link":"https:\/\/koitik.lt\/akvariumai\/produktas\/elektroninis-dovanu-kuponas\/","title":{"rendered":"Elektroninis dovan\u0173 kuponas"},"content":{"rendered":"","protected":false},"excerpt":{"rendered":"<p data-start=\"206\" data-end=\"447\">Ie\u0161kote dovanos, ta\u010diau i\u0161 gausyb\u0117s skirting\u0173 produkt\u0173 sud\u0117tinga i\u0161rinkti tinkamiausi\u0105? Dovan\u0173 kuponas \u0161iuo atveju &#8211; puikus pasirinkimas. \u0160i dovana, suteiks laisv\u0119 i\u0161sirinkti pa\u010diam, tai, ko labiausiai norisi ar reikia.<\/p>\n<p data-start=\"206\" data-end=\"447\">Dovan\u0173 kuponas galioja 1 metus nuo jo \u012fsigijimo datos visoms interneto svetain\u0117je esan\u010dioms prek\u0117ms. Dovan\u0173 kuponas PDF formatu, bus atsi\u0173stas jums el. pa\u0161tu po u\u017esakymo apmok\u0117jimo. Pra\u0161ome nurodyti tiksl\u0173 savo el. pa\u0161to adres\u0105.<\/p>\n<p><em><strong>Pastaba:<\/strong> \u012fsigydami dovan\u0173 kupon\u0105 pasirinkite prek\u0117s atsi\u0117mim\u0105 sand\u0117lyje.\u00a0<\/em><\/p>\n<h2 class=\"h1 mb-2\">Papildoma informacija:<\/h2>\n<ul>\n<li>Dovan\u0173 kuponas galioja apsiperkant internetin\u0117je parduotuv\u0117je www.koitik.lt arba www.koitik.lt\/akvariumai. Kupon\u0105 taip pat galite panaudoti atvykus \u012f parduotuv\u0119 adresu \u0160ak\u0117n\u0173 k. 12, \u0160ak\u0117nai LT-96292 Klaip\u0117dos raj.<\/li>\n<li>Dovan\u0173 kuponas galioja\u00a0vienam apsipirkimui.<\/li>\n<li>\u012esigyjant dovan\u0173 kupon\u0105, PVM s\u0105skaita fakt\u016bra n\u0117ra i\u0161ra\u0161oma.<\/li>\n<li>Jei paslaugos (-\u0173), u\u017e kuri\u0105(-as) atsiskaitoma dovan\u0173 kuponu, kaina yra didesn\u0117 nei dovan\u0173 kupono nominali vert\u0117, nurodyta ant dovan\u0173 kupono, tr\u016bkstam\u0105 sum\u0105 galima primok\u0117ti atsiskaitant, nurodytais b\u016bdais.<\/li>\n<li>Jei preki\u0173 suma nesiekia dovan\u0173 kupono vert\u0117s, skirtumas n\u0117ra gr\u0105\u017einamas.<\/li>\n<li>Jei dovan\u0173 kuponas nebuvo panaudotas galiojimo laikotarpiu, pinigai n\u0117ra gr\u0105\u017einami ir laikoma, kad prek\u0117 ar paslauga yra suteikta.<\/li>\n<li>Dovan\u0173 kuponas n\u0117ra kei\u010diamas \u012f pinigus.<\/li>\n<li>Dovan\u0173 kuponas negr\u0105\u017einamas.<\/li>\n<\/ul>\n<h3 data-start=\"449\" data-end=\"489\"><\/h3>\n","protected":false},"featured_media":4598,"comment_status":"open","ping_status":"closed","template":"","meta":{"_gspb_post_css":""},"product_brand":[],"product_cat":[348],"product_tag":[],"class_list":{"0":"post-4587","1":"product","2":"type-product","3":"status-publish","4":"has-post-thumbnail","6":"product_cat-turime-sandelyje","8":"first","9":"instock","10":"taxable","11":"shipping-taxable","12":"purchasable","13":"product-type-variable"},"ct_brands":[],"yoast_head":"<!-- This site is optimized with the Yoast SEO plugin v27.3 - https:\/\/yoast.com\/product\/yoast-seo-wordpress\/ -->\n<title>Elektroninis dovan\u0173 kuponas - Akvariumai namams<\/title>\n<meta name=\"robots\" content=\"index, follow, max-snippet:-1, max-image-preview:large, max-video-preview:-1\" \/>\n<link rel=\"canonical\" href=\"https:\/\/koitik.lt\/akvariumai\/produktas\/elektroninis-dovanu-kuponas\/\" \/>\n<meta property=\"og:locale\" content=\"lt_LT\" \/>\n<meta property=\"og:type\" content=\"article\" \/>\n<meta property=\"og:title\" content=\"Elektroninis dovan\u0173 kuponas - Akvariumai namams\" \/>\n<meta property=\"og:description\" content=\"Ie\u0161kote dovanos, ta\u010diau i\u0161 gausyb\u0117s skirting\u0173 produkt\u0173 sud\u0117tinga i\u0161rinkti tinkamiausi\u0105? Dovan\u0173 kuponas \u0161iuo atveju - puikus pasirinkimas. \u0160i dovana, suteiks laisv\u0119 i\u0161sirinkti pa\u010diam, tai, ko labiausiai norisi ar reikia. Dovan\u0173 kuponas galioja 1 metus nuo jo \u012fsigijimo datos visoms interneto svetain\u0117je esan\u010dioms prek\u0117ms. Dovan\u0173 kuponas PDF formatu, bus atsi\u0173stas jums el. pa\u0161tu po u\u017esakymo apmok\u0117jimo. Pra\u0161ome nurodyti tiksl\u0173 savo el. pa\u0161to adres\u0105. Pastaba: \u012fsigydami dovan\u0173 kupon\u0105 pasirinkite prek\u0117s atsi\u0117mim\u0105 sand\u0117lyje.\u00a0 Papildoma informacija:   Dovan\u0173 kuponas galioja apsiperkant internetin\u0117je parduotuv\u0117je www.koitik.lt arba www.koitik.lt\/akvariumai. Kupon\u0105 taip pat galite panaudoti atvykus \u012f parduotuv\u0119 adresu \u0160ak\u0117n\u0173 k. 12, \u0160ak\u0117nai LT-96292 Klaip\u0117dos raj.  Dovan\u0173 kuponas galioja\u00a0vienam apsipirkimui.  \u012esigyjant dovan\u0173 kupon\u0105, PVM s\u0105skaita fakt\u016bra n\u0117ra i\u0161ra\u0161oma.  Jei paslaugos (-\u0173), u\u017e kuri\u0105(-as) atsiskaitoma dovan\u0173 kuponu, kaina yra didesn\u0117 nei dovan\u0173 kupono nominali vert\u0117, nurodyta ant dovan\u0173 kupono, tr\u016bkstam\u0105 sum\u0105 galima primok\u0117ti atsiskaitant, nurodytais b\u016bdais.  Jei preki\u0173 suma nesiekia dovan\u0173 kupono vert\u0117s, skirtumas n\u0117ra gr\u0105\u017einamas.  Jei dovan\u0173 kuponas nebuvo panaudotas galiojimo laikotarpiu, pinigai n\u0117ra gr\u0105\u017einami ir laikoma, kad prek\u0117 ar paslauga yra suteikta.  Dovan\u0173 kuponas n\u0117ra kei\u010diamas \u012f pinigus.  Dovan\u0173 kuponas negr\u0105\u017einamas.\" \/>\n<meta property=\"og:url\" content=\"https:\/\/koitik.lt\/akvariumai\/produktas\/elektroninis-dovanu-kuponas\/\" \/>\n<meta property=\"og:site_name\" content=\"Akvariumai namams\" \/>\n<meta property=\"article:publisher\" content=\"https:\/\/www.facebook.com\/koitik.akvariumai\" \/>\n<meta property=\"og:image\" content=\"https:\/\/koitik.lt\/akvariumai\/wp-content\/uploads\/2025\/11\/Dovanu-kuponas-akvatiumo-prekems.webp\" \/>\n\t<meta property=\"og:image:width\" content=\"972\" \/>\n\t<meta property=\"og:image:height\" content=\"972\" \/>\n\t<meta property=\"og:image:type\" content=\"image\/webp\" \/>\n<meta name=\"twitter:card\" content=\"summary_large_image\" \/>\n<meta name=\"twitter:label1\" content=\"Est. reading time\" \/>\n\t<meta name=\"twitter:data1\" content=\"1 minut\u0117\" \/>\n<script type=\"application\/ld+json\" class=\"yoast-schema-graph\">{\"@context\":\"https:\\\/\\\/schema.org\",\"@graph\":[{\"@type\":[\"WebPage\",\"ItemPage\"],\"@id\":\"https:\\\/\\\/koitik.lt\\\/akvariumai\\\/produktas\\\/elektroninis-dovanu-kuponas\\\/\",\"url\":\"https:\\\/\\\/koitik.lt\\\/akvariumai\\\/produktas\\\/elektroninis-dovanu-kuponas\\\/\",\"name\":\"Elektroninis dovan\u0173 kuponas - Akvariumai namams\",\"isPartOf\":{\"@id\":\"https:\\\/\\\/koitik.lt\\\/akvariumai\\\/#website\"},\"primaryImageOfPage\":{\"@id\":\"https:\\\/\\\/koitik.lt\\\/akvariumai\\\/produktas\\\/elektroninis-dovanu-kuponas\\\/#primaryimage\"},\"image\":{\"@id\":\"https:\\\/\\\/koitik.lt\\\/akvariumai\\\/produktas\\\/elektroninis-dovanu-kuponas\\\/#primaryimage\"},\"thumbnailUrl\":\"https:\\\/\\\/koitik.lt\\\/akvariumai\\\/wp-content\\\/uploads\\\/2025\\\/11\\\/Dovanu-kuponas-akvatiumo-prekems.webp\",\"datePublished\":\"2025-11-17T14:34:47+00:00\",\"breadcrumb\":{\"@id\":\"https:\\\/\\\/koitik.lt\\\/akvariumai\\\/produktas\\\/elektroninis-dovanu-kuponas\\\/#breadcrumb\"},\"inLanguage\":\"lt-LT\",\"potentialAction\":[{\"@type\":\"ReadAction\",\"target\":[\"https:\\\/\\\/koitik.lt\\\/akvariumai\\\/produktas\\\/elektroninis-dovanu-kuponas\\\/\"]}]},{\"@type\":\"ImageObject\",\"inLanguage\":\"lt-LT\",\"@id\":\"https:\\\/\\\/koitik.lt\\\/akvariumai\\\/produktas\\\/elektroninis-dovanu-kuponas\\\/#primaryimage\",\"url\":\"https:\\\/\\\/koitik.lt\\\/akvariumai\\\/wp-content\\\/uploads\\\/2025\\\/11\\\/Dovanu-kuponas-akvatiumo-prekems.webp\",\"contentUrl\":\"https:\\\/\\\/koitik.lt\\\/akvariumai\\\/wp-content\\\/uploads\\\/2025\\\/11\\\/Dovanu-kuponas-akvatiumo-prekems.webp\",\"width\":972,\"height\":972,\"caption\":\"Dovan\u0173 kuponas akvatiumo prek\u0117ms\"},{\"@type\":\"BreadcrumbList\",\"@id\":\"https:\\\/\\\/koitik.lt\\\/akvariumai\\\/produktas\\\/elektroninis-dovanu-kuponas\\\/#breadcrumb\",\"itemListElement\":[{\"@type\":\"ListItem\",\"position\":1,\"name\":\"Namai\",\"item\":\"https:\\\/\\\/koitik.lt\\\/akvariumai\\\/\"},{\"@type\":\"ListItem\",\"position\":2,\"name\":\"Parduotuv\u0117\",\"item\":\"https:\\\/\\\/koitik.lt\\\/akvariumai\\\/parduotuve\\\/\"},{\"@type\":\"ListItem\",\"position\":3,\"name\":\"Turime sand\u0117lyje\",\"item\":\"https:\\\/\\\/koitik.lt\\\/akvariumai\\\/produkto-kategorija\\\/turime-sandelyje\\\/\"},{\"@type\":\"ListItem\",\"position\":4,\"name\":\"Elektroninis dovan\u0173 kuponas\"}]},{\"@type\":\"WebSite\",\"@id\":\"https:\\\/\\\/koitik.lt\\\/akvariumai\\\/#website\",\"url\":\"https:\\\/\\\/koitik.lt\\\/akvariumai\\\/\",\"name\":\"koitik\",\"description\":\"Akvariumai\",\"publisher\":{\"@id\":\"https:\\\/\\\/koitik.lt\\\/akvariumai\\\/#organization\"},\"potentialAction\":[{\"@type\":\"SearchAction\",\"target\":{\"@type\":\"EntryPoint\",\"urlTemplate\":\"https:\\\/\\\/koitik.lt\\\/akvariumai\\\/?s={search_term_string}\"},\"query-input\":{\"@type\":\"PropertyValueSpecification\",\"valueRequired\":true,\"valueName\":\"search_term_string\"}}],\"inLanguage\":\"lt-LT\"},{\"@type\":\"Organization\",\"@id\":\"https:\\\/\\\/koitik.lt\\\/akvariumai\\\/#organization\",\"name\":\"Akvariumai\",\"url\":\"https:\\\/\\\/koitik.lt\\\/akvariumai\\\/\",\"logo\":{\"@type\":\"ImageObject\",\"inLanguage\":\"lt-LT\",\"@id\":\"https:\\\/\\\/koitik.lt\\\/akvariumai\\\/#\\\/schema\\\/logo\\\/image\\\/\",\"url\":\"https:\\\/\\\/koitik.lt\\\/akvariumai\\\/wp-content\\\/uploads\\\/2024\\\/09\\\/logo-green.webp\",\"contentUrl\":\"https:\\\/\\\/koitik.lt\\\/akvariumai\\\/wp-content\\\/uploads\\\/2024\\\/09\\\/logo-green.webp\",\"width\":625,\"height\":625,\"caption\":\"Akvariumai\"},\"image\":{\"@id\":\"https:\\\/\\\/koitik.lt\\\/akvariumai\\\/#\\\/schema\\\/logo\\\/image\\\/\"},\"sameAs\":[\"https:\\\/\\\/www.facebook.com\\\/koitik.akvariumai\",\"https:\\\/\\\/www.instagram.com\\\/koitik.akvariumai\\\/\",\"https:\\\/\\\/www.linkedin.com\\\/company\\\/koitik\\\/\",\"https:\\\/\\\/www.youtube.com\\\/@koitik\"]}]}<\/script>\n<!-- \/ Yoast SEO plugin. -->","yoast_head_json":{"title":"Elektroninis dovan\u0173 kuponas - Akvariumai namams","robots":{"index":"index","follow":"follow","max-snippet":"max-snippet:-1","max-image-preview":"max-image-preview:large","max-video-preview":"max-video-preview:-1"},"canonical":"https:\/\/koitik.lt\/akvariumai\/produktas\/elektroninis-dovanu-kuponas\/","og_locale":"lt_LT","og_type":"article","og_title":"Elektroninis dovan\u0173 kuponas - Akvariumai namams","og_description":"Ie\u0161kote dovanos, ta\u010diau i\u0161 gausyb\u0117s skirting\u0173 produkt\u0173 sud\u0117tinga i\u0161rinkti tinkamiausi\u0105? Dovan\u0173 kuponas \u0161iuo atveju - puikus pasirinkimas. \u0160i dovana, suteiks laisv\u0119 i\u0161sirinkti pa\u010diam, tai, ko labiausiai norisi ar reikia. Dovan\u0173 kuponas galioja 1 metus nuo jo \u012fsigijimo datos visoms interneto svetain\u0117je esan\u010dioms prek\u0117ms. Dovan\u0173 kuponas PDF formatu, bus atsi\u0173stas jums el. pa\u0161tu po u\u017esakymo apmok\u0117jimo. Pra\u0161ome nurodyti tiksl\u0173 savo el. pa\u0161to adres\u0105. Pastaba: \u012fsigydami dovan\u0173 kupon\u0105 pasirinkite prek\u0117s atsi\u0117mim\u0105 sand\u0117lyje.\u00a0 Papildoma informacija:   Dovan\u0173 kuponas galioja apsiperkant internetin\u0117je parduotuv\u0117je www.koitik.lt arba www.koitik.lt\/akvariumai. Kupon\u0105 taip pat galite panaudoti atvykus \u012f parduotuv\u0119 adresu \u0160ak\u0117n\u0173 k. 12, \u0160ak\u0117nai LT-96292 Klaip\u0117dos raj.  Dovan\u0173 kuponas galioja\u00a0vienam apsipirkimui.  \u012esigyjant dovan\u0173 kupon\u0105, PVM s\u0105skaita fakt\u016bra n\u0117ra i\u0161ra\u0161oma.  Jei paslaugos (-\u0173), u\u017e kuri\u0105(-as) atsiskaitoma dovan\u0173 kuponu, kaina yra didesn\u0117 nei dovan\u0173 kupono nominali vert\u0117, nurodyta ant dovan\u0173 kupono, tr\u016bkstam\u0105 sum\u0105 galima primok\u0117ti atsiskaitant, nurodytais b\u016bdais.  Jei preki\u0173 suma nesiekia dovan\u0173 kupono vert\u0117s, skirtumas n\u0117ra gr\u0105\u017einamas.  Jei dovan\u0173 kuponas nebuvo panaudotas galiojimo laikotarpiu, pinigai n\u0117ra gr\u0105\u017einami ir laikoma, kad prek\u0117 ar paslauga yra suteikta.  Dovan\u0173 kuponas n\u0117ra kei\u010diamas \u012f pinigus.  Dovan\u0173 kuponas negr\u0105\u017einamas.","og_url":"https:\/\/koitik.lt\/akvariumai\/produktas\/elektroninis-dovanu-kuponas\/","og_site_name":"Akvariumai namams","article_publisher":"https:\/\/www.facebook.com\/koitik.akvariumai","og_image":[{"width":972,"height":972,"url":"https:\/\/koitik.lt\/akvariumai\/wp-content\/uploads\/2025\/11\/Dovanu-kuponas-akvatiumo-prekems.webp","type":"image\/webp"}],"twitter_card":"summary_large_image","twitter_misc":{"Est. reading time":"1 minut\u0117"},"schema":{"@context":"https:\/\/schema.org","@graph":[{"@type":["WebPage","ItemPage"],"@id":"https:\/\/koitik.lt\/akvariumai\/produktas\/elektroninis-dovanu-kuponas\/","url":"https:\/\/koitik.lt\/akvariumai\/produktas\/elektroninis-dovanu-kuponas\/","name":"Elektroninis dovan\u0173 kuponas - Akvariumai namams","isPartOf":{"@id":"https:\/\/koitik.lt\/akvariumai\/#website"},"primaryImageOfPage":{"@id":"https:\/\/koitik.lt\/akvariumai\/produktas\/elektroninis-dovanu-kuponas\/#primaryimage"},"image":{"@id":"https:\/\/koitik.lt\/akvariumai\/produktas\/elektroninis-dovanu-kuponas\/#primaryimage"},"thumbnailUrl":"https:\/\/koitik.lt\/akvariumai\/wp-content\/uploads\/2025\/11\/Dovanu-kuponas-akvatiumo-prekems.webp","datePublished":"2025-11-17T14:34:47+00:00","breadcrumb":{"@id":"https:\/\/koitik.lt\/akvariumai\/produktas\/elektroninis-dovanu-kuponas\/#breadcrumb"},"inLanguage":"lt-LT","potentialAction":[{"@type":"ReadAction","target":["https:\/\/koitik.lt\/akvariumai\/produktas\/elektroninis-dovanu-kuponas\/"]}]},{"@type":"ImageObject","inLanguage":"lt-LT","@id":"https:\/\/koitik.lt\/akvariumai\/produktas\/elektroninis-dovanu-kuponas\/#primaryimage","url":"https:\/\/koitik.lt\/akvariumai\/wp-content\/uploads\/2025\/11\/Dovanu-kuponas-akvatiumo-prekems.webp","contentUrl":"https:\/\/koitik.lt\/akvariumai\/wp-content\/uploads\/2025\/11\/Dovanu-kuponas-akvatiumo-prekems.webp","width":972,"height":972,"caption":"Dovan\u0173 kuponas akvatiumo prek\u0117ms"},{"@type":"BreadcrumbList","@id":"https:\/\/koitik.lt\/akvariumai\/produktas\/elektroninis-dovanu-kuponas\/#breadcrumb","itemListElement":[{"@type":"ListItem","position":1,"name":"Namai","item":"https:\/\/koitik.lt\/akvariumai\/"},{"@type":"ListItem","position":2,"name":"Parduotuv\u0117","item":"https:\/\/koitik.lt\/akvariumai\/parduotuve\/"},{"@type":"ListItem","position":3,"name":"Turime sand\u0117lyje","item":"https:\/\/koitik.lt\/akvariumai\/produkto-kategorija\/turime-sandelyje\/"},{"@type":"ListItem","position":4,"name":"Elektroninis dovan\u0173 kuponas"}]},{"@type":"WebSite","@id":"https:\/\/koitik.lt\/akvariumai\/#website","url":"https:\/\/koitik.lt\/akvariumai\/","name":"koitik","description":"Akvariumai","publisher":{"@id":"https:\/\/koitik.lt\/akvariumai\/#organization"},"potentialAction":[{"@type":"SearchAction","target":{"@type":"EntryPoint","urlTemplate":"https:\/\/koitik.lt\/akvariumai\/?s={search_term_string}"},"query-input":{"@type":"PropertyValueSpecification","valueRequired":true,"valueName":"search_term_string"}}],"inLanguage":"lt-LT"},{"@type":"Organization","@id":"https:\/\/koitik.lt\/akvariumai\/#organization","name":"Akvariumai","url":"https:\/\/koitik.lt\/akvariumai\/","logo":{"@type":"ImageObject","inLanguage":"lt-LT","@id":"https:\/\/koitik.lt\/akvariumai\/#\/schema\/logo\/image\/","url":"https:\/\/koitik.lt\/akvariumai\/wp-content\/uploads\/2024\/09\/logo-green.webp","contentUrl":"https:\/\/koitik.lt\/akvariumai\/wp-content\/uploads\/2024\/09\/logo-green.webp","width":625,"height":625,"caption":"Akvariumai"},"image":{"@id":"https:\/\/koitik.lt\/akvariumai\/#\/schema\/logo\/image\/"},"sameAs":["https:\/\/www.facebook.com\/koitik.akvariumai","https:\/\/www.instagram.com\/koitik.akvariumai\/","https:\/\/www.linkedin.com\/company\/koitik\/","https:\/\/www.youtube.com\/@koitik"]}]}},"_links":{"self":[{"href":"https:\/\/koitik.lt\/akvariumai\/wp-json\/wp\/v2\/product\/4587","targetHints":{"allow":["GET"]}}],"collection":[{"href":"https:\/\/koitik.lt\/akvariumai\/wp-json\/wp\/v2\/product"}],"about":[{"href":"https:\/\/koitik.lt\/akvariumai\/wp-json\/wp\/v2\/types\/product"}],"replies":[{"embeddable":true,"href":"https:\/\/koitik.lt\/akvariumai\/wp-json\/wp\/v2\/comments?post=4587"}],"wp:featuredmedia":[{"embeddable":true,"href":"https:\/\/koitik.lt\/akvariumai\/wp-json\/wp\/v2\/media\/4598"}],"wp:attachment":[{"href":"https:\/\/koitik.lt\/akvariumai\/wp-json\/wp\/v2\/media?parent=4587"}],"wp:term":[{"taxonomy":"product_brand","embeddable":true,"href":"https:\/\/koitik.lt\/akvariumai\/wp-json\/wp\/v2\/product_brand?post=4587"},{"taxonomy":"product_cat","embeddable":true,"href":"https:\/\/koitik.lt\/akvariumai\/wp-json\/wp\/v2\/product_cat?post=4587"},{"taxonomy":"product_tag","embeddable":true,"href":"https:\/\/koitik.lt\/akvariumai\/wp-json\/wp\/v2\/product_tag?post=4587"}],"curies":[{"name":"wp","href":"https:\/\/api.w.org\/{rel}","templated":true}]}}